{"id":4163,"date":"2026-03-01T09:18:10","date_gmt":"2026-03-01T09:18:10","guid":{"rendered":"https:\/\/swebalk.com\/?post_type=product&#038;p=4163"},"modified":"2026-03-01T09:29:12","modified_gmt":"2026-03-01T09:29:12","slug":"profilstalsaxar-bernardo-hps-60-90","status":"publish","type":"product","link":"https:\/\/swebalk.com\/en\/product\/profilstalsaxar-bernardo-hps-60-90\/","title":{"rendered":"Profilst\u00e5lsaxar Bernardo HPS 60 och 90"},"content":{"rendered":"<figure class=\"wp-block-table is-style-stripes has-small-font-size\">\r\n<p>Bernardo HPS 60 och 90, hydrauliskt drivna med <strong>tv\u00e5 cylindrar<\/strong>. Maskinen har 5 arbetsstationer: Plattst\u00e5l, L-st\u00e5l, Rund\/Fyrkantst\u00e5l, Slitsstans samt H\u00e5lstans. Man\u00f6vrering med tv\u00e5 fotpedaler.<\/p>\r\n<p>F\u00f6r mer information kontakta Swebalk<\/p>\r\n<\/figure>","protected":false},"excerpt":{"rendered":"<p>Bernardo HPS 60 och 90, hydrauliskt drivna med tv\u00e5 cylindrar. Maskinen har 5 arbetsstationer: Plattst\u00e5l, L-st\u00e5l, Rund\/Fyrkantst\u00e5l, Slitsstans samt H\u00e5lstans. Man\u00f6vrering med tv\u00e5 fotpedaler. F\u00f6r mer information kontakta Swebalk<\/p>","protected":false},"featured_media":4165,"comment_status":"open","ping_status":"closed","template":"","meta":{"_acf_changed":false},"product_brand":[],"product_cat":[54],"product_tag":[],"class_list":{"0":"post-4163","1":"product","2":"type-product","3":"status-publish","4":"has-post-thumbnail","6":"product_cat-plat-och-profilaxar","7":"post","8":"post-with-thumbnail","9":"post-with-thumbnail-large","11":"first","12":"instock","13":"shipping-taxable","14":"product-type-simple"},"acf":[],"_links":{"self":[{"href":"https:\/\/swebalk.com\/en\/wp-json\/wp\/v2\/product\/4163","targetHints":{"allow":["GET"]}}],"collection":[{"href":"https:\/\/swebalk.com\/en\/wp-json\/wp\/v2\/product"}],"about":[{"href":"https:\/\/swebalk.com\/en\/wp-json\/wp\/v2\/types\/product"}],"replies":[{"embeddable":true,"href":"https:\/\/swebalk.com\/en\/wp-json\/wp\/v2\/comments?post=4163"}],"wp:featuredmedia":[{"embeddable":true,"href":"https:\/\/swebalk.com\/en\/wp-json\/wp\/v2\/media\/4165"}],"wp:attachment":[{"href":"https:\/\/swebalk.com\/en\/wp-json\/wp\/v2\/media?parent=4163"}],"wp:term":[{"taxonomy":"product_brand","embeddable":true,"href":"https:\/\/swebalk.com\/en\/wp-json\/wp\/v2\/product_brand?post=4163"},{"taxonomy":"product_cat","embeddable":true,"href":"https:\/\/swebalk.com\/en\/wp-json\/wp\/v2\/product_cat?post=4163"},{"taxonomy":"product_tag","embeddable":true,"href":"https:\/\/swebalk.com\/en\/wp-json\/wp\/v2\/product_tag?post=4163"}],"curies":[{"name":"wp","href":"https:\/\/api.w.org\/{rel}","templated":true}]}}