{"id":4143,"date":"2026-02-08T19:53:07","date_gmt":"2026-02-08T19:53:07","guid":{"rendered":"https:\/\/swebalk.com\/?post_type=product&#038;p=4143"},"modified":"2026-02-08T20:01:45","modified_gmt":"2026-02-08T20:01:45","slug":"bandslipmaskin-arboga-75","status":"publish","type":"product","link":"https:\/\/swebalk.com\/en\/product\/bandslipmaskin-arboga-75\/","title":{"rendered":"Bandslipmaskin ARBOGA 75"},"content":{"rendered":"<div class=\"wp-block-columns\">\r\n<div class=\"wp-block-column\">\r\n<figure class=\"wp-block-image size-full\">\r\n<p><strong>Beskrivning<\/strong><\/p>\r\n<p>Bandslipmaskinerna modellerna ARBOGA 75 \u00e4r effektiva kvalitetsmaskiner med inbyggt dubbelt dammutsugssystem tillverkade i enlighet med de mest strikta milj\u00f6- och h\u00e4lso- och s\u00e4kerhetsf\u00f6reskrifterna.<\/p>\r\n<p>Standardmaskiner \u00e4r utrustade med motorbroms, justerbart n\u00f6dstopp, justerbart arbetsstycke st\u00f6d, \u00f6gonskydd, termisk \u00f6verbelastning, start och n\u00f6dstopp.<\/p>\r\n<p>Maskinerna \u00e4r l\u00e4mpliga f\u00f6r slipning av alla metaller, de \u00e4r CE-godk\u00e4nda och har l\u00e5g ljudniv\u00e5.<\/p>\r\n<p>\u2022 Kraftfulla motorer 4,1 eller 4,8 hk<\/p>\r\n<p>\u2022 5 \u00e5rs motorgaranti<\/p>\r\n<p>\u2022 Inbyggt dubbelt dammutsugssystem EX 16<\/p>\r\n<p>\u2022 Separat n\u00f6dstopp<\/p>\r\n<p>\u2022 Elektronisk motorbroms<\/p>\r\n<p>\u2022 Justerbart arbetsstycke st\u00f6d<\/p>\r\n<p>\u2022 \u00d6gonskydd<\/p>\r\n<p>\u2022 Arbetsh\u00f6jden kan st\u00e4llas in p\u00e5 det mest optimala l\u00e4get<\/p>\r\n<p>\u2022 Unik design f\u00f6r ren, snabb och s\u00e4ker slipning<\/p>\r\n<p>\u2022 Sj\u00e4lvjusterande b\u00e4ltesstr\u00e4ckare<\/p>\r\n<p>\u2022 Dansk toppkvalitet.<\/p>\r\n<table>\r\n<tbody>\r\n<tr>\r\n<td width=\"302\">\r\n<p><strong>Teknisk specifikation<\/strong><\/p>\r\n<\/td>\r\n<td width=\"302\">\r\n<p>&nbsp;<\/p>\r\n<\/td>\r\n<\/tr>\r\n<tr>\r\n<td width=\"302\">\r\n<p>Slipband dimension<\/p>\r\n<\/td>\r\n<td width=\"302\">\r\n<p>75 x 2000 mm<\/p>\r\n<\/td>\r\n<\/tr>\r\n<tr>\r\n<td width=\"302\">\r\n<p>Hastighet<\/p>\r\n<\/td>\r\n<td width=\"302\">\r\n<p>34 m\/sec.<\/p>\r\n<\/td>\r\n<\/tr>\r\n<tr>\r\n<td width=\"302\">\r\n<p>Kontakthjul \u00d8 x B<\/p>\r\n<\/td>\r\n<td width=\"302\">\r\n<p>200x75x20 mm<\/p>\r\n<\/td>\r\n<\/tr>\r\n<tr>\r\n<td width=\"302\">\r\n<p>Plan yta<\/p>\r\n<\/td>\r\n<td width=\"302\">\r\n<p>605 x 75 mm<\/p>\r\n<\/td>\r\n<\/tr>\r\n<tr>\r\n<td width=\"302\">\r\n<p>Utsugs effekt\u00a0\u00a0<\/p>\r\n<\/td>\r\n<td width=\"302\">\r\n<p>630 (m\u00b3\/h)<\/p>\r\n<\/td>\r\n<\/tr>\r\n<tr>\r\n<td width=\"302\">\r\n<p>Motoreffekt<\/p>\r\n<\/td>\r\n<td width=\"302\">\r\n<p>4,8 kW<\/p>\r\n<\/td>\r\n<\/tr>\r\n<tr>\r\n<td width=\"302\">\r\n<p>Volt<\/p>\r\n<\/td>\r\n<td width=\"302\">\r\n<p>400 V<\/p>\r\n<\/td>\r\n<\/tr>\r\n<tr>\r\n<td width=\"302\">\r\n<p>L\u00e4ngd<\/p>\r\n<\/td>\r\n<td width=\"302\">\r\n<p>1025 mm<\/p>\r\n<\/td>\r\n<\/tr>\r\n<tr>\r\n<td width=\"302\">\r\n<p>Bredd<\/p>\r\n<\/td>\r\n<td width=\"302\">\r\n<p>500 mm<\/p>\r\n<\/td>\r\n<\/tr>\r\n<tr>\r\n<td width=\"302\">\r\n<p>H\u00f6jd<\/p>\r\n<\/td>\r\n<td width=\"302\">\r\n<p>1000 mm<\/p>\r\n<\/td>\r\n<\/tr>\r\n<tr>\r\n<td width=\"302\">\r\n<p>Vikt<\/p>\r\n<\/td>\r\n<td width=\"302\">\r\n<p>91 kg<\/p>\r\n<\/td>\r\n<\/tr>\r\n<\/tbody>\r\n<\/table>\r\n<\/figure>\r\n<\/div>\r\n<\/div>\r\n\r\n\r\n\r\n<div class=\"wp-block-buttons is-layout-flex wp-block-buttons-is-layout-flex\">\r\n<div class=\"wp-block-button\"><a class=\"wp-block-button__link has-white-color has-vivid-red-background-color has-text-color has-background wp-element-button\" href=\"https:\/\/swebalk.com\/wp-content\/uploads\/2026\/02\/471232130.pdf\" target=\"_blank\" rel=\"noreferrer noopener\">Produktblad Arboga 75<\/a><\/div>\r\n<\/div>","protected":false},"excerpt":{"rendered":"<p>Beskrivning Bandslipmaskinerna modellerna ARBOGA 75 \u00e4r effektiva kvalitetsmaskiner med inbyggt dubbelt dammutsugssystem tillverkade i enlighet med de mest strikta milj\u00f6- och h\u00e4lso- och s\u00e4kerhetsf\u00f6reskrifterna. Standardmaskiner \u00e4r utrustade med motorbroms, justerbart n\u00f6dstopp, justerbart arbetsstycke st\u00f6d, \u00f6gonskydd, termisk \u00f6verbelastning, start och n\u00f6dstopp. Maskinerna \u00e4r l\u00e4mpliga f\u00f6r slipning av alla metaller, de \u00e4r CE-godk\u00e4nda och har l\u00e5g ljudniv\u00e5. [&hellip;]<\/p>\n","protected":false},"featured_media":4144,"comment_status":"closed","ping_status":"closed","template":"","meta":{"_acf_changed":false},"product_brand":[],"product_cat":[48],"product_tag":[],"class_list":{"0":"post-4143","1":"product","2":"type-product","3":"status-publish","4":"has-post-thumbnail","6":"product_cat-slipning","7":"post","8":"post-with-thumbnail","9":"post-with-thumbnail-large","11":"first","12":"instock","13":"shipping-taxable","14":"product-type-simple"},"acf":[],"_links":{"self":[{"href":"https:\/\/swebalk.com\/en\/wp-json\/wp\/v2\/product\/4143","targetHints":{"allow":["GET"]}}],"collection":[{"href":"https:\/\/swebalk.com\/en\/wp-json\/wp\/v2\/product"}],"about":[{"href":"https:\/\/swebalk.com\/en\/wp-json\/wp\/v2\/types\/product"}],"replies":[{"embeddable":true,"href":"https:\/\/swebalk.com\/en\/wp-json\/wp\/v2\/comments?post=4143"}],"wp:featuredmedia":[{"embeddable":true,"href":"https:\/\/swebalk.com\/en\/wp-json\/wp\/v2\/media\/4144"}],"wp:attachment":[{"href":"https:\/\/swebalk.com\/en\/wp-json\/wp\/v2\/media?parent=4143"}],"wp:term":[{"taxonomy":"product_brand","embeddable":true,"href":"https:\/\/swebalk.com\/en\/wp-json\/wp\/v2\/product_brand?post=4143"},{"taxonomy":"product_cat","embeddable":true,"href":"https:\/\/swebalk.com\/en\/wp-json\/wp\/v2\/product_cat?post=4143"},{"taxonomy":"product_tag","embeddable":true,"href":"https:\/\/swebalk.com\/en\/wp-json\/wp\/v2\/product_tag?post=4143"}],"curies":[{"name":"wp","href":"https:\/\/api.w.org\/{rel}","templated":true}]}}