{"id":4089,"date":"2025-07-06T06:52:01","date_gmt":"2025-07-06T06:52:01","guid":{"rendered":"https:\/\/swebalk.com\/?post_type=product&#038;p=4089"},"modified":"2025-07-11T06:24:55","modified_gmt":"2025-07-11T06:24:55","slug":"borr-och-frasmaskin-ima-i28u-iso30","status":"publish","type":"product","link":"https:\/\/swebalk.com\/en\/product\/borr-och-frasmaskin-ima-i28u-iso30\/","title":{"rendered":"Borr- och fr\u00e4smaskin IMA I28U ISO30"},"content":{"rendered":"<div class=\"wp-block-columns\">\r\n<div class=\"wp-block-column\">\r\n<figure class=\"wp-block-image size-full\">\r\n<table>\r\n<tbody>\r\n<tr>\r\n<td>Borrkapacitet<\/td>\r\n<td>25 \/ 28 mm<\/td>\r\n<\/tr>\r\n<tr>\r\n<td>G\u00e4ngkapacitet<\/td>\r\n<td>M16 \/ M20<\/td>\r\n<\/tr>\r\n<tr>\r\n<td>Planfr\u00e4sning<\/td>\r\n<td>Max \u00f8 35 mm max \u2193 1 mm max &lt; 80% &gt;<\/td>\r\n<\/tr>\r\n<tr>\r\n<td>Sp\u00e5rfr\u00e4sning<\/td>\r\n<td>max \u00f8 10 mm max \u2193 5 mm<\/td>\r\n<\/tr>\r\n<tr>\r\n<td>Arbetsbord\/T-sp\u00e5r<\/td>\r\n<td>584 x 242\/14 mm<\/td>\r\n<\/tr>\r\n<tr>\r\n<td>Arbetsbord r\u00f6relse X\/Y<\/td>\r\n<td>400 mm \/ 155 mm<\/td>\r\n<\/tr>\r\n<tr>\r\n<td>Pinol r\u00f6relse<\/td>\r\n<td>130 mm<\/td>\r\n<\/tr>\r\n<tr>\r\n<td>Varvtal<\/td>\r\n<td>105 v\/min \u2013 2900 v\/min<\/td>\r\n<\/tr>\r\n<tr>\r\n<td>Spindelkona<\/td>\r\n<td>ISO 30<\/td>\r\n<\/tr>\r\n<tr>\r\n<td>Djup<\/td>\r\n<td>940 mm<\/td>\r\n<\/tr>\r\n<tr>\r\n<td>Bredd<\/td>\r\n<td>884 mm<\/td>\r\n<\/tr>\r\n<tr>\r\n<td>H\u00f6jd<\/td>\r\n<td>1874 mm<\/td>\r\n<\/tr>\r\n<tr>\r\n<td>Vikt<\/td>\r\n<td>300 kg<\/td>\r\n<\/tr>\r\n<\/tbody>\r\n<\/table>\r\n<\/figure>\r\n<\/div>\r\n<\/div>\r\n<!-- \/wp:post-content -->\r\n\r\n<!-- wp:paragraph -->\r\n<p>IMA I28U ISO30 \u00e4r en uppgraderad modell av standardmodellen I28U 25 mm med f\u00f6ljande tillbeh\u00f6r som standard:<\/p>\r\n<ul>\r\n<li>ISO 30 kona.<\/li>\r\n<li>Automatisk maskinmatning f\u00f6r spindel<\/li>\r\n<li>Starkare motor 1,25 kW<\/li>\r\n<li>Automatisk matning f\u00f6r den l\u00e4ngsg\u00e5ende r\u00f6relsen<\/li>\r\n<li>3-axlig digital avl\u00e4sning DRO.<\/li>\r\n<\/ul>\r\n<p>Maskinen \u00e4r l\u00e4mpad f\u00f6r borrning, brotschning, g\u00e4ngning och fr\u00e4sning. Borrhuvudet \u00e4r h\u00f6j- och s\u00e4nkbart och kan snedst\u00e4llas 0-45\u00b0 \u00e5t b\u00e5da h\u00e5ll. \u00d6nskad vinkel kan st\u00e4llas in mot en graderad bricka.<\/p>\r\n<!-- \/wp:paragraph -->\r\n\r\n<!-- wp:paragraph -->\r\n<p>Borrskydd med mikrobrytare \u00e4r standard inom CE-omr\u00e5de.<\/p>\r\n<p><strong>OBS! Bilden visar grundmodellen I28U och \u00e4r inte original bild av uppgraderade modellen I28U ISO30<\/strong><\/p>\r\n<!-- \/wp:paragraph -->\r\n\r\n<!-- wp:buttons -->\r\n<div class=\"wp-block-buttons\"><!-- wp:button {\"backgroundColor\":\"vivid-red\",\"textColor\":\"white\",\"width\":50} -->\r\n<div class=\"wp-block-button has-custom-width wp-block-button__width-50\"><a class=\"wp-block-button__link has-white-color has-vivid-red-background-color has-text-color has-background wp-element-button\" href=\"https:\/\/swebalk.com\/wp-content\/uploads\/2025\/07\/134104030-I28U-ISO30.pdf\" target=\"_blank\" rel=\"noreferrer noopener\">Produktblad I28U ISO30<\/a><\/div>\r\n<!-- \/wp:button --><\/div>\r\n<!-- \/wp:buttons -->","protected":false},"excerpt":{"rendered":"<p>Borrkapacitet 25 \/ 28 mm G\u00e4ngkapacitet M16 \/ M20 Planfr\u00e4sning Max \u00f8 35 mm max \u2193 1 mm max &lt; 80% &gt; Sp\u00e5rfr\u00e4sning max \u00f8 10 mm max \u2193 5 mm Arbetsbord\/T-sp\u00e5r 584 x 242\/14 mm Arbetsbord r\u00f6relse X\/Y 400 mm \/ 155 mm Pinol r\u00f6relse 130 mm Varvtal 105 v\/min \u2013 2900 v\/min Spindelkona [&hellip;]<\/p>\n","protected":false},"featured_media":2613,"comment_status":"open","ping_status":"closed","template":"","meta":{"_acf_changed":false},"product_brand":[],"product_cat":[31],"product_tag":[],"class_list":{"0":"post-4089","1":"product","2":"type-product","3":"status-publish","4":"has-post-thumbnail","6":"product_cat-borrning","7":"post","8":"post-with-thumbnail","9":"post-with-thumbnail-large","11":"first","12":"instock","13":"shipping-taxable","14":"product-type-simple"},"acf":[],"_links":{"self":[{"href":"https:\/\/swebalk.com\/en\/wp-json\/wp\/v2\/product\/4089","targetHints":{"allow":["GET"]}}],"collection":[{"href":"https:\/\/swebalk.com\/en\/wp-json\/wp\/v2\/product"}],"about":[{"href":"https:\/\/swebalk.com\/en\/wp-json\/wp\/v2\/types\/product"}],"replies":[{"embeddable":true,"href":"https:\/\/swebalk.com\/en\/wp-json\/wp\/v2\/comments?post=4089"}],"wp:featuredmedia":[{"embeddable":true,"href":"https:\/\/swebalk.com\/en\/wp-json\/wp\/v2\/media\/2613"}],"wp:attachment":[{"href":"https:\/\/swebalk.com\/en\/wp-json\/wp\/v2\/media?parent=4089"}],"wp:term":[{"taxonomy":"product_brand","embeddable":true,"href":"https:\/\/swebalk.com\/en\/wp-json\/wp\/v2\/product_brand?post=4089"},{"taxonomy":"product_cat","embeddable":true,"href":"https:\/\/swebalk.com\/en\/wp-json\/wp\/v2\/product_cat?post=4089"},{"taxonomy":"product_tag","embeddable":true,"href":"https:\/\/swebalk.com\/en\/wp-json\/wp\/v2\/product_tag?post=4089"}],"curies":[{"name":"wp","href":"https:\/\/api.w.org\/{rel}","templated":true}]}}