{"id":3756,"date":"2025-04-13T17:50:47","date_gmt":"2025-04-13T17:50:47","guid":{"rendered":"https:\/\/swebalk.com\/?post_type=product&#038;p=3756"},"modified":"2025-06-06T12:58:07","modified_gmt":"2025-06-06T12:58:07","slug":"universal-svarv-zmm-cu-325","status":"publish","type":"product","link":"https:\/\/swebalk.com\/en\/product\/universal-svarv-zmm-cu-325\/","title":{"rendered":"Universal Svarv ZMM CU325"},"content":{"rendered":"<p>Tung och kraftig b\u00e4dd av gjutj\u00e4rn med dubbla prismatiska slipade styr banor. Spindeln \u00e4r h\u00e4rdad, exakt slipad och balanserad. V\u00e4xell\u00e5da med slipade kugghjulen av induktionsh\u00e4rdade st\u00e5l ger en icke-vibrerande och exakt operation medan svarvar bearbetar i h\u00f6g hastighet eller under tung bearbetning. Snabb mattning i b\u00e5da axlar med inbyggd s\u00e4kerhetsmekanism mot \u00f6verbelastning.<\/p>\r\n<p><strong>RD modellen<\/strong> till skillnad fr\u00e5n universalsvarvar \u00e4r varvtalsregleringen h\u00e4r stegl\u00f6st variabel genom anv\u00e4ndning av en frekvensomriktare.<\/p>\r\n<p>Det \u00e4r m\u00f6jligt att tillhandah\u00e5lla en &#8221;Kontinuerlig sk\u00e4rhastighet&#8221; (V-const), dvs sk\u00e4rhastigheten bibeh\u00e5lls under en f\u00f6r\u00e4ndring av svarvdiametern, vilket uppn\u00e5r h\u00f6gre precision och j\u00e4mnhet p\u00e5 ytan. Efter kundens \u00f6nskem\u00e5l kan maskinerna implementeras, med h\u00e4nsyn till den linj\u00e4ra f\u00f6rskjutningen och positioneringen genom installation av en digital indikering.<\/p>\r\n<div class=\"description-table-wrapper\"><table class=\"description-table\"><thead><tr><th>Modell<\/th><th>Art. 1913250750 CU325 (RD) - 750<\/th><th>Art. 1913251000 CU325 (RD) - 1000<\/th><\/tr><\/thead><tbody><tr><td class=\"left-align\">Dubb avst\u00e5nd<\/td><td>750 mm<\/td><td>1000 mm<\/td><\/tr><tr><td class=\"left-align\">Dubb h\u00f6jd<\/td><td>165 mm<\/td><td>165 mm<\/td><\/tr><tr><td class=\"left-align\">Svarvdiameter \u00f6ver b\u00e4dd<\/td><td>325 mm<\/td><td>325 mm<\/td><\/tr><tr><td class=\"left-align\">Svarvdiameter \u00f6ver tv\u00e4rlid<\/td><td>190 mm<\/td><td>190 mm<\/td><\/tr><tr><td class=\"left-align\">Svarvdiameter i gap<\/td><td>x<\/td><td>440 mm<\/td><\/tr><tr><td class=\"left-align\">Spindel varvtal (antal v\u00e4xlar)<\/td><td>85-2000 v\/min (12)<\/td><td>85-2000 v\/min (12)<\/td><\/tr><tr><td class=\"left-align\">Spindel varvtal RD - Varibel<\/td><td>85 - 405; 470 \u2013 2200 (2)<\/td><td>85 - 405; 470 \u2013 2200 (2)<\/td><\/tr><tr><td class=\"left-align\">Spindelgenomg\u00e5ng<\/td><td>32 mm<\/td><td>32 mm<\/td><\/tr><tr><td class=\"left-align\">Spindelnos montering<\/td><td>No. 5<\/td><td>No. 5<\/td><\/tr><tr><td class=\"left-align\">L\u00e4ngdmatning<\/td><td>0,006 - 1,77 mm\/varv<\/td><td>0,006 - 1,77 mm\/varv<\/td><\/tr><tr><td class=\"left-align\">Tv\u00e4rmatning<\/td><td>0,003 - 0,885 mm\/varv<\/td><td>0,003 - 0,885 mm\/varv<\/td><\/tr><tr><td class=\"left-align\">Tv\u00e4rslidsr\u00f6relse<\/td><td>150 mm<\/td><td>150 mm<\/td><\/tr><tr><td class=\"left-align\">Toppslidsr\u00f6relse<\/td><td>95 mm<\/td><td>95 mm<\/td><\/tr><tr><td class=\"left-align\">G\u00e4ngning Metrisk<\/td><td>( 48 ) 0,1 - 28 mm<\/td><td>( 48 ) 0,1 - 28 mm<\/td><\/tr><tr><td class=\"left-align\">G\u00e4ngning Tum<\/td><td>( 53 ) 75 - 2,5 Tpi<\/td><td>( 53 ) 75 - 2,5 Tpi<\/td><\/tr><tr><td class=\"left-align\">G\u00e4ngning Modul<\/td><td>( 19 ) 0,1 - 1,75 Module<\/td><td>( 19 ) 0,1 - 1,75 Module<\/td><\/tr><tr><td class=\"left-align\">G\u00e4ngning DP<\/td><td>( 19 ) 70 - 4 DP<\/td><td>( 19 ) 70 - 4 DP<\/td><\/tr><tr><td class=\"left-align\">Kona i dubbdocka<\/td><td>MK 3<\/td><td>MK 3<\/td><\/tr><tr><td class=\"left-align\">Pinoldiameter<\/td><td>40 mm<\/td><td>40 mm<\/td><\/tr><tr><td class=\"left-align\">Pinolr\u00f6relse<\/td><td>100 mm<\/td><td>100 mm<\/td><\/tr><tr><td class=\"left-align\">Motor effekt<\/td><td>2,2 kW<\/td><td>2,2 kW<\/td><\/tr><tr><td class=\"left-align\">Maskin dimension<\/td><td>1,9 x 0,8 x 1,55 m<\/td><td>2,2 x 0,8 x 1,55 m<\/td><\/tr><tr><td class=\"left-align\">Vikt<\/td><td>720 kg<\/td><td>780 kg<\/td><\/tr><\/tbody><\/table><\/div>\r\n<div class=\"standard-equipment-block\"><h3>\ud83d\udee0\ufe0f Standardutrustning<\/h3><table class=\"custom-table\"><thead><tr><th>Utrustning<\/th><th>Enhet<\/th><th>Specifikation<\/th><\/tr><\/thead><tbody><tr><td>\u2714\ufe0f Elf\u00f6rs\u00f6rjning<\/td><td>V, ph, Hz<\/td><td>380-440, 3, 50\/60<\/td><\/tr><tr><td>\u2714\ufe0f Huvud motor<\/td><td>kW<\/td><td>2.2<\/td><\/tr><tr><td>\u2714\ufe0f Elektrodynamisk broms<\/td><td>st.<\/td><td>nej<\/td><\/tr><tr><td>\u2714\ufe0f Spindelgenomg\u00e5ng<\/td><td>mm<\/td><td>32<\/td><\/tr><tr><td>\u2714\ufe0f Spindelnos DIN 55027<\/td><td>Nr.<\/td><td>5<\/td><\/tr><tr><td>\u2714\ufe0f El. sk\u00e5p med kontrollpanel<\/td><td>st.<\/td><td>1<\/td><\/tr><tr><td>\u2714\ufe0f Kylv\u00e4tskesystem med el. pump<\/td><td>st.<\/td><td>1<\/td><\/tr><tr><td>\u2714\ufe0f Maskinbelysning<\/td><td>st.<\/td><td>1<\/td><\/tr><tr><td>\u2714\ufe0f 4-v\u00e4gs snabbmattning<\/td><td>st.<\/td><td>nej<\/td><\/tr><tr><td>\u2714\ufe0f Fl\u00e4ns f\u00e4rdigbearbetad f\u00f6r chuck DIN 6350<\/td><td>mm<\/td><td>160<\/td><\/tr><tr><td>\u2714\ufe0f Bakre st\u00e4nkskydd<\/td><td>st.<\/td><td>1<\/td><\/tr><tr><td>\u2714\ufe0f Ledarskruv och axelskydd<\/td><td>st.<\/td><td>1<\/td><\/tr><tr><td>\u2714\ufe0f Chuckskydd<\/td><td>st.<\/td><td>1<\/td><\/tr><tr><td>\u2714\ufe0f Sp\u00e5n- och verktygsh\u00e5llarskydd<\/td><td>st.<\/td><td>1<\/td><\/tr><tr><td>\u2714\ufe0f &quot;V&quot;-remmar<\/td><td>st.<\/td><td>3<\/td><\/tr><tr><td>\u2714\ufe0f Kugghjul<\/td><td>st.<\/td><td>11<\/td><\/tr><tr><td>\u2714\ufe0f Nivelleringsbultar och -plattor<\/td><td>Set<\/td><td>1<\/td><\/tr><tr><td>\u2714\ufe0f Fundament (f\u00f6rankring) bultar<\/td><td>Set<\/td><td>1<\/td><\/tr><tr><td>\u2714\ufe0f Svarvdubb (fast)<\/td><td>Set<\/td><td>1<\/td><\/tr><tr><td>\u2714\ufe0f Spindeladapterhylsa<\/td><td>Set<\/td><td>1<\/td><\/tr><tr><td>\u2714\ufe0f Fyra positioner toolfix med nyckel<\/td><td>st.<\/td><td>1<\/td><\/tr><tr><td>\u2714\ufe0f L\u00e4ngdstopp<\/td><td>st.<\/td><td>option<\/td><\/tr><tr><td>\u2714\ufe0f Dubbdocka snabbkopplande<\/td><td>st.<\/td><td>1<\/td><\/tr><tr><td>\u2714\ufe0f Verktygsl\u00e5da<\/td><td>st.<\/td><td>1<\/td><\/tr><tr><td>\u2714\ufe0f F\u00f6rpackning med plastk\u00e5pa<\/td><td>st.<\/td><td>1<\/td><\/tr><tr><td>\u2714\ufe0f Manuall<\/td><td>st.<\/td><td>1<\/td><\/tr><\/tbody><\/table><\/div>\r\n<p><strong>*Standard utf\u00f6rande. Annan typ av elf\u00f6rs\u00f6rjning kan offereras p\u00e5 beg\u00e4ran.<\/strong><\/p>\r\n<div class=\"optional-equipment-table-wrapper\"><h3>\u2728 Tillvalsutrustning:<\/h3><table class=\"optional-equipment-table\"><tr><th>Beskrivning<\/th><th>Enhet<\/th><th>Specifikation<\/th><\/tr><tr><td style=\"text-align: center;\">Sj\u00e4lvcentrerande 3-backchuck typ 3204\/DIN 6350, m\u00e4rke Bison<\/td><td style=\"text-align: left;\">mm<\/td><td style=\"text-align: center;\">160<\/td><\/tr><tr><td style=\"text-align: center;\">4-backchuck oberoend typ 4334 (direkt passande DIN 55027), m\u00e4rke Bison<\/td><td style=\"text-align: left;\">mm<\/td><td style=\"text-align: center;\">250-5<\/td><\/tr><tr><td style=\"text-align: center;\">4-backchuck oberoend (direkt passande Cam-lock spindel se alternativet 25)<\/td><td style=\"text-align: left;\">mm<\/td><td style=\"text-align: center;\">250-5<\/td><\/tr><tr><td style=\"text-align: center;\">Planskiva utan backar - passande DIN 55027 eller Camlock spindel<\/td><td style=\"text-align: left;\">mm<\/td><td style=\"text-align: center;\">296<\/td><\/tr><tr><td style=\"text-align: center;\">St\u00f6ddocka medl\u00f6pande<\/td><td style=\"text-align: left;\">mm<\/td><td style=\"text-align: center;\">10~70<\/td><\/tr><tr><td style=\"text-align: center;\">St\u00f6ddocka fast (liten storlek med platta fj\u00e4drar)<\/td><td style=\"text-align: left;\">mm<\/td><td style=\"text-align: center;\">10~70<\/td><\/tr><tr><td style=\"text-align: center;\">L\u00e4ngdstopp<\/td><td style=\"text-align: left;\">st.<\/td><td style=\"text-align: center;\">ja<\/td><\/tr><tr><td style=\"text-align: center;\">G\u00e4ngklocka<\/td><td style=\"text-align: left;\">st.<\/td><td style=\"text-align: center;\">ja<\/td><\/tr><tr><td style=\"text-align: center;\">Fotbroms - 750 mm<\/td><td style=\"text-align: left;\">st.<\/td><td style=\"text-align: center;\">ja<\/td><\/tr><tr><td style=\"text-align: center;\">Fotbroms - 1000 mm<\/td><td style=\"text-align: left;\">st.<\/td><td style=\"text-align: center;\">ja<\/td><\/tr><tr><td style=\"text-align: center;\">Cam-lock spindelutf\u00f6rande<\/td><td style=\"text-align: left;\">st.<\/td><td style=\"text-align: center;\">ja<\/td><\/tr><tr><td style=\"text-align: center;\">Snabbf\u00e4ste f\u00f6r svarvstyck\u00e5lsh\u00e5llare A*<\/td><td style=\"text-align: left;\">st.<\/td><td style=\"text-align: center;\">ja<\/td><\/tr><tr><td style=\"text-align: center;\">Svarvb\u00e4dd mellanrum endast 1000mm<\/td><td style=\"text-align: left;\">st.<\/td><td style=\"text-align: center;\">ja<\/td><\/tr><\/table><\/div>\r\n\r\n<p class=\"is-layout-flex wp-block-buttons-is-layout-flex\"><strong>*Snabbverktygsh\u00e5llare ist\u00e4llet f\u00f6r standard 4-positionsverktyg Toolfix. Typ &#8221;Multifix&#8221;, m\u00e4rke Amestra-Germany, Original Multi Suisse. Inkluderar 4 verktygsh\u00e5llare: 3 verktygsh\u00e5llare f\u00f6r rektangul\u00e4rt skaft och 1 verktygsh\u00e5llare f\u00f6r runt skaft.<\/strong><\/p>\r\n<p>Elsk\u00e5pet \u00e4r demonterbart med 1500 mm kabel d\u00e5 maskinen \u00f6nskas placeras mot v\u00e4gg.<\/p>\r\n<div>Digital avl\u00e4sning (DRO) 2- eller 3-axlig finns som tillval f\u00f6r samtliga ZMM svarvar<\/div>\r\n<div>\u00a0<\/div>\r\n<div class=\"wp-block-buttons\">\r\n<div class=\"wp-block-button\"><a class=\"wp-block-button__link has-white-color has-vivid-red-background-color has-text-color has-background wp-element-button\" href=\"https:\/\/swebalk.com\/wp-content\/uploads\/2025\/06\/CU-325-RD.pdf\" target=\"_blank\" rel=\"noreferrer noopener\">Produktblad CU 325<\/a><\/div>\r\n<div>\u00a0<\/div>\r\n<\/div>\r\n<div>\u00a0<\/div>","protected":false},"excerpt":{"rendered":"<p>Tung och kraftig b\u00e4dd av gjutj\u00e4rn med dubbla prismatiska slipade styr banor. Spindeln \u00e4r h\u00e4rdad, exakt slipad och balanserad. V\u00e4xell\u00e5da med slipade kugghjulen av induktionsh\u00e4rdade st\u00e5l ger en icke-vibrerande och exakt operation medan svarvar bearbetar i h\u00f6g hastighet eller under tung bearbetning. Snabb mattning i b\u00e5da axlar med inbyggd s\u00e4kerhetsmekanism mot \u00f6verbelastning. RD modellen till [&hellip;]<\/p>\n","protected":false},"featured_media":3759,"comment_status":"open","ping_status":"closed","template":"","meta":{"_acf_changed":false},"product_brand":[],"product_cat":[50],"product_tag":[],"class_list":{"0":"post-3756","1":"product","2":"type-product","3":"status-publish","4":"has-post-thumbnail","6":"product_cat-svarvning","7":"post","8":"post-with-thumbnail","9":"post-with-thumbnail-large","11":"first","12":"instock","13":"shipping-taxable","14":"product-type-simple"},"acf":[],"_links":{"self":[{"href":"https:\/\/swebalk.com\/en\/wp-json\/wp\/v2\/product\/3756","targetHints":{"allow":["GET"]}}],"collection":[{"href":"https:\/\/swebalk.com\/en\/wp-json\/wp\/v2\/product"}],"about":[{"href":"https:\/\/swebalk.com\/en\/wp-json\/wp\/v2\/types\/product"}],"replies":[{"embeddable":true,"href":"https:\/\/swebalk.com\/en\/wp-json\/wp\/v2\/comments?post=3756"}],"wp:featuredmedia":[{"embeddable":true,"href":"https:\/\/swebalk.com\/en\/wp-json\/wp\/v2\/media\/3759"}],"wp:attachment":[{"href":"https:\/\/swebalk.com\/en\/wp-json\/wp\/v2\/media?parent=3756"}],"wp:term":[{"taxonomy":"product_brand","embeddable":true,"href":"https:\/\/swebalk.com\/en\/wp-json\/wp\/v2\/product_brand?post=3756"},{"taxonomy":"product_cat","embeddable":true,"href":"https:\/\/swebalk.com\/en\/wp-json\/wp\/v2\/product_cat?post=3756"},{"taxonomy":"product_tag","embeddable":true,"href":"https:\/\/swebalk.com\/en\/wp-json\/wp\/v2\/product_tag?post=3756"}],"curies":[{"name":"wp","href":"https:\/\/api.w.org\/{rel}","templated":true}]}}