{"id":3745,"date":"2025-02-09T10:01:22","date_gmt":"2025-02-09T10:01:22","guid":{"rendered":"https:\/\/swebalk.com\/?post_type=product&#038;p=3745"},"modified":"2025-02-09T12:24:48","modified_gmt":"2025-02-09T12:24:48","slug":"kantmaskin-superflex-hs-2a-3sh-och-hs-3-3sh","status":"publish","type":"product","link":"https:\/\/swebalk.com\/en\/product\/kantmaskin-superflex-hs-2a-3sh-och-hs-3-3sh\/","title":{"rendered":"Kantmaskin SUPERFLEX HM HS-2A-3SH och HS-3-3SH"},"content":{"rendered":"<table>\r\n<thead>\r\n<tr>\r\n<th class=\"block-editor-rich-text__editable wp-block-table__cell-content rich-text\" role=\"textbox\" contenteditable=\"true\" aria-multiline=\"true\" aria-label=\"Rubrikcellens text\">Modell<\/th>\r\n<th class=\"block-editor-rich-text__editable wp-block-table__cell-content rich-text\" role=\"textbox\" contenteditable=\"true\" aria-multiline=\"true\" aria-label=\"Rubrikcellens text\">Art. 231116060 &#8211; HS-2A-3SH<\/th>\r\n<th class=\"block-editor-rich-text__editable wp-block-table__cell-content rich-text\" role=\"textbox\" contenteditable=\"true\" aria-multiline=\"true\" aria-label=\"Rubrikcellens text\">Art. 231116070 &#8211; HS-3-3SH<\/th>\r\n<th class=\"block-editor-rich-text__editable wp-block-table__cell-content rich-text\" role=\"textbox\" contenteditable=\"true\" aria-multiline=\"true\" aria-label=\"Rubrikcellens text\">\u00a0<\/th>\r\n<\/tr>\r\n<\/thead>\r\n<tbody>\r\n<tr>\r\n<td class=\"block-editor-rich-text__editable wp-block-table__cell-content rich-text\" role=\"textbox\" contenteditable=\"true\" aria-multiline=\"true\" aria-label=\"Text i tabellkropp\">Arbetsl\u00e4ngd<\/td>\r\n<td class=\"block-editor-rich-text__editable wp-block-table__cell-content rich-text\" role=\"textbox\" contenteditable=\"true\" aria-multiline=\"true\" aria-label=\"Text i tabellkropp\">1020 mm<\/td>\r\n<td class=\"block-editor-rich-text__editable wp-block-table__cell-content rich-text\" role=\"textbox\" contenteditable=\"true\" aria-multiline=\"true\" aria-label=\"Text i tabellkropp\">1270 mm<\/td>\r\n<td class=\"block-editor-rich-text__editable wp-block-table__cell-content rich-text\" role=\"textbox\" contenteditable=\"true\" aria-multiline=\"true\" aria-label=\"Text i tabellkropp\">\u00a0<\/td>\r\n<\/tr>\r\n<tr>\r\n<td class=\"block-editor-rich-text__editable wp-block-table__cell-content rich-text\" role=\"textbox\" contenteditable=\"true\" aria-multiline=\"true\" aria-label=\"Text i tabellkropp\">Pl\u00e5ttjocklek<\/td>\r\n<td class=\"block-editor-rich-text__editable wp-block-table__cell-content rich-text\" role=\"textbox\" contenteditable=\"true\" aria-multiline=\"true\" aria-label=\"Text i tabellkropp\">2,5 mm<\/td>\r\n<td class=\"block-editor-rich-text__editable wp-block-table__cell-content rich-text\" role=\"textbox\" contenteditable=\"true\" aria-multiline=\"true\" aria-label=\"Text i tabellkropp\">2,0 mm<\/td>\r\n<td class=\"block-editor-rich-text__editable wp-block-table__cell-content rich-text\" role=\"textbox\" contenteditable=\"true\" aria-multiline=\"true\" aria-label=\"Text i tabellkropp\">\u00a0<\/td>\r\n<\/tr>\r\n<tr>\r\n<td class=\"block-editor-rich-text__editable wp-block-table__cell-content rich-text\" role=\"textbox\" contenteditable=\"true\" aria-multiline=\"true\" aria-label=\"Text i tabellkropp\">Bockningsvinkel<\/td>\r\n<td class=\"block-editor-rich-text__editable wp-block-table__cell-content rich-text\" role=\"textbox\" contenteditable=\"true\" aria-multiline=\"true\" aria-label=\"Text i tabellkropp\">100\/150\u00b0<\/td>\r\n<td class=\"block-editor-rich-text__editable wp-block-table__cell-content rich-text\" role=\"textbox\" contenteditable=\"true\" aria-multiline=\"true\" aria-label=\"Text i tabellkropp\">100\/150\u00b0<\/td>\r\n<td class=\"block-editor-rich-text__editable wp-block-table__cell-content rich-text\" role=\"textbox\" contenteditable=\"true\" aria-multiline=\"true\" aria-label=\"Text i tabellkropp\">\u00a0<\/td>\r\n<\/tr>\r\n<tr>\r\n<td class=\"block-editor-rich-text__editable wp-block-table__cell-content rich-text\" role=\"textbox\" contenteditable=\"true\" aria-multiline=\"true\" aria-label=\"Text i tabellkropp\">Maskin dimension (m)<\/td>\r\n<td class=\"block-editor-rich-text__editable wp-block-table__cell-content rich-text\" role=\"textbox\" contenteditable=\"true\" aria-multiline=\"true\" aria-label=\"Text i tabellkropp\">1,35 x 0,85 x 1,25<\/td>\r\n<td class=\"block-editor-rich-text__editable wp-block-table__cell-content rich-text\" role=\"textbox\" contenteditable=\"true\" aria-multiline=\"true\" aria-label=\"Text i tabellkropp\">1,6 x 0,9 x 1,18<\/td>\r\n<td class=\"block-editor-rich-text__editable wp-block-table__cell-content rich-text\" role=\"textbox\" contenteditable=\"true\" aria-multiline=\"true\" aria-label=\"Text i tabellkropp\">\u00a0<\/td>\r\n<\/tr>\r\n<tr>\r\n<td class=\"block-editor-rich-text__editable wp-block-table__cell-content rich-text\" role=\"textbox\" contenteditable=\"true\" aria-multiline=\"true\" aria-label=\"Text i tabellkropp\">Vikt<\/td>\r\n<td class=\"block-editor-rich-text__editable wp-block-table__cell-content rich-text\" role=\"textbox\" contenteditable=\"true\" aria-multiline=\"true\" aria-label=\"Text i tabellkropp\">385 kg<\/td>\r\n<td class=\"block-editor-rich-text__editable wp-block-table__cell-content rich-text\" role=\"textbox\" contenteditable=\"true\" aria-multiline=\"true\" aria-label=\"Text i tabellkropp\">415 kg<\/td>\r\n<td class=\"block-editor-rich-text__editable wp-block-table__cell-content rich-text\" role=\"textbox\" contenteditable=\"true\" aria-multiline=\"true\" aria-label=\"Text i tabellkropp\">\u00a0<\/td>\r\n<\/tr>\r\n<\/tbody>\r\n<\/table>\r\n<p>Kantmaskiner med segment uppdelad \u00f6ver-, under- och bock prisma f\u00f6r bockning i motsatt riktning, vilket inneb\u00e4r ett enormt antal m\u00f6jligheter till bockning av special profiler. Har en kraftig, helsvetsad konstruktion med fot man\u00f6vrerad ansp\u00e4nning av \u00f6ver prismat, varvid man uppn\u00e5r en speciellt enkel och snabb arbetsg\u00e5ng genom att b\u00e5da h\u00e4nderna \u00e4r fria f\u00f6r inst\u00e4llning av bock materialet. Segment modulerna kan sammanfogas med 5 mm steg fr\u00e5n 25 mm till den fulla l\u00e4ngden.<\/p>\r\n<p>Levereras som standard med vinkel stopp p\u00e5 bock prismat, bock prismat har avlastnings fj\u00e4der f\u00f6r vikt utj\u00e4mning vilket garanterar en perfekt och problemfri bockning vid ett optimalt handhavande och maximal belastning. Lyfth\u00f6jd \u00f6ver prisma 45 mm.<\/p>\r\n<p><\/p>\r\n<div class=\"wp-block-button\"><a class=\"wp-block-button__link has-white-color has-vivid-red-background-color has-text-color has-background wp-element-button\" href=\"https:\/\/swebalk.com\/wp-content\/uploads\/2025\/02\/Datasheet-HM-HS-2A-3SH-SUPERFLEX.pdf\" target=\"_blank\" rel=\"noreferrer noopener\">Produktblad HS-2A-3SH-SUPERFLEX<\/a><\/div>\r\n<p>\r\n\r\n<\/p>\r\n<p><a class=\"wp-block-button__link has-white-color has-vivid-red-background-color has-text-color has-background wp-element-button\" href=\"https:\/\/swebalk.com\/wp-content\/uploads\/2025\/02\/Datasheet-HM-HS-3-3SH-SUPERFLEX.pdf\" target=\"_blank\" rel=\"noreferrer noopener\">Produktblad HS-3-3SH-SUPERFLEX<\/a><\/p>\r\n<p>&nbsp;<\/p>\r\n<p><\/p>","protected":false},"excerpt":{"rendered":"<p>Modell Art. 231116060 &#8211; HS-2A-3SH Art. 231116070 &#8211; HS-3-3SH \u00a0 Arbetsl\u00e4ngd 1020 mm 1270 mm \u00a0 Pl\u00e5ttjocklek 2,5 mm 2,0 mm \u00a0 Bockningsvinkel 100\/150\u00b0 100\/150\u00b0 \u00a0 Maskin dimension (m) 1,35 x 0,85 x 1,25 1,6 x 0,9 x 1,18 \u00a0 Vikt 385 kg 415 kg \u00a0 Kantmaskiner med segment uppdelad \u00f6ver-, under- och bock prisma [&hellip;]<\/p>\n","protected":false},"featured_media":3739,"comment_status":"open","ping_status":"closed","template":"","meta":{"_acf_changed":false},"product_brand":[],"product_cat":[53],"product_tag":[],"class_list":{"0":"post-3745","1":"product","2":"type-product","3":"status-publish","4":"has-post-thumbnail","6":"product_cat-kantmaskiner","7":"post","8":"post-with-thumbnail","9":"post-with-thumbnail-large","11":"first","12":"instock","13":"shipping-taxable","14":"product-type-simple"},"acf":[],"_links":{"self":[{"href":"https:\/\/swebalk.com\/en\/wp-json\/wp\/v2\/product\/3745","targetHints":{"allow":["GET"]}}],"collection":[{"href":"https:\/\/swebalk.com\/en\/wp-json\/wp\/v2\/product"}],"about":[{"href":"https:\/\/swebalk.com\/en\/wp-json\/wp\/v2\/types\/product"}],"replies":[{"embeddable":true,"href":"https:\/\/swebalk.com\/en\/wp-json\/wp\/v2\/comments?post=3745"}],"wp:featuredmedia":[{"embeddable":true,"href":"https:\/\/swebalk.com\/en\/wp-json\/wp\/v2\/media\/3739"}],"wp:attachment":[{"href":"https:\/\/swebalk.com\/en\/wp-json\/wp\/v2\/media?parent=3745"}],"wp:term":[{"taxonomy":"product_brand","embeddable":true,"href":"https:\/\/swebalk.com\/en\/wp-json\/wp\/v2\/product_brand?post=3745"},{"taxonomy":"product_cat","embeddable":true,"href":"https:\/\/swebalk.com\/en\/wp-json\/wp\/v2\/product_cat?post=3745"},{"taxonomy":"product_tag","embeddable":true,"href":"https:\/\/swebalk.com\/en\/wp-json\/wp\/v2\/product_tag?post=3745"}],"curies":[{"name":"wp","href":"https:\/\/api.w.org\/{rel}","templated":true}]}}