{"id":3734,"date":"2025-02-09T09:09:16","date_gmt":"2025-02-09T09:09:16","guid":{"rendered":"https:\/\/swebalk.com\/?post_type=product&#038;p=3734"},"modified":"2025-02-09T12:25:15","modified_gmt":"2025-02-09T12:25:15","slug":"kantmaskin-hm-hs-2as-och-hs-3s","status":"publish","type":"product","link":"https:\/\/swebalk.com\/en\/product\/kantmaskin-hm-hs-2as-och-hs-3s\/","title":{"rendered":"Kantmaskin HM HS-2AS och HS-3S"},"content":{"rendered":"<table>\r\n<thead>\r\n<tr>\r\n<th class=\"block-editor-rich-text__editable wp-block-table__cell-content rich-text\" role=\"textbox\" contenteditable=\"true\" aria-multiline=\"true\" aria-label=\"Rubrikcellens text\">Modell<\/th>\r\n<th class=\"block-editor-rich-text__editable wp-block-table__cell-content rich-text\" role=\"textbox\" contenteditable=\"true\" aria-multiline=\"true\" aria-label=\"Rubrikcellens text\">Art. 231116040 &#8211; HS 2AS<\/th>\r\n<th class=\"block-editor-rich-text__editable wp-block-table__cell-content rich-text\" role=\"textbox\" contenteditable=\"true\" aria-multiline=\"true\" aria-label=\"Rubrikcellens text\">Art. 231116050 &#8211; HS 3S<\/th>\r\n<th class=\"block-editor-rich-text__editable wp-block-table__cell-content rich-text\" role=\"textbox\" contenteditable=\"true\" aria-multiline=\"true\" aria-label=\"Rubrikcellens text\">\u00a0<\/th>\r\n<\/tr>\r\n<\/thead>\r\n<tbody>\r\n<tr>\r\n<td class=\"block-editor-rich-text__editable wp-block-table__cell-content rich-text\" role=\"textbox\" contenteditable=\"true\" aria-multiline=\"true\" aria-label=\"Text i tabellkropp\">Arbetsl\u00e4ngd<\/td>\r\n<td class=\"block-editor-rich-text__editable wp-block-table__cell-content rich-text\" role=\"textbox\" contenteditable=\"true\" aria-multiline=\"true\" aria-label=\"Text i tabellkropp\">1020 mm<\/td>\r\n<td class=\"block-editor-rich-text__editable wp-block-table__cell-content rich-text\" role=\"textbox\" contenteditable=\"true\" aria-multiline=\"true\" aria-label=\"Text i tabellkropp\">1270 mm<\/td>\r\n<td class=\"block-editor-rich-text__editable wp-block-table__cell-content rich-text\" role=\"textbox\" contenteditable=\"true\" aria-multiline=\"true\" aria-label=\"Text i tabellkropp\">\u00a0<\/td>\r\n<\/tr>\r\n<tr>\r\n<td class=\"block-editor-rich-text__editable wp-block-table__cell-content rich-text\" role=\"textbox\" contenteditable=\"true\" aria-multiline=\"true\" aria-label=\"Text i tabellkropp\">Pl\u00e5ttjocklek<\/td>\r\n<td class=\"block-editor-rich-text__editable wp-block-table__cell-content rich-text\" role=\"textbox\" contenteditable=\"true\" aria-multiline=\"true\" aria-label=\"Text i tabellkropp\">2,5 mm<\/td>\r\n<td class=\"block-editor-rich-text__editable wp-block-table__cell-content rich-text\" role=\"textbox\" contenteditable=\"true\" aria-multiline=\"true\" aria-label=\"Text i tabellkropp\">2,0 mm<\/td>\r\n<td class=\"block-editor-rich-text__editable wp-block-table__cell-content rich-text\" role=\"textbox\" contenteditable=\"true\" aria-multiline=\"true\" aria-label=\"Text i tabellkropp\">\u00a0<\/td>\r\n<\/tr>\r\n<tr>\r\n<td class=\"block-editor-rich-text__editable wp-block-table__cell-content rich-text\" role=\"textbox\" contenteditable=\"true\" aria-multiline=\"true\" aria-label=\"Text i tabellkropp\">Bockningsvinkel<\/td>\r\n<td class=\"block-editor-rich-text__editable wp-block-table__cell-content rich-text\" role=\"textbox\" contenteditable=\"true\" aria-multiline=\"true\" aria-label=\"Text i tabellkropp\">135\u00b0<\/td>\r\n<td class=\"block-editor-rich-text__editable wp-block-table__cell-content rich-text\" role=\"textbox\" contenteditable=\"true\" aria-multiline=\"true\" aria-label=\"Text i tabellkropp\">135\u00b0<\/td>\r\n<td class=\"block-editor-rich-text__editable wp-block-table__cell-content rich-text\" role=\"textbox\" contenteditable=\"true\" aria-multiline=\"true\" aria-label=\"Text i tabellkropp\">\u00a0<\/td>\r\n<\/tr>\r\n<tr>\r\n<td class=\"block-editor-rich-text__editable wp-block-table__cell-content rich-text\" role=\"textbox\" contenteditable=\"true\" aria-multiline=\"true\" aria-label=\"Text i tabellkropp\">Maskin dimension (m)<\/td>\r\n<td class=\"block-editor-rich-text__editable wp-block-table__cell-content rich-text\" role=\"textbox\" contenteditable=\"true\" aria-multiline=\"true\" aria-label=\"Text i tabellkropp\">1,35 x 0,85 x 1,18<\/td>\r\n<td class=\"block-editor-rich-text__editable wp-block-table__cell-content rich-text\" role=\"textbox\" contenteditable=\"true\" aria-multiline=\"true\" aria-label=\"Text i tabellkropp\">1,6 x 0,9 x 1,18<\/td>\r\n<td class=\"block-editor-rich-text__editable wp-block-table__cell-content rich-text\" role=\"textbox\" contenteditable=\"true\" aria-multiline=\"true\" aria-label=\"Text i tabellkropp\">\u00a0<\/td>\r\n<\/tr>\r\n<tr>\r\n<td class=\"block-editor-rich-text__editable wp-block-table__cell-content rich-text\" role=\"textbox\" contenteditable=\"true\" aria-multiline=\"true\" aria-label=\"Text i tabellkropp\">Vikt<\/td>\r\n<td class=\"block-editor-rich-text__editable wp-block-table__cell-content rich-text\" role=\"textbox\" contenteditable=\"true\" aria-multiline=\"true\" aria-label=\"Text i tabellkropp\">285 kg<\/td>\r\n<td class=\"block-editor-rich-text__editable wp-block-table__cell-content rich-text\" role=\"textbox\" contenteditable=\"true\" aria-multiline=\"true\" aria-label=\"Text i tabellkropp\">330 kg<\/td>\r\n<td class=\"block-editor-rich-text__editable wp-block-table__cell-content rich-text\" role=\"textbox\" contenteditable=\"true\" aria-multiline=\"true\" aria-label=\"Text i tabellkropp\">\u00a0<\/td>\r\n<\/tr>\r\n<\/tbody>\r\n<\/table>\r\n<p>HS 2AS och HS 3S modellerna liknar standardmaskinerna HS 2A och HS 3 i design men \u00e4r f\u00f6rsedda med en segmenterad bockprisma f\u00f6r arbete med l\u00e5dor och pannor.<\/p>\r\n<p>Segmenten med skarp spets kan hantera l\u00e5dprofiler med en maximal kanth\u00f6jd p\u00e5 22\u00a0mm.<\/p>\r\n<p>De individuella segmenten \u00e4r monterade p\u00e5 en glidst\u00e5ng vilket g\u00f6r det mycket enkelt att v\u00e4xla mellan standard rak bockning och l\u00e5d- och pannprofiler.<\/p>\r\n<p>B\u00e5da modellerna \u00e4r fot- och handman\u00f6vrerade.<\/p>\r\n<p>Tillbeh\u00f6r:<\/p>\r\n<p>Bakanh\u00e5ll, radieblad R = 1,5 mm och R = 2,5 mm och ERGO-enhet.<\/p>\r\n<p><\/p>\r\n<div class=\"wp-block-button\"><a class=\"wp-block-button__link has-white-color has-vivid-red-background-color has-text-color has-background wp-element-button\" href=\"https:\/\/swebalk.com\/wp-content\/uploads\/2025\/02\/Datasheet-HM-HS-2AS.pdf\" target=\"_blank\" rel=\"noreferrer noopener\">Produktblad HS 2AS<\/a><\/div>\r\n<p>\r\n\r\n<\/p>\r\n<p><a class=\"wp-block-button__link has-white-color has-vivid-red-background-color has-text-color has-background wp-element-button\" href=\"https:\/\/swebalk.com\/wp-content\/uploads\/2025\/02\/Datasheet-HM-HS-3S.pdf\" target=\"_blank\" rel=\"noreferrer noopener\">Produktblad HS 3S<\/a><\/p>\r\n<p>&nbsp;<\/p>\r\n<p><\/p>","protected":false},"excerpt":{"rendered":"<p>Modell Art. 231116040 &#8211; HS 2AS Art. 231116050 &#8211; HS 3S \u00a0 Arbetsl\u00e4ngd 1020 mm 1270 mm \u00a0 Pl\u00e5ttjocklek 2,5 mm 2,0 mm \u00a0 Bockningsvinkel 135\u00b0 135\u00b0 \u00a0 Maskin dimension (m) 1,35 x 0,85 x 1,18 1,6 x 0,9 x 1,18 \u00a0 Vikt 285 kg 330 kg \u00a0 HS 2AS och HS 3S modellerna liknar [&hellip;]<\/p>\n","protected":false},"featured_media":3736,"comment_status":"open","ping_status":"closed","template":"","meta":{"_acf_changed":false},"product_brand":[],"product_cat":[53],"product_tag":[],"class_list":{"0":"post-3734","1":"product","2":"type-product","3":"status-publish","4":"has-post-thumbnail","6":"product_cat-kantmaskiner","7":"post","8":"post-with-thumbnail","9":"post-with-thumbnail-large","11":"first","12":"instock","13":"shipping-taxable","14":"product-type-simple"},"acf":[],"_links":{"self":[{"href":"https:\/\/swebalk.com\/en\/wp-json\/wp\/v2\/product\/3734","targetHints":{"allow":["GET"]}}],"collection":[{"href":"https:\/\/swebalk.com\/en\/wp-json\/wp\/v2\/product"}],"about":[{"href":"https:\/\/swebalk.com\/en\/wp-json\/wp\/v2\/types\/product"}],"replies":[{"embeddable":true,"href":"https:\/\/swebalk.com\/en\/wp-json\/wp\/v2\/comments?post=3734"}],"wp:featuredmedia":[{"embeddable":true,"href":"https:\/\/swebalk.com\/en\/wp-json\/wp\/v2\/media\/3736"}],"wp:attachment":[{"href":"https:\/\/swebalk.com\/en\/wp-json\/wp\/v2\/media?parent=3734"}],"wp:term":[{"taxonomy":"product_brand","embeddable":true,"href":"https:\/\/swebalk.com\/en\/wp-json\/wp\/v2\/product_brand?post=3734"},{"taxonomy":"product_cat","embeddable":true,"href":"https:\/\/swebalk.com\/en\/wp-json\/wp\/v2\/product_cat?post=3734"},{"taxonomy":"product_tag","embeddable":true,"href":"https:\/\/swebalk.com\/en\/wp-json\/wp\/v2\/product_tag?post=3734"}],"curies":[{"name":"wp","href":"https:\/\/api.w.org\/{rel}","templated":true}]}}