{"id":3721,"date":"2025-01-26T16:17:44","date_gmt":"2025-01-26T16:17:44","guid":{"rendered":"https:\/\/swebalk.com\/?post_type=product&#038;p=3721"},"modified":"2025-01-26T16:51:15","modified_gmt":"2025-01-26T16:51:15","slug":"kantmaskin-mb-1000-series","status":"publish","type":"product","link":"https:\/\/swebalk.com\/en\/product\/kantmaskin-mb-1000-series\/","title":{"rendered":"Kantmaskin MB 1000 Series"},"content":{"rendered":"<table>\r\n<thead>\r\n<tr>\r\n<th class=\"block-editor-rich-text__editable wp-block-table__cell-content rich-text\" role=\"textbox\" contenteditable=\"true\" aria-multiline=\"true\" aria-label=\"Rubrikcellens text\">Modell<\/th>\r\n<th class=\"block-editor-rich-text__editable wp-block-table__cell-content rich-text\" role=\"textbox\" contenteditable=\"true\" aria-multiline=\"true\" aria-label=\"Rubrikcellens text\">Art. 231116010 &#8211; MB 1000S<\/th>\r\n<th class=\"block-editor-rich-text__editable wp-block-table__cell-content rich-text\" role=\"textbox\" contenteditable=\"true\" aria-multiline=\"true\" aria-label=\"Rubrikcellens text\">Art. 231116020 &#8211; MB 1000H<\/th>\r\n<th class=\"block-editor-rich-text__editable wp-block-table__cell-content rich-text\" role=\"textbox\" contenteditable=\"true\" aria-multiline=\"true\" aria-label=\"Rubrikcellens text\">Art. 231116030 &#8211; MB 1000L<\/th>\r\n<\/tr>\r\n<\/thead>\r\n<tbody>\r\n<tr>\r\n<td class=\"block-editor-rich-text__editable wp-block-table__cell-content rich-text\" role=\"textbox\" contenteditable=\"true\" aria-multiline=\"true\" aria-label=\"Text i tabellkropp\">Arbetsl\u00e4ngd<\/td>\r\n<td class=\"block-editor-rich-text__editable wp-block-table__cell-content rich-text\" role=\"textbox\" contenteditable=\"true\" aria-multiline=\"true\" aria-label=\"Text i tabellkropp\">1050 mm<\/td>\r\n<td class=\"block-editor-rich-text__editable wp-block-table__cell-content rich-text\" role=\"textbox\" contenteditable=\"true\" aria-multiline=\"true\" aria-label=\"Text i tabellkropp\">1050 mm<\/td>\r\n<td class=\"block-editor-rich-text__editable wp-block-table__cell-content rich-text\" role=\"textbox\" contenteditable=\"true\" aria-multiline=\"true\" aria-label=\"Text i tabellkropp\">1050 mm<\/td>\r\n<\/tr>\r\n<tr>\r\n<td class=\"block-editor-rich-text__editable wp-block-table__cell-content rich-text\" role=\"textbox\" contenteditable=\"true\" aria-multiline=\"true\" aria-label=\"Text i tabellkropp\">Pl\u00e5ttjocklek<\/td>\r\n<td class=\"block-editor-rich-text__editable wp-block-table__cell-content rich-text\" role=\"textbox\" contenteditable=\"true\" aria-multiline=\"true\" aria-label=\"Text i tabellkropp\">1,25 mm<\/td>\r\n<td class=\"block-editor-rich-text__editable wp-block-table__cell-content rich-text\" role=\"textbox\" contenteditable=\"true\" aria-multiline=\"true\" aria-label=\"Text i tabellkropp\">1,25 mm<\/td>\r\n<td class=\"block-editor-rich-text__editable wp-block-table__cell-content rich-text\" role=\"textbox\" contenteditable=\"true\" aria-multiline=\"true\" aria-label=\"Text i tabellkropp\">1,25 mm<\/td>\r\n<\/tr>\r\n<tr>\r\n<td class=\"block-editor-rich-text__editable wp-block-table__cell-content rich-text\" role=\"textbox\" contenteditable=\"true\" aria-multiline=\"true\" aria-label=\"Text i tabellkropp\">Bockningsvinkel<\/td>\r\n<td class=\"block-editor-rich-text__editable wp-block-table__cell-content rich-text\" role=\"textbox\" contenteditable=\"true\" aria-multiline=\"true\" aria-label=\"Text i tabellkropp\">135\u00b0<\/td>\r\n<td class=\"block-editor-rich-text__editable wp-block-table__cell-content rich-text\" role=\"textbox\" contenteditable=\"true\" aria-multiline=\"true\" aria-label=\"Text i tabellkropp\">95\u00b0<\/td>\r\n<td class=\"block-editor-rich-text__editable wp-block-table__cell-content rich-text\" role=\"textbox\" contenteditable=\"true\" aria-multiline=\"true\" aria-label=\"Text i tabellkropp\">95\u00b0<\/td>\r\n<\/tr>\r\n<tr>\r\n<td class=\"block-editor-rich-text__editable wp-block-table__cell-content rich-text\" role=\"textbox\" contenteditable=\"true\" aria-multiline=\"true\" aria-label=\"Text i tabellkropp\">Maskin dimension (m)<\/td>\r\n<td class=\"block-editor-rich-text__editable wp-block-table__cell-content rich-text\" role=\"textbox\" contenteditable=\"true\" aria-multiline=\"true\" aria-label=\"Text i tabellkropp\">1,26 x 0,51 x 1,00<\/td>\r\n<td class=\"block-editor-rich-text__editable wp-block-table__cell-content rich-text\" role=\"textbox\" contenteditable=\"true\" aria-multiline=\"true\" aria-label=\"Text i tabellkropp\">1,26 x 0,51 x 1,04<\/td>\r\n<td class=\"block-editor-rich-text__editable wp-block-table__cell-content rich-text\" role=\"textbox\" contenteditable=\"true\" aria-multiline=\"true\" aria-label=\"Text i tabellkropp\">1,26 x 0,51 x 1,07<\/td>\r\n<\/tr>\r\n<tr>\r\n<td class=\"block-editor-rich-text__editable wp-block-table__cell-content rich-text\" role=\"textbox\" contenteditable=\"true\" aria-multiline=\"true\" aria-label=\"Text i tabellkropp\">Vikt<\/td>\r\n<td class=\"block-editor-rich-text__editable wp-block-table__cell-content rich-text\" role=\"textbox\" contenteditable=\"true\" aria-multiline=\"true\" aria-label=\"Text i tabellkropp\">80 kg<\/td>\r\n<td class=\"block-editor-rich-text__editable wp-block-table__cell-content rich-text\" role=\"textbox\" contenteditable=\"true\" aria-multiline=\"true\" aria-label=\"Text i tabellkropp\">98 kg<\/td>\r\n<td class=\"block-editor-rich-text__editable wp-block-table__cell-content rich-text\" role=\"textbox\" contenteditable=\"true\" aria-multiline=\"true\" aria-label=\"Text i tabellkropp\">111 kg<\/td>\r\n<\/tr>\r\n<\/tbody>\r\n<\/table>\r\n<p>MB Folder-modellerna \u00e4r l\u00e4tta att anv\u00e4nda, manuella maskiner speciellt l\u00e4mpade f\u00f6r vikning av tunna pl\u00e5tar.<\/p>\r\n<p>Alla kantvikmaskiner kan nu enkelt konverteras fr\u00e5n L &#8211; l\u00e5g till H &#8211; h\u00f6g eller S &#8211; med segment med extra verktyg.<\/p>\r\n<p>MB-H-modellerna med sin h\u00f6ga sp\u00e4nn balk \u00e4r idealiska d\u00e4r h\u00f6ga kanaler eller smala profiler beh\u00f6ver tillverkas.<\/p>\r\n<p>Modellerna MB-L \u00e4r maskiner som \u00e4r l\u00e4mpade f\u00f6r vanliga raka vik operationer och p\u00e5 grund av sina l\u00e5ga sp\u00e4nn balkar \u00e4r de idealiska f\u00f6r kanal sektioner och Z-profiler.<\/p>\r\n<p>En speciell b\u00e4nk monteringssats erbjuds som tillval.<\/p>\r\n<p><\/p>\r\n<div class=\"wp-block-button\"><a class=\"wp-block-button__link has-white-color has-vivid-red-background-color has-text-color has-background wp-element-button\" href=\"https:\/\/swebalk.com\/wp-content\/uploads\/2025\/01\/Datasheet-MB-1000S.pdf\" target=\"_blank\" rel=\"noreferrer noopener\">Produktblad MB 1000S<\/a><\/div>\r\n<p>\r\n\r\n<\/p>\r\n<p><a class=\"wp-block-button__link has-white-color has-vivid-red-background-color has-text-color has-background wp-element-button\" href=\"https:\/\/swebalk.com\/wp-content\/uploads\/2025\/01\/Datasheet-MB-1000H.pdf\" target=\"_blank\" rel=\"noreferrer noopener\">Produktblad MB 1000H<\/a><\/p>\r\n<p><a class=\"wp-block-button__link has-white-color has-vivid-red-background-color has-text-color has-background wp-element-button\" href=\"https:\/\/swebalk.com\/wp-content\/uploads\/2025\/01\/Datasheet-MB-1000L.pdf\" target=\"_blank\" rel=\"noreferrer noopener\">Produktblad MB 1000L<\/a><\/p>\r\n<p>&nbsp;<\/p>\r\n<p><\/p>","protected":false},"excerpt":{"rendered":"<p>Modell Art. 231116010 &#8211; MB 1000S Art. 231116020 &#8211; MB 1000H Art. 231116030 &#8211; MB 1000L Arbetsl\u00e4ngd 1050 mm 1050 mm 1050 mm Pl\u00e5ttjocklek 1,25 mm 1,25 mm 1,25 mm Bockningsvinkel 135\u00b0 95\u00b0 95\u00b0 Maskin dimension (m) 1,26 x 0,51 x 1,00 1,26 x 0,51 x 1,04 1,26 x 0,51 x 1,07 Vikt 80 kg [&hellip;]<\/p>\n","protected":false},"featured_media":3726,"comment_status":"open","ping_status":"closed","template":"","meta":{"_acf_changed":false},"product_brand":[],"product_cat":[53],"product_tag":[],"class_list":{"0":"post-3721","1":"product","2":"type-product","3":"status-publish","4":"has-post-thumbnail","6":"product_cat-kantmaskiner","7":"post","8":"post-with-thumbnail","9":"post-with-thumbnail-large","11":"first","12":"instock","13":"shipping-taxable","14":"product-type-simple"},"acf":[],"_links":{"self":[{"href":"https:\/\/swebalk.com\/en\/wp-json\/wp\/v2\/product\/3721","targetHints":{"allow":["GET"]}}],"collection":[{"href":"https:\/\/swebalk.com\/en\/wp-json\/wp\/v2\/product"}],"about":[{"href":"https:\/\/swebalk.com\/en\/wp-json\/wp\/v2\/types\/product"}],"replies":[{"embeddable":true,"href":"https:\/\/swebalk.com\/en\/wp-json\/wp\/v2\/comments?post=3721"}],"wp:featuredmedia":[{"embeddable":true,"href":"https:\/\/swebalk.com\/en\/wp-json\/wp\/v2\/media\/3726"}],"wp:attachment":[{"href":"https:\/\/swebalk.com\/en\/wp-json\/wp\/v2\/media?parent=3721"}],"wp:term":[{"taxonomy":"product_brand","embeddable":true,"href":"https:\/\/swebalk.com\/en\/wp-json\/wp\/v2\/product_brand?post=3721"},{"taxonomy":"product_cat","embeddable":true,"href":"https:\/\/swebalk.com\/en\/wp-json\/wp\/v2\/product_cat?post=3721"},{"taxonomy":"product_tag","embeddable":true,"href":"https:\/\/swebalk.com\/en\/wp-json\/wp\/v2\/product_tag?post=3721"}],"curies":[{"name":"wp","href":"https:\/\/api.w.org\/{rel}","templated":true}]}}