{"id":3705,"date":"2025-01-26T10:59:52","date_gmt":"2025-01-26T10:59:52","guid":{"rendered":"https:\/\/swebalk.com\/?post_type=product&#038;p=3705"},"modified":"2025-01-26T16:08:08","modified_gmt":"2025-01-26T16:08:08","slug":"maskingradsax-jbs-m-series","status":"publish","type":"product","link":"https:\/\/swebalk.com\/en\/product\/maskingradsax-jbs-m-series\/","title":{"rendered":"Maskingradsax JBS M Series"},"content":{"rendered":"<figure class=\"wp-block-table is-style-stripes has-small-font-size\">\r\n<p>HM JBS motoriserad maskingradsax med motoriserad anh\u00e5ll.<\/p>\r\n<p>Den nya JBS-saxen \u00e4r utvecklad med fokus p\u00e5 design, kvalitet, funktionalitet och ergonomi.<\/p>\r\n<p><strong>Kvalitet: <\/strong><\/p>\r\n<p>\u2022 Tillverkad i Europa med material och komponenter av h\u00f6gsta kvalitet.<\/p>\r\n<p><strong>Funktionalitet: <\/strong><\/p>\r\n<p>\u2022 RTO-patenterad funktion som automatiskt riktar skurna bitar under 400 mm l\u00e4ngd ut framtill till operat\u00f6ren.<\/p>\r\n<p><strong>Ergonomi:<\/strong><\/p>\r\n<p>\u2022 Det skurna stycket faller ner i ett tr\u00e5g som \u00e4r placerat ergonomiskt korrekt f\u00f6r operat\u00f6ren och g\u00f6r att operat\u00f6ren kan ha handskar p\u00e5 och ta bort snittet utan att beh\u00f6va b\u00f6ja sig hela v\u00e4gen till golvet.<\/p>\r\n<p><strong>Service:<\/strong><\/p>\r\n<p>\u2022 Nyutvecklad kniv gaffel-justering f\u00f6r enkel justering fr\u00e5n framsidan av saxen vid kniv byte.<\/p>\r\n<p><strong>Standardutrustning: <\/strong><\/p>\r\n<p>\u2022 \u00c5terg\u00e5 till operat\u00f6rs funktion \u2022 Klipp r\u00e4knare<\/p>\r\n<p>\u2022 Motoriserad bak anh\u00e5ll helt justerbar framifr\u00e5n<\/p>\r\n<p>\u2022 Spegel belysning av sk\u00e4rlinan med LED-ljus<\/p>\r\n<p>\u2022 Bords f\u00f6rl\u00e4ngningar p\u00e5 600 mm (2 st.)<\/p>\r\n<p>\u2022 Fyrkants arm<\/p>\r\n<p>\u2022 Skyddssystem f\u00f6r bakljus<\/p>\r\n<p>\u2022 Dubbel excenter drift p\u00e5 kniv balken<\/p>\r\n<p>\u2022 Sj\u00e4lvsm\u00f6rjande styr banor<\/p>\r\n<p>\u2022 L\u00e5g kniv vinkel och grad fri sk\u00e4rning<\/p>\r\n<p>\u2022 Gummi belagd pl\u00e5t h\u00e5llare<\/p>\r\n<p>\u2022 Alternativ f\u00f6r enkel eller multi sk\u00e4rning f\u00f6r b\u00e4ttre effektivitet<\/p>\r\n<p>\u2022 R\u00f6rlig fot pedal med n\u00f6dstopp<\/p>\r\n<p>&nbsp;<\/p>\r\n<br \/>\r\n<table style=\"height: 715px;\" width=\"948\">\r\n<tbody>\r\n<tr>\r\n<td width=\"94\">\r\n<p><strong>Artikel nr.<\/strong><\/p>\r\n<\/td>\r\n<td width=\"50\">\r\n<p>&nbsp;<\/p>\r\n<\/td>\r\n<td width=\"111\">\r\n<p><strong>222116010<\/strong><\/p>\r\n<\/td>\r\n<td width=\"104\">\r\n<p><strong>222116020<\/strong><\/p>\r\n<\/td>\r\n<td width=\"108\"><strong>222116030<\/strong><\/td>\r\n<\/tr>\r\n<tr>\r\n<td width=\"94\">\r\n<p><strong>Modell<\/strong><\/p>\r\n<\/td>\r\n<td width=\"50\">\r\n<p>&nbsp;<\/p>\r\n<\/td>\r\n<td width=\"111\">\r\n<h5>JBS 1250\/3,0 M<\/h5>\r\n<\/td>\r\n<td width=\"104\">\r\n<h5>JBS 1250\/4,0 M<\/h5>\r\n<\/td>\r\n<td width=\"108\">\r\n<h5>JBS 2000\/3,0 M<\/h5>\r\n<\/td>\r\n<\/tr>\r\n<tr>\r\n<td width=\"94\">\r\n<p><strong>Kapacitet<\/strong><\/p>\r\n<\/td>\r\n<td width=\"50\">\r\n<p>mm\u00a0\u00a0<\/p>\r\n<\/td>\r\n<td width=\"111\">\r\n<table>\r\n<tbody>\r\n<tr>\r\n<td>1275 x 3,0<\/td>\r\n<\/tr>\r\n<\/tbody>\r\n<\/table>\r\n<\/td>\r\n<td width=\"104\">\r\n<p>1275 x 4,0<\/p>\r\n<\/td>\r\n<td width=\"108\">\r\n<p>2000 x 3,0<\/p>\r\n<\/td>\r\n<\/tr>\r\n<tr>\r\n<td width=\"94\">\r\n<p><strong>Pl\u00e5t tjocklek \u2013\u00a0 st\u00e5l<\/strong><\/p>\r\n<\/td>\r\n<td width=\"50\">\r\n<p>mm<\/p>\r\n<\/td>\r\n<td width=\"111\">\r\n<p>3,0<\/p>\r\n<\/td>\r\n<td width=\"104\">\r\n<p>4,0<\/p>\r\n<\/td>\r\n<td width=\"108\">\r\n<p>3,0<\/p>\r\n<\/td>\r\n<\/tr>\r\n<tr>\r\n<td width=\"94\">\r\n<p><strong>Sk\u00e4rvinkel<\/strong><\/p>\r\n<\/td>\r\n<td width=\"50\">\r\n<p>\u00b0<\/p>\r\n<\/td>\r\n<td width=\"111\">\r\n<p>2,15\u00b0<\/p>\r\n<\/td>\r\n<td width=\"104\">\r\n<p>2,15\u00b0<\/p>\r\n<\/td>\r\n<td width=\"108\">\r\n<p>1,38\u00b0<\/p>\r\n<\/td>\r\n<\/tr>\r\n<tr>\r\n<td width=\"94\">\r\n<p><strong>Motoreffekt<\/strong><\/p>\r\n<\/td>\r\n<td width=\"50\">\r\n<p>kW<\/p>\r\n<\/td>\r\n<td width=\"111\">\r\n<p>3<\/p>\r\n<\/td>\r\n<td width=\"104\">\r\n<p>4<\/p>\r\n<\/td>\r\n<td width=\"108\">\r\n<p>4<\/p>\r\n<\/td>\r\n<\/tr>\r\n<tr>\r\n<td width=\"94\">\r\n<p><strong>Sp\u00e4nning<\/strong><\/p>\r\n<\/td>\r\n<td width=\"50\">\r\n<p>V<\/p>\r\n<\/td>\r\n<td width=\"111\">\r\n<p>3&#215;400-50Hz<\/p>\r\n<\/td>\r\n<td width=\"104\">\r\n<p>3&#215;400-50Hz<\/p>\r\n<\/td>\r\n<td width=\"108\">\r\n<p>3&#215;400-50Hz<\/p>\r\n<\/td>\r\n<\/tr>\r\n<tr>\r\n<td width=\"94\">\r\n<p><strong>Dimension (LxBxH)<\/strong><\/p>\r\n<\/td>\r\n<td width=\"50\">\r\n<p>m<\/p>\r\n<\/td>\r\n<td width=\"111\">\r\n<p>2,10&#215;2,00&#215;1,50<\/p>\r\n<\/td>\r\n<td width=\"104\">\r\n<p>2,10&#215;2,00&#215;1,50<\/p>\r\n<\/td>\r\n<td width=\"108\">\r\n<p>2,90&#215;2,00&#215;1,50<\/p>\r\n<\/td>\r\n<\/tr>\r\n<tr>\r\n<td width=\"94\">\r\n<p><strong>Vikt<\/strong><\/p>\r\n<\/td>\r\n<td width=\"50\">\r\n<p>kg<\/p>\r\n<\/td>\r\n<td width=\"111\">\r\n<p>1160<\/p>\r\n<\/td>\r\n<td width=\"104\">\r\n<p>1380<\/p>\r\n<\/td>\r\n<td width=\"108\">\r\n<p>1750<\/p>\r\n<\/td>\r\n<\/tr>\r\n<\/tbody>\r\n<\/table>\r\n<p>&nbsp;<\/p>\r\n<p>&nbsp;<\/p>\r\n<\/figure>\r\n<figure class=\"wp-block-table is-style-stripes has-small-font-size\"><\/figure>\r\n<div class=\"wp-block-button\">\r\n<div><a class=\"wp-block-button__link has-white-color has-vivid-red-background-color has-text-color has-background wp-element-button\" href=\"https:\/\/swebalk.com\/wp-content\/uploads\/2025\/01\/Datasheet-JBS-1250-30-M.pdf\" target=\"_blank\" rel=\"noreferrer noopener\">Produktblad JBS 1250\/3,0 M<\/a><\/div>\r\n<div>\u00a0<\/div>\r\n<div><a class=\"wp-block-button__link has-white-color has-vivid-red-background-color has-text-color has-background wp-element-button\" href=\"https:\/\/swebalk.com\/wp-content\/uploads\/2025\/01\/Datasheet-JBS-1250-30-M.pdf\" target=\"_blank\" rel=\"noreferrer noopener\">Produktblad JBS 1250\/4,0 M<\/a><\/div>\r\n<div>\u00a0<\/div>\r\n<a class=\"wp-block-button__link has-white-color has-vivid-red-background-color has-text-color has-background wp-element-button\" href=\"https:\/\/swebalk.com\/wp-content\/uploads\/2025\/01\/Datasheet-JBS-1250-30-M.pdf\" target=\"_blank\" rel=\"noreferrer noopener\">Produktblad JBS 2000\/3,0 M<\/a><br \/><\/div>","protected":false},"excerpt":{"rendered":"<p>HM JBS motoriserad maskingradsax med motoriserad anh\u00e5ll. Den nya JBS-saxen \u00e4r utvecklad med fokus p\u00e5 design, kvalitet, funktionalitet och ergonomi. Kvalitet: \u2022 Tillverkad i Europa med material och komponenter av h\u00f6gsta kvalitet. Funktionalitet: \u2022 RTO-patenterad funktion som automatiskt riktar skurna bitar under 400 mm l\u00e4ngd ut framtill till operat\u00f6ren. Ergonomi: \u2022 Det skurna stycket faller [&hellip;]<\/p>\n","protected":false},"featured_media":3708,"comment_status":"open","ping_status":"closed","template":"","meta":{"_acf_changed":false},"product_brand":[],"product_cat":[52],"product_tag":[],"class_list":{"0":"post-3705","1":"product","2":"type-product","3":"status-publish","4":"has-post-thumbnail","6":"product_cat-klippning","7":"post","8":"post-with-thumbnail","9":"post-with-thumbnail-large","11":"first","12":"instock","13":"shipping-taxable","14":"product-type-simple"},"acf":[],"_links":{"self":[{"href":"https:\/\/swebalk.com\/en\/wp-json\/wp\/v2\/product\/3705","targetHints":{"allow":["GET"]}}],"collection":[{"href":"https:\/\/swebalk.com\/en\/wp-json\/wp\/v2\/product"}],"about":[{"href":"https:\/\/swebalk.com\/en\/wp-json\/wp\/v2\/types\/product"}],"replies":[{"embeddable":true,"href":"https:\/\/swebalk.com\/en\/wp-json\/wp\/v2\/comments?post=3705"}],"wp:featuredmedia":[{"embeddable":true,"href":"https:\/\/swebalk.com\/en\/wp-json\/wp\/v2\/media\/3708"}],"wp:attachment":[{"href":"https:\/\/swebalk.com\/en\/wp-json\/wp\/v2\/media?parent=3705"}],"wp:term":[{"taxonomy":"product_brand","embeddable":true,"href":"https:\/\/swebalk.com\/en\/wp-json\/wp\/v2\/product_brand?post=3705"},{"taxonomy":"product_cat","embeddable":true,"href":"https:\/\/swebalk.com\/en\/wp-json\/wp\/v2\/product_cat?post=3705"},{"taxonomy":"product_tag","embeddable":true,"href":"https:\/\/swebalk.com\/en\/wp-json\/wp\/v2\/product_tag?post=3705"}],"curies":[{"name":"wp","href":"https:\/\/api.w.org\/{rel}","templated":true}]}}