{"id":3676,"date":"2024-12-08T15:00:30","date_gmt":"2024-12-08T15:00:30","guid":{"rendered":"https:\/\/swebalk.com\/?post_type=product&#038;p=3676"},"modified":"2024-12-08T15:03:00","modified_gmt":"2024-12-08T15:03:00","slug":"bankslipmaskin-kef-slibette-8n","status":"publish","type":"product","link":"https:\/\/swebalk.com\/en\/product\/bankslipmaskin-kef-slibette-8n\/","title":{"rendered":"B\u00e4nkslipmaskin KEF Slibette 8N"},"content":{"rendered":"<p>SLIBETTE b\u00e4nkslipmaskiner \u00e4r resultatet av 100 \u00e5rs erfarenhet av utveckling och produktion av slipmaskiner.<\/p>\r\n<p>Den enda kraftfulla motorenheten p\u00e5 marknaden, enfas eller trefas, designad f\u00f6r kontinuerlig drift.<\/p>\r\n<p>Slipskivorna \u00e4r noggrant balanserade &#8211; monterade i skyddade damm t\u00e4tade kullager, &#8211; l\u00e5g ljud- och vibrations niv\u00e5.<\/p>\r\n<p>\u2022 Tung motor<\/p>\r\n<p>\u2022 Justerbara arbetsstycke st\u00f6d<\/p>\r\n<p>\u2022 Stor justerbar \u00f6gonskydd<\/p>\r\n<p>\u2022 Str\u00f6mbrytare med separat n\u00f6dstopp<\/p>\r\n<p>\u2022 Unik design<\/p>\r\n<p>\u2022 Sj\u00e4lvsm\u00f6rjande lager<\/p>\r\n<p>\u2022 Kan anv\u00e4ndas kontinuerligt utan att br\u00e4nnas ut.<\/p>\r\n<p>\u2022 Med inbyggd gnistf\u00e5ngare.<\/p>\r\n<p>Alla Slibette-maskiner erbjuds, mot ett litet merpris, med motorbroms och separat n\u00f6dstopp.<\/p>\r\n<table>\r\n<tbody>\r\n<tr>\r\n<td width=\"302\">\r\n<p><strong>Teknisk specifikation<\/strong><\/p>\r\n<\/td>\r\n<\/tr>\r\n<tr>\r\n<td width=\"302\">\r\n<p>Slipskiva \u00d8 x B<\/p>\r\n<\/td>\r\n<td width=\"302\">\r\n<p>200 x 32 mm<\/p>\r\n<\/td>\r\n<\/tr>\r\n<tr>\r\n<td width=\"302\">\r\n<p>Slipskivans h\u00e5ldiameter<\/p>\r\n<\/td>\r\n<td width=\"302\">\r\n<p>20 mm<\/p>\r\n<\/td>\r\n<\/tr>\r\n<tr>\r\n<td width=\"302\">\r\n<p>Slipskivans korn<\/p>\r\n<\/td>\r\n<td width=\"302\">36 \/ 60<\/td>\r\n<\/tr>\r\n<tr>\r\n<td width=\"302\">\r\n<p>Varvtal<\/p>\r\n<\/td>\r\n<td width=\"302\">\r\n<p>3000 rpm<\/p>\r\n<\/td>\r\n<\/tr>\r\n<tr>\r\n<td width=\"302\">\r\n<p>Motoreffekt<\/p>\r\n<\/td>\r\n<td width=\"302\">\r\n<p>0,83 kW<\/p>\r\n<\/td>\r\n<\/tr>\r\n<tr>\r\n<td width=\"302\">\r\n<p>Volt<\/p>\r\n<\/td>\r\n<td width=\"302\">\r\n<p>400 V<\/p>\r\n<\/td>\r\n<\/tr>\r\n<tr>\r\n<td width=\"302\">\r\n<p>L\u00e4ngd<\/p>\r\n<\/td>\r\n<td width=\"302\">\r\n<p>500 mm<\/p>\r\n<\/td>\r\n<\/tr>\r\n<tr>\r\n<td width=\"302\">\r\n<p>Djup<\/p>\r\n<\/td>\r\n<td width=\"302\">\r\n<p>280 mm<\/p>\r\n<\/td>\r\n<\/tr>\r\n<tr>\r\n<td width=\"302\">\r\n<p>H\u00f6jd<\/p>\r\n<\/td>\r\n<td width=\"302\">\r\n<p>270 mm<\/p>\r\n<\/td>\r\n<\/tr>\r\n<tr>\r\n<td width=\"302\">\r\n<p>Vikt<\/p>\r\n<\/td>\r\n<td width=\"302\">\r\n<p>22 kg<\/p>\r\n<\/td>\r\n<\/tr>\r\n<\/tbody>\r\n<\/table>\r\n<p>&nbsp;<\/p>\r\n<p><\/p>\r\n<div class=\"wp-block-button has-custom-width wp-block-button__width-50\"><a class=\"wp-block-button__link has-white-color has-vivid-red-background-color has-text-color has-background wp-element-button\" href=\"https:\/\/swebalk.com\/wp-content\/uploads\/2024\/12\/Datasheet-Slibette-8N.pdf\" target=\"_blank\" rel=\"noreferrer noopener\">Produktblad Slibette 8N<\/a><\/div>\r\n<p>\r\n\r\n<\/p>","protected":false},"excerpt":{"rendered":"<p>SLIBETTE b\u00e4nkslipmaskiner \u00e4r resultatet av 100 \u00e5rs erfarenhet av utveckling och produktion av slipmaskiner. Den enda kraftfulla motorenheten p\u00e5 marknaden, enfas eller trefas, designad f\u00f6r kontinuerlig drift. Slipskivorna \u00e4r noggrant balanserade &#8211; monterade i skyddade damm t\u00e4tade kullager, &#8211; l\u00e5g ljud- och vibrations niv\u00e5. \u2022 Tung motor \u2022 Justerbara arbetsstycke st\u00f6d \u2022 Stor justerbar \u00f6gonskydd [&hellip;]<\/p>\n","protected":false},"featured_media":3678,"comment_status":"open","ping_status":"closed","template":"","meta":{"_acf_changed":false},"product_brand":[],"product_cat":[48],"product_tag":[],"class_list":{"0":"post-3676","1":"product","2":"type-product","3":"status-publish","4":"has-post-thumbnail","6":"product_cat-slipning","7":"post","8":"post-with-thumbnail","9":"post-with-thumbnail-large","11":"first","12":"instock","13":"shipping-taxable","14":"product-type-simple"},"acf":[],"_links":{"self":[{"href":"https:\/\/swebalk.com\/en\/wp-json\/wp\/v2\/product\/3676","targetHints":{"allow":["GET"]}}],"collection":[{"href":"https:\/\/swebalk.com\/en\/wp-json\/wp\/v2\/product"}],"about":[{"href":"https:\/\/swebalk.com\/en\/wp-json\/wp\/v2\/types\/product"}],"replies":[{"embeddable":true,"href":"https:\/\/swebalk.com\/en\/wp-json\/wp\/v2\/comments?post=3676"}],"wp:featuredmedia":[{"embeddable":true,"href":"https:\/\/swebalk.com\/en\/wp-json\/wp\/v2\/media\/3678"}],"wp:attachment":[{"href":"https:\/\/swebalk.com\/en\/wp-json\/wp\/v2\/media?parent=3676"}],"wp:term":[{"taxonomy":"product_brand","embeddable":true,"href":"https:\/\/swebalk.com\/en\/wp-json\/wp\/v2\/product_brand?post=3676"},{"taxonomy":"product_cat","embeddable":true,"href":"https:\/\/swebalk.com\/en\/wp-json\/wp\/v2\/product_cat?post=3676"},{"taxonomy":"product_tag","embeddable":true,"href":"https:\/\/swebalk.com\/en\/wp-json\/wp\/v2\/product_tag?post=3676"}],"curies":[{"name":"wp","href":"https:\/\/api.w.org\/{rel}","templated":true}]}}