{"id":3657,"date":"2024-12-08T14:23:31","date_gmt":"2024-12-08T14:23:31","guid":{"rendered":"https:\/\/swebalk.com\/?post_type=product&#038;p=3657"},"modified":"2024-12-08T14:34:59","modified_gmt":"2024-12-08T14:34:59","slug":"bankslipmaskin-kef-slibex-150-230","status":"publish","type":"product","link":"https:\/\/swebalk.com\/en\/product\/bankslipmaskin-kef-slibex-150-230\/","title":{"rendered":"B\u00e4nkslipmaskin KEF Slibex 150 230v"},"content":{"rendered":"<p>F\u00f6r normal hobby anv\u00e4ndning.<\/p>\r\n<p>Idealisk f\u00f6r slipning av hobby verktyg och underh\u00e5ll av hush\u00e5llsapparater.<\/p>\r\n<p>Byggd p\u00e5 samma principer som KEF-s professionella verkstadsmaskiner.<\/p>\r\n<p>\u2022 Inkapslad motor<\/p>\r\n<p>\u2022 Justerbart arbetsstycke st\u00f6d<\/p>\r\n<p>\u2022 En stor justerbar \u00f6gonskydd<\/p>\r\n<p>\u2022 L\u00e5sbar s\u00e4kerhets brytare med n\u00f6dstopp<\/p>\r\n<p>\u2022 2 vattenbeh\u00e5llare f\u00f6r kylning<\/p>\r\n<p>\u2022 Sj\u00e4lvsm\u00f6rjande lager<\/p>\r\n<table>\r\n<tbody>\r\n<tr>\r\n<td width=\"302\">\r\n<p><strong>Teknisk specifikation<\/strong><\/p>\r\n<\/td>\r\n<\/tr>\r\n<tr>\r\n<td width=\"302\">\r\n<p>Slipskiva \u00d8 x B<\/p>\r\n<\/td>\r\n<td width=\"302\">\r\n<p>150 x 25 mm<\/p>\r\n<\/td>\r\n<\/tr>\r\n<tr>\r\n<td width=\"302\">\r\n<p>Slipskivans h\u00e5ldiameter<\/p>\r\n<\/td>\r\n<td width=\"302\">\r\n<p>32 mm<\/p>\r\n<\/td>\r\n<\/tr>\r\n<tr>\r\n<td width=\"302\">\r\n<p>Slipskivans korn<\/p>\r\n<\/td>\r\n<td width=\"302\">60 \/ 80<\/td>\r\n<\/tr>\r\n<tr>\r\n<td width=\"302\">\r\n<p>Varvtal<\/p>\r\n<\/td>\r\n<td width=\"302\">\r\n<p>3000 rpm<\/p>\r\n<\/td>\r\n<\/tr>\r\n<tr>\r\n<td width=\"302\">\r\n<p>Motoreffekt<\/p>\r\n<\/td>\r\n<td width=\"302\">\r\n<p>0,5 kW<\/p>\r\n<\/td>\r\n<\/tr>\r\n<tr>\r\n<td width=\"302\">\r\n<p>Volt<\/p>\r\n<\/td>\r\n<td width=\"302\">\r\n<p>230 V<\/p>\r\n<\/td>\r\n<\/tr>\r\n<tr>\r\n<td width=\"302\">\r\n<p>L\u00e4ngd<\/p>\r\n<\/td>\r\n<td width=\"302\">\r\n<p>450 mm<\/p>\r\n<\/td>\r\n<\/tr>\r\n<tr>\r\n<td width=\"302\">\r\n<p>Djup<\/p>\r\n<\/td>\r\n<td width=\"302\">\r\n<p>210 mm<\/p>\r\n<\/td>\r\n<\/tr>\r\n<tr>\r\n<td width=\"302\">\r\n<p>H\u00f6jd<\/p>\r\n<\/td>\r\n<td width=\"302\">\r\n<p>230 mm<\/p>\r\n<\/td>\r\n<\/tr>\r\n<tr>\r\n<td width=\"302\">\r\n<p>Vikt<\/p>\r\n<\/td>\r\n<td width=\"302\">\r\n<p>14,3 kg<\/p>\r\n<\/td>\r\n<\/tr>\r\n<\/tbody>\r\n<\/table>\r\n<p>&nbsp;<\/p>\r\n<p><\/p>\r\n<div class=\"wp-block-button has-custom-width wp-block-button__width-50\"><a class=\"wp-block-button__link has-white-color has-vivid-red-background-color has-text-color has-background wp-element-button\" href=\"https:\/\/swebalk.com\/wp-content\/uploads\/2024\/12\/Datasheet-Slibex-150.pdf\" target=\"_blank\" rel=\"noreferrer noopener\">Produktblad Slibex 150<\/a><\/div>\r\n<p>\r\n\r\n<\/p>","protected":false},"excerpt":{"rendered":"<p>F\u00f6r normal hobby anv\u00e4ndning. Idealisk f\u00f6r slipning av hobby verktyg och underh\u00e5ll av hush\u00e5llsapparater. Byggd p\u00e5 samma principer som KEF-s professionella verkstadsmaskiner. \u2022 Inkapslad motor \u2022 Justerbart arbetsstycke st\u00f6d \u2022 En stor justerbar \u00f6gonskydd \u2022 L\u00e5sbar s\u00e4kerhets brytare med n\u00f6dstopp \u2022 2 vattenbeh\u00e5llare f\u00f6r kylning \u2022 Sj\u00e4lvsm\u00f6rjande lager Teknisk specifikation Slipskiva \u00d8 x B 150 [&hellip;]<\/p>\n","protected":false},"featured_media":3659,"comment_status":"open","ping_status":"closed","template":"","meta":{"_acf_changed":false},"product_brand":[],"product_cat":[48],"product_tag":[],"class_list":{"0":"post-3657","1":"product","2":"type-product","3":"status-publish","4":"has-post-thumbnail","6":"product_cat-slipning","7":"post","8":"post-with-thumbnail","9":"post-with-thumbnail-large","11":"first","12":"instock","13":"shipping-taxable","14":"product-type-simple"},"acf":[],"_links":{"self":[{"href":"https:\/\/swebalk.com\/en\/wp-json\/wp\/v2\/product\/3657","targetHints":{"allow":["GET"]}}],"collection":[{"href":"https:\/\/swebalk.com\/en\/wp-json\/wp\/v2\/product"}],"about":[{"href":"https:\/\/swebalk.com\/en\/wp-json\/wp\/v2\/types\/product"}],"replies":[{"embeddable":true,"href":"https:\/\/swebalk.com\/en\/wp-json\/wp\/v2\/comments?post=3657"}],"wp:featuredmedia":[{"embeddable":true,"href":"https:\/\/swebalk.com\/en\/wp-json\/wp\/v2\/media\/3659"}],"wp:attachment":[{"href":"https:\/\/swebalk.com\/en\/wp-json\/wp\/v2\/media?parent=3657"}],"wp:term":[{"taxonomy":"product_brand","embeddable":true,"href":"https:\/\/swebalk.com\/en\/wp-json\/wp\/v2\/product_brand?post=3657"},{"taxonomy":"product_cat","embeddable":true,"href":"https:\/\/swebalk.com\/en\/wp-json\/wp\/v2\/product_cat?post=3657"},{"taxonomy":"product_tag","embeddable":true,"href":"https:\/\/swebalk.com\/en\/wp-json\/wp\/v2\/product_tag?post=3657"}],"curies":[{"name":"wp","href":"https:\/\/api.w.org\/{rel}","templated":true}]}}