{"id":3639,"date":"2024-12-08T12:59:02","date_gmt":"2024-12-08T12:59:02","guid":{"rendered":"https:\/\/swebalk.com\/?post_type=product&#038;p=3639"},"modified":"2024-12-08T13:42:30","modified_gmt":"2024-12-08T13:42:30","slug":"pelarslipmaskin-arboga-ep-308","status":"publish","type":"product","link":"https:\/\/swebalk.com\/en\/product\/pelarslipmaskin-arboga-ep-308\/","title":{"rendered":"Pelarslipmaskin Arboga EP 308"},"content":{"rendered":"<p>ARBOGA EP 308 SLIPMASKIN P\u00c5 PEDESTAL \u2013 designad f\u00f6r tungt arbete!<\/p>\r\n<p>Med sin solida konstruktion och kraftfulla motor \u00e4r EP 308 fr\u00e5n ARBOGA den perfekta slipmaskinen f\u00f6r dig som letar efter en kraftfull slipmaskin som klarar av typiska uppgifter och som samtidigt hj\u00e4lper till att uppr\u00e4tth\u00e5lla en h\u00e4lsosam arbetsmilj\u00f6 genom att avge l\u00e5ga niv\u00e5er av mekaniskt och elektriskt brus. Spindel axlarna \u00e4r exakt placerade i v\u00e4l avsk\u00e4rmade damm s\u00e4kra kullager.<\/p>\r\n<p>ARBOGA EP 308 kommer p\u00e5 piedestal med arbetsbord och vatten kopp, komplett med tv\u00e5 slipskivor i slutna skydd med stora justerbara \u00f6gonskydd och arbetsstycke st\u00f6d i gjutj\u00e4rn. Standardversionen \u00e4r f\u00f6rberedd f\u00f6r anslutning till ett utsug system som finns att k\u00f6pa som extrautrustning.<\/p>\r\n<p>ARBOGA EP 308 har en effektiv och kraftfull 1,5 hk motor som inte beh\u00f6ver stillest\u00e5nd f\u00f6r kylning. Utm\u00e4rkt s\u00e4kerhet med separat n\u00f6dstopp i enlighet med CE-m\u00e4rkning. 5 \u00e5rs garanti p\u00e5 motorn.<\/p>\r\n<table>\r\n<tbody>\r\n<tr>\r\n<td width=\"302\">\r\n<p><strong>Teknisk specifikation<\/strong><\/p>\r\n<\/td>\r\n<\/tr>\r\n<tr>\r\n<td width=\"302\">\r\n<p>Slipskiva \u00d8 x B<\/p>\r\n<\/td>\r\n<td width=\"302\">\r\n<p>200 x 32 mm<\/p>\r\n<\/td>\r\n<\/tr>\r\n<tr>\r\n<td width=\"302\">\r\n<p>Slipskivans h\u00e5ldiameter<\/p>\r\n<\/td>\r\n<td width=\"302\">\r\n<p>20 mm<\/p>\r\n<\/td>\r\n<\/tr>\r\n<tr>\r\n<td width=\"302\">\r\n<p>Slipskivans korn<\/p>\r\n<\/td>\r\n<td width=\"302\">\r\n<p>Korn 36 \/ Korn 60<\/p>\r\n<\/td>\r\n<\/tr>\r\n<tr>\r\n<td width=\"302\">\r\n<p>Varvtal<\/p>\r\n<\/td>\r\n<td width=\"302\">\r\n<p>2800 rpm<\/p>\r\n<\/td>\r\n<\/tr>\r\n<tr>\r\n<td width=\"302\">\r\n<p>Motoreffekt<\/p>\r\n<\/td>\r\n<td width=\"302\">\r\n<p>1,5 kW<\/p>\r\n<\/td>\r\n<\/tr>\r\n<tr>\r\n<td width=\"302\">\r\n<p>Volt<\/p>\r\n<\/td>\r\n<td width=\"302\">\r\n<p>400 V<\/p>\r\n<\/td>\r\n<\/tr>\r\n<tr>\r\n<td width=\"302\">\r\n<p>L\u00e4ngd<\/p>\r\n<\/td>\r\n<td width=\"302\">\r\n<p>620 mm<\/p>\r\n<\/td>\r\n<\/tr>\r\n<tr>\r\n<td width=\"302\">\r\n<p>Djup<\/p>\r\n<\/td>\r\n<td width=\"302\">\r\n<p>290 mm<\/p>\r\n<\/td>\r\n<\/tr>\r\n<tr>\r\n<td width=\"302\">\r\n<p>H\u00f6jd<\/p>\r\n<\/td>\r\n<td width=\"302\">\r\n<p>1235 mm<\/p>\r\n<\/td>\r\n<\/tr>\r\n<tr>\r\n<td width=\"302\">\r\n<p>Vikt<\/p>\r\n<\/td>\r\n<td width=\"302\">\r\n<p>59 kg<\/p>\r\n<\/td>\r\n<\/tr>\r\n<\/tbody>\r\n<\/table>\r\n<p>&nbsp;<\/p>\r\n<p><\/p>\r\n<div class=\"wp-block-button has-custom-width wp-block-button__width-50\"><a class=\"wp-block-button__link has-white-color has-vivid-red-background-color has-text-color has-background wp-element-button\" href=\"https:\/\/swebalk.com\/wp-content\/uploads\/2024\/12\/Datasheet-Arboga-EP-308.pdf\" target=\"_blank\" rel=\"noreferrer noopener\">Produktblad Arboga EP 308<\/a><\/div>\r\n<p>\r\n\r\n<\/p>","protected":false},"excerpt":{"rendered":"<p>ARBOGA EP 308 SLIPMASKIN P\u00c5 PEDESTAL \u2013 designad f\u00f6r tungt arbete! Med sin solida konstruktion och kraftfulla motor \u00e4r EP 308 fr\u00e5n ARBOGA den perfekta slipmaskinen f\u00f6r dig som letar efter en kraftfull slipmaskin som klarar av typiska uppgifter och som samtidigt hj\u00e4lper till att uppr\u00e4tth\u00e5lla en h\u00e4lsosam arbetsmilj\u00f6 genom att avge l\u00e5ga niv\u00e5er av [&hellip;]<\/p>\n","protected":false},"featured_media":3640,"comment_status":"open","ping_status":"closed","template":"","meta":{"_acf_changed":false},"product_brand":[],"product_cat":[48],"product_tag":[],"class_list":{"0":"post-3639","1":"product","2":"type-product","3":"status-publish","4":"has-post-thumbnail","6":"product_cat-slipning","7":"post","8":"post-with-thumbnail","9":"post-with-thumbnail-large","11":"first","12":"instock","13":"shipping-taxable","14":"product-type-simple"},"acf":[],"_links":{"self":[{"href":"https:\/\/swebalk.com\/en\/wp-json\/wp\/v2\/product\/3639","targetHints":{"allow":["GET"]}}],"collection":[{"href":"https:\/\/swebalk.com\/en\/wp-json\/wp\/v2\/product"}],"about":[{"href":"https:\/\/swebalk.com\/en\/wp-json\/wp\/v2\/types\/product"}],"replies":[{"embeddable":true,"href":"https:\/\/swebalk.com\/en\/wp-json\/wp\/v2\/comments?post=3639"}],"wp:featuredmedia":[{"embeddable":true,"href":"https:\/\/swebalk.com\/en\/wp-json\/wp\/v2\/media\/3640"}],"wp:attachment":[{"href":"https:\/\/swebalk.com\/en\/wp-json\/wp\/v2\/media?parent=3639"}],"wp:term":[{"taxonomy":"product_brand","embeddable":true,"href":"https:\/\/swebalk.com\/en\/wp-json\/wp\/v2\/product_brand?post=3639"},{"taxonomy":"product_cat","embeddable":true,"href":"https:\/\/swebalk.com\/en\/wp-json\/wp\/v2\/product_cat?post=3639"},{"taxonomy":"product_tag","embeddable":true,"href":"https:\/\/swebalk.com\/en\/wp-json\/wp\/v2\/product_tag?post=3639"}],"curies":[{"name":"wp","href":"https:\/\/api.w.org\/{rel}","templated":true}]}}