{"id":3620,"date":"2024-12-08T12:11:05","date_gmt":"2024-12-08T12:11:05","guid":{"rendered":"https:\/\/swebalk.com\/?post_type=product&#038;p=3620"},"modified":"2024-12-08T13:45:49","modified_gmt":"2024-12-08T13:45:49","slug":"bandslipmaskin-scantool-150","status":"publish","type":"product","link":"https:\/\/swebalk.com\/en\/product\/bandslipmaskin-scantool-150\/","title":{"rendered":"Bandslipmaskin SCANTOOL 150"},"content":{"rendered":"<div class=\"wp-block-columns\">\r\n<div class=\"wp-block-column\">\r\n<figure class=\"wp-block-image size-full\">\r\n<p><strong>Beskrivning<\/strong><br \/>Industriell bandslipmaskin med f\u00f6ljande funktioner:<\/p>\r\n<p>&#8211; Dansk toppkvalitet<\/p>\r\n<p>&#8211; Separat n\u00f6dstopp<\/p>\r\n<p>&#8211; Motorbroms &#8211; standard<\/p>\r\n<p>&#8211; P\u00e5litlig<\/p>\r\n<p>&#8211; Enkel och praktisk drift<\/p>\r\n<p>&#8211; L\u00e4tt att justera<\/p>\r\n<p>&#8211; Snabbt byte av slip band<\/p>\r\n<p>&#8211; 5 \u00e5rs garanti p\u00e5 motorn<\/p>\r\n<p>&#8211; Optimal s\u00e4kerhet<\/p>\r\n<table>\r\n<tbody>\r\n<tr>\r\n<td width=\"302\">\r\n<p><strong>Teknisk specifikation<\/strong><\/p>\r\n<\/td>\r\n<td width=\"302\">\r\n<p>&nbsp;<\/p>\r\n<\/td>\r\n<\/tr>\r\n<tr>\r\n<td width=\"302\">\r\n<p>Slipband dimension<\/p>\r\n<\/td>\r\n<td width=\"302\">\r\n<p>150 x 2000 mm<\/p>\r\n<\/td>\r\n<\/tr>\r\n<tr>\r\n<td width=\"302\">\r\n<p>Hastighet<\/p>\r\n<\/td>\r\n<td width=\"302\">\r\n<p>30 m\/sec.<\/p>\r\n<\/td>\r\n<\/tr>\r\n<tr>\r\n<td width=\"302\">\r\n<p>Kontakthjul \u00d8 x B<\/p>\r\n<\/td>\r\n<td width=\"302\">\r\n<p>200x150x42 mm<\/p>\r\n<\/td>\r\n<\/tr>\r\n<tr>\r\n<td width=\"302\">\r\n<p>Plan yta<\/p>\r\n<\/td>\r\n<td width=\"302\">\r\n<p>605 x 150 mm<\/p>\r\n<\/td>\r\n<\/tr>\r\n<tr>\r\n<td width=\"302\">\r\n<p>Utsug dia<\/p>\r\n<\/td>\r\n<td width=\"302\">\r\n<p>100 mm<\/p>\r\n<\/td>\r\n<\/tr>\r\n<tr>\r\n<td width=\"302\">\r\n<p>Motoreffekt<\/p>\r\n<\/td>\r\n<td width=\"302\">\r\n<p>4,8 kW<\/p>\r\n<\/td>\r\n<\/tr>\r\n<tr>\r\n<td width=\"302\">\r\n<p>Volt<\/p>\r\n<\/td>\r\n<td width=\"302\">\r\n<p>400 V<\/p>\r\n<\/td>\r\n<\/tr>\r\n<tr>\r\n<td width=\"302\">\r\n<p>L\u00e4ngd<\/p>\r\n<\/td>\r\n<td width=\"302\">\r\n<p>1025 mm<\/p>\r\n<\/td>\r\n<\/tr>\r\n<tr>\r\n<td width=\"302\">\r\n<p>Bredd<\/p>\r\n<\/td>\r\n<td width=\"302\">\r\n<p>600 mm<\/p>\r\n<\/td>\r\n<\/tr>\r\n<tr>\r\n<td width=\"302\">\r\n<p>H\u00f6jd<\/p>\r\n<\/td>\r\n<td width=\"302\">\r\n<p>1000 mm<\/p>\r\n<\/td>\r\n<\/tr>\r\n<tr>\r\n<td width=\"302\">\r\n<p>Vikt<\/p>\r\n<\/td>\r\n<td width=\"302\">\r\n<p>100 kg<\/p>\r\n<\/td>\r\n<\/tr>\r\n<\/tbody>\r\n<\/table>\r\n<\/figure>\r\n<\/div>\r\n<\/div>\r\n\r\n\r\n\r\n<div class=\"wp-block-buttons is-layout-flex wp-block-buttons-is-layout-flex\">\r\n<div class=\"wp-block-button\"><a class=\"wp-block-button__link has-white-color has-vivid-red-background-color has-text-color has-background wp-element-button\" href=\"https:\/\/swebalk.com\/wp-content\/uploads\/2024\/12\/Datasheet-Scantool-150.pdf\" target=\"_blank\" rel=\"noreferrer noopener\">Produktblad Scantool 150<\/a><\/div>\r\n<\/div>","protected":false},"excerpt":{"rendered":"<p>BeskrivningIndustriell bandslipmaskin med f\u00f6ljande funktioner: &#8211; Dansk toppkvalitet &#8211; Separat n\u00f6dstopp &#8211; Motorbroms &#8211; standard &#8211; P\u00e5litlig &#8211; Enkel och praktisk drift &#8211; L\u00e4tt att justera &#8211; Snabbt byte av slip band &#8211; 5 \u00e5rs garanti p\u00e5 motorn &#8211; Optimal s\u00e4kerhet Teknisk specifikation &nbsp; Slipband dimension 150 x 2000 mm Hastighet 30 m\/sec. Kontakthjul \u00d8 [&hellip;]<\/p>\n","protected":false},"featured_media":3622,"comment_status":"closed","ping_status":"closed","template":"","meta":{"_acf_changed":false},"product_brand":[],"product_cat":[48],"product_tag":[],"class_list":{"0":"post-3620","1":"product","2":"type-product","3":"status-publish","4":"has-post-thumbnail","6":"product_cat-slipning","7":"post","8":"post-with-thumbnail","9":"post-with-thumbnail-large","11":"first","12":"instock","13":"shipping-taxable","14":"product-type-simple"},"acf":[],"_links":{"self":[{"href":"https:\/\/swebalk.com\/en\/wp-json\/wp\/v2\/product\/3620","targetHints":{"allow":["GET"]}}],"collection":[{"href":"https:\/\/swebalk.com\/en\/wp-json\/wp\/v2\/product"}],"about":[{"href":"https:\/\/swebalk.com\/en\/wp-json\/wp\/v2\/types\/product"}],"replies":[{"embeddable":true,"href":"https:\/\/swebalk.com\/en\/wp-json\/wp\/v2\/comments?post=3620"}],"wp:featuredmedia":[{"embeddable":true,"href":"https:\/\/swebalk.com\/en\/wp-json\/wp\/v2\/media\/3622"}],"wp:attachment":[{"href":"https:\/\/swebalk.com\/en\/wp-json\/wp\/v2\/media?parent=3620"}],"wp:term":[{"taxonomy":"product_brand","embeddable":true,"href":"https:\/\/swebalk.com\/en\/wp-json\/wp\/v2\/product_brand?post=3620"},{"taxonomy":"product_cat","embeddable":true,"href":"https:\/\/swebalk.com\/en\/wp-json\/wp\/v2\/product_cat?post=3620"},{"taxonomy":"product_tag","embeddable":true,"href":"https:\/\/swebalk.com\/en\/wp-json\/wp\/v2\/product_tag?post=3620"}],"curies":[{"name":"wp","href":"https:\/\/api.w.org\/{rel}","templated":true}]}}