{"id":3591,"date":"2024-11-23T11:55:05","date_gmt":"2024-11-23T11:55:05","guid":{"rendered":"https:\/\/swebalk.com\/?post_type=product&#038;p=3591"},"modified":"2024-12-08T13:44:09","modified_gmt":"2024-12-08T13:44:09","slug":"stativ-till-slipmaskin-x","status":"publish","type":"product","link":"https:\/\/swebalk.com\/en\/product\/stativ-till-slipmaskin-x\/","title":{"rendered":"Stativ till slipmaskin X"},"content":{"rendered":"<ul>\r\n<li>Stativ till b\u00e4nkslipmaskin modell X med inbyggt, dubbelt utsug f\u00f6r Scantool E- och T-modeller.<br \/>Stativen kan f\u00e4stas i golvet<\/li>\r\n<\/ul>\r\n<p>\r\n\r\n<\/p>","protected":false},"excerpt":{"rendered":"<p>Stativ till b\u00e4nkslipmaskin modell X med inbyggt, dubbelt utsug f\u00f6r Scantool E- och T-modeller.Stativen kan f\u00e4stas i golvet<\/p>","protected":false},"featured_media":3592,"comment_status":"open","ping_status":"closed","template":"","meta":{"_acf_changed":false},"product_brand":[],"product_cat":[48],"product_tag":[],"class_list":{"0":"post-3591","1":"product","2":"type-product","3":"status-publish","4":"has-post-thumbnail","6":"product_cat-slipning","7":"post","8":"post-with-thumbnail","9":"post-with-thumbnail-large","11":"first","12":"instock","13":"shipping-taxable","14":"product-type-simple"},"acf":[],"_links":{"self":[{"href":"https:\/\/swebalk.com\/en\/wp-json\/wp\/v2\/product\/3591","targetHints":{"allow":["GET"]}}],"collection":[{"href":"https:\/\/swebalk.com\/en\/wp-json\/wp\/v2\/product"}],"about":[{"href":"https:\/\/swebalk.com\/en\/wp-json\/wp\/v2\/types\/product"}],"replies":[{"embeddable":true,"href":"https:\/\/swebalk.com\/en\/wp-json\/wp\/v2\/comments?post=3591"}],"wp:featuredmedia":[{"embeddable":true,"href":"https:\/\/swebalk.com\/en\/wp-json\/wp\/v2\/media\/3592"}],"wp:attachment":[{"href":"https:\/\/swebalk.com\/en\/wp-json\/wp\/v2\/media?parent=3591"}],"wp:term":[{"taxonomy":"product_brand","embeddable":true,"href":"https:\/\/swebalk.com\/en\/wp-json\/wp\/v2\/product_brand?post=3591"},{"taxonomy":"product_cat","embeddable":true,"href":"https:\/\/swebalk.com\/en\/wp-json\/wp\/v2\/product_cat?post=3591"},{"taxonomy":"product_tag","embeddable":true,"href":"https:\/\/swebalk.com\/en\/wp-json\/wp\/v2\/product_tag?post=3591"}],"curies":[{"name":"wp","href":"https:\/\/api.w.org\/{rel}","templated":true}]}}