{"id":3583,"date":"2024-11-23T11:00:46","date_gmt":"2024-11-23T11:00:46","guid":{"rendered":"https:\/\/swebalk.com\/?post_type=product&#038;p=3583"},"modified":"2024-12-08T13:44:54","modified_gmt":"2024-12-08T13:44:54","slug":"bankslipmaskin-sc-200-t","status":"publish","type":"product","link":"https:\/\/swebalk.com\/en\/product\/bankslipmaskin-sc-200-t\/","title":{"rendered":"B\u00e4nkslipmaskin SC 200T"},"content":{"rendered":"<p>&nbsp;<\/p>\r\n<table>\r\n<tbody>\r\n<tr>\r\n<td width=\"302\">\r\n<p><strong>Teknisk specifikation<\/strong><\/p>\r\n<\/td>\r\n<\/tr>\r\n<tr>\r\n<td width=\"302\">\r\n<p>Slipskiva \u00d8 x B<\/p>\r\n<\/td>\r\n<td width=\"302\">\r\n<p>200 x 25 mm<\/p>\r\n<\/td>\r\n<\/tr>\r\n<tr>\r\n<td width=\"302\">\r\n<p>Slipskivans h\u00e5ldiameter<\/p>\r\n<\/td>\r\n<td width=\"302\">\r\n<p>32 mm<\/p>\r\n<\/td>\r\n<\/tr>\r\n<tr>\r\n<td width=\"302\">\r\n<p>Slipskivans korn<\/p>\r\n<\/td>\r\n<td width=\"302\">\r\n<p>Korn 36 \/ Korn 80<\/p>\r\n<\/td>\r\n<\/tr>\r\n<tr>\r\n<td width=\"302\">\r\n<p>Varvtal<\/p>\r\n<\/td>\r\n<td width=\"302\">\r\n<p>3000 rpm<\/p>\r\n<\/td>\r\n<\/tr>\r\n<tr>\r\n<td width=\"302\">\r\n<p>Motoreffekt<\/p>\r\n<\/td>\r\n<td width=\"302\">\r\n<p>0,75 kW<\/p>\r\n<\/td>\r\n<\/tr>\r\n<tr>\r\n<td width=\"302\">\r\n<p>Volt<\/p>\r\n<\/td>\r\n<td width=\"302\">\r\n<p>400 V<\/p>\r\n<\/td>\r\n<\/tr>\r\n<tr>\r\n<td width=\"302\">\r\n<p>L\u00e4ngd<\/p>\r\n<\/td>\r\n<td width=\"302\">\r\n<p>450 mm<\/p>\r\n<\/td>\r\n<\/tr>\r\n<tr>\r\n<td width=\"302\">\r\n<p>Djup<\/p>\r\n<\/td>\r\n<td width=\"302\">\r\n<p>250 mm<\/p>\r\n<\/td>\r\n<\/tr>\r\n<tr>\r\n<td width=\"302\">\r\n<p>H\u00f6jd<\/p>\r\n<\/td>\r\n<td width=\"302\">\r\n<p>320 mm<\/p>\r\n<\/td>\r\n<\/tr>\r\n<tr>\r\n<td width=\"302\">\r\n<p>Vikt<\/p>\r\n<\/td>\r\n<td width=\"302\">\r\n<p>18,3 kg<\/p>\r\n<\/td>\r\n<\/tr>\r\n<\/tbody>\r\n<\/table>\r\n<p>B\u00e4nkslipmaskin f\u00f6r sliparbeten inom industri och underh\u00e5ll. Levereras med en fin och en grov slipskiva.<\/p>\r\n<p><strong>Specifikation<\/strong>:<\/p>\r\n<ul>\r\n<li>\r\n<p>Kan levereras med stativ och inbyggt utsug.<\/p>\r\n<\/li>\r\n<li>\r\n<p>Balanserade slipskivor.<\/p>\r\n<\/li>\r\n<li>\r\n<p>Kraftig motor.<\/p>\r\n<\/li>\r\n<li>\r\n<p>Stora justerbara \u00f6gonskydd.<\/p>\r\n<\/li>\r\n<li>\r\n<p>Justerbart verktygs st\u00f6d.<\/p>\r\n<\/li>\r\n<li>\r\n<p>Justerbar gnistf\u00e5ngare.<\/p>\r\n<\/li>\r\n<li>\r\n<p>Str\u00f6mbrytare med separat n\u00f6dstopp.<\/p>\r\n<\/li>\r\n<li>\r\n<p>5 \u00e5rs garanti p\u00e5 motorn.<\/p>\r\n<\/li>\r\n<li>\r\n<p>Skyddarna \u00e4r kompletta med tappar f\u00f6r utsug.<\/p>\r\n<\/li>\r\n<\/ul>\r\n<p>Stativ k\u00f6pes separat!<\/p>\r\n<p><\/p>\r\n<div class=\"wp-block-button has-custom-width wp-block-button__width-50\"><a class=\"wp-block-button__link has-white-color has-vivid-red-background-color has-text-color has-background wp-element-button\" href=\"https:\/\/swebalk.com\/wp-content\/uploads\/2024\/11\/Datasheet-SC-200T.pdf\" target=\"_blank\" rel=\"noreferrer noopener\">Produktblad SC 200T<\/a><\/div>\r\n<p>\r\n\r\n<\/p>","protected":false},"excerpt":{"rendered":"<p>&nbsp; Teknisk specifikation Slipskiva \u00d8 x B 200 x 25 mm Slipskivans h\u00e5ldiameter 32 mm Slipskivans korn Korn 36 \/ Korn 80 Varvtal 3000 rpm Motoreffekt 0,75 kW Volt 400 V L\u00e4ngd 450 mm Djup 250 mm H\u00f6jd 320 mm Vikt 18,3 kg B\u00e4nkslipmaskin f\u00f6r sliparbeten inom industri och underh\u00e5ll. Levereras med en fin och [&hellip;]<\/p>\n","protected":false},"featured_media":3584,"comment_status":"open","ping_status":"closed","template":"","meta":{"_acf_changed":false},"product_brand":[],"product_cat":[48],"product_tag":[],"class_list":{"0":"post-3583","1":"product","2":"type-product","3":"status-publish","4":"has-post-thumbnail","6":"product_cat-slipning","7":"post","8":"post-with-thumbnail","9":"post-with-thumbnail-large","11":"first","12":"instock","13":"shipping-taxable","14":"product-type-simple"},"acf":[],"_links":{"self":[{"href":"https:\/\/swebalk.com\/en\/wp-json\/wp\/v2\/product\/3583","targetHints":{"allow":["GET"]}}],"collection":[{"href":"https:\/\/swebalk.com\/en\/wp-json\/wp\/v2\/product"}],"about":[{"href":"https:\/\/swebalk.com\/en\/wp-json\/wp\/v2\/types\/product"}],"replies":[{"embeddable":true,"href":"https:\/\/swebalk.com\/en\/wp-json\/wp\/v2\/comments?post=3583"}],"wp:featuredmedia":[{"embeddable":true,"href":"https:\/\/swebalk.com\/en\/wp-json\/wp\/v2\/media\/3584"}],"wp:attachment":[{"href":"https:\/\/swebalk.com\/en\/wp-json\/wp\/v2\/media?parent=3583"}],"wp:term":[{"taxonomy":"product_brand","embeddable":true,"href":"https:\/\/swebalk.com\/en\/wp-json\/wp\/v2\/product_brand?post=3583"},{"taxonomy":"product_cat","embeddable":true,"href":"https:\/\/swebalk.com\/en\/wp-json\/wp\/v2\/product_cat?post=3583"},{"taxonomy":"product_tag","embeddable":true,"href":"https:\/\/swebalk.com\/en\/wp-json\/wp\/v2\/product_tag?post=3583"}],"curies":[{"name":"wp","href":"https:\/\/api.w.org\/{rel}","templated":true}]}}