{"id":3500,"date":"2024-05-19T10:40:45","date_gmt":"2024-05-19T10:40:45","guid":{"rendered":"https:\/\/swebalk.com\/?post_type=product&#038;p=3500"},"modified":"2024-05-19T11:39:14","modified_gmt":"2024-05-19T11:39:14","slug":"kallbandsag-imet-cubo-400-nc-flat","status":"publish","type":"product","link":"https:\/\/swebalk.com\/en\/product\/kallbandsag-imet-cubo-400-nc-flat\/","title":{"rendered":"Kallbands\u00e5g IMET CUBO 400 NC FLAT"},"content":{"rendered":"<div class=\"wp-block-columns\">\r\n<div class=\"wp-block-column\">\r\n<figure class=\"wp-block-image size-full\">\r\n<p>CUBO 400 NC FLAT \u00e4r en hel automatisk bands\u00e5g med CNC styrning l\u00e4mplig f\u00f6r serieproduktion av r\u00f6r, st\u00e4nger, profiler och fasta material. Maskin armen rotation \u00e4r manuell. Tack vare INDUSTRY 4.0 READY som tillval kan anv\u00e4ndaren fj\u00e4rrstyra sin maskin (eller med den 7&#8243; integrerade peksk\u00e4rmen)<\/p>\r\n<table>\r\n<tbody>\r\n<tr>\r\n<td>Motor effekt<\/td>\r\n<td>2,2 kW<\/td>\r\n<\/tr>\r\n<tr>\r\n<td>Blad hastighet<\/td>\r\n<td>18-100m\/min<\/td>\r\n<\/tr>\r\n<tr>\r\n<td>Min. sk\u00e4r l\u00e4ngd<\/td>\r\n<td>20 mm<\/td>\r\n<\/tr>\r\n<tr>\r\n<td>Min. skrot l\u00e4ngd<\/td>\r\n<td>80 mm<\/td>\r\n<\/tr>\r\n<tr>\r\n<td>Material matnings l\u00e4ngd (singel)<\/td>\r\n<td>515 mm<\/td>\r\n<\/tr>\r\n<tr>\r\n<td>Matnings motor effekt<\/td>\r\n<td>0,75 kW<\/td>\r\n<\/tr>\r\n<tr>\r\n<td>Arbetsh\u00f6jd<\/td>\r\n<td>890 mm<\/td>\r\n<\/tr>\r\n<tr>\r\n<td>Maskin dimension<\/td>\r\n<td>2405 x 2305 x 2170 mm<\/td>\r\n<\/tr>\r\n<tr>\r\n<td>Vikt<\/td>\r\n<td>990 kg<\/td>\r\n<\/tr>\r\n<\/tbody>\r\n<\/table>\r\n<\/figure>\r\n<\/div>\r\n<\/div>\r\n<!-- \/wp:post-content -->\r\n\r\n<!-- wp:table -->\r\n<figure class=\"wp-block-table\">\r\n<table>\r\n<tbody>\r\n<tr>\r\n<td class=\"has-text-align-center\" data-align=\"center\"><b>CUBO 400 NC<\/b><\/td>\r\n<td><strong>90\u00b0<\/strong><\/td>\r\n<td><strong>+45\u00b0<\/strong><\/td>\r\n<td><strong>+60\u00b0<\/strong><\/td>\r\n<\/tr>\r\n<tr>\r\n<td class=\"has-text-align-center\" data-align=\"center\"><img decoding=\"async\" src=\"https:\/\/www.pilous.cz\/user_uploads\/METAL\/Picto_tabulka\/01_kolo.jpg\" alt=\"\" \/><\/td>\r\n<td>310<\/td>\r\n<td>280<\/td>\r\n<td>210<\/td>\r\n<\/tr>\r\n<tr>\r\n<td class=\"has-text-align-center\" data-align=\"center\"><img decoding=\"async\" src=\"https:\/\/www.pilous.cz\/user_uploads\/METAL\/Picto_tabulka\/02_ctverec.jpg\" alt=\"\" \/><\/td>\r\n<td>280<\/td>\r\n<td>270<\/td>\r\n<td>200<\/td>\r\n<\/tr>\r\n<tr>\r\n<td class=\"has-text-align-center\" data-align=\"center\"><img decoding=\"async\" src=\"https:\/\/www.pilous.cz\/user_uploads\/METAL\/Picto_tabulka\/03_obdelnik.jpg\" alt=\"\" \/><\/td>\r\n<td>400 x 250<\/td>\r\n<td>300 x 200<\/td>\r\n<td>200 x 200<\/td>\r\n<\/tr>\r\n<\/tbody>\r\n<\/table>\r\n<\/figure>\r\n<!-- \/wp:table -->\r\n\r\n<!-- wp:paragraph \/-->\r\n\r\n<!-- wp:buttons -->\r\n<div class=\"wp-block-buttons\"><!-- wp:button {\"backgroundColor\":\"vivid-red\",\"textColor\":\"white\"} -->\r\n<div class=\"wp-block-button\"><a class=\"wp-block-button__link has-white-color has-vivid-red-background-color has-text-color has-background wp-element-button\" href=\"https:\/\/swebalk.com\/wp-content\/uploads\/2024\/05\/098304-40_I.pdf\" target=\"_blank\" rel=\"noreferrer noopener\">Produktblad CUBO 400 NC Flat<\/a><\/div>\r\n<!-- \/wp:button --><\/div>\r\n<!-- \/wp:buttons -->\r\n\r\n<!-- wp:paragraph -->\r\n<p>Passande rullbanor se bild galleri!<\/p>\r\n<p>&nbsp;<\/p>\r\n<!-- \/wp:paragraph -->\r\n\r\n<!-- wp:image {\"id\":1557,\"sizeSlug\":\"full\",\"linkDestination\":\"none\"} \/-->","protected":false},"excerpt":{"rendered":"<p>CUBO 400 NC FLAT \u00e4r en hel automatisk bands\u00e5g med CNC styrning l\u00e4mplig f\u00f6r serieproduktion av r\u00f6r, st\u00e4nger, profiler och fasta material. Maskin armen rotation \u00e4r manuell. Tack vare INDUSTRY 4.0 READY som tillval kan anv\u00e4ndaren fj\u00e4rrstyra sin maskin (eller med den 7&#8243; integrerade peksk\u00e4rmen) Motor effekt 2,2 kW Blad hastighet 18-100m\/min Min. sk\u00e4r l\u00e4ngd [&hellip;]<\/p>\n","protected":false},"featured_media":3501,"comment_status":"open","ping_status":"closed","template":"","meta":{"_acf_changed":false},"product_brand":[],"product_cat":[43],"product_tag":[],"class_list":{"0":"post-3500","1":"product","2":"type-product","3":"status-publish","4":"has-post-thumbnail","6":"product_cat-sagning-kapning-2","7":"post","8":"post-with-thumbnail","9":"post-with-thumbnail-large","11":"first","12":"instock","13":"shipping-taxable","14":"product-type-simple"},"acf":[],"_links":{"self":[{"href":"https:\/\/swebalk.com\/en\/wp-json\/wp\/v2\/product\/3500","targetHints":{"allow":["GET"]}}],"collection":[{"href":"https:\/\/swebalk.com\/en\/wp-json\/wp\/v2\/product"}],"about":[{"href":"https:\/\/swebalk.com\/en\/wp-json\/wp\/v2\/types\/product"}],"replies":[{"embeddable":true,"href":"https:\/\/swebalk.com\/en\/wp-json\/wp\/v2\/comments?post=3500"}],"wp:featuredmedia":[{"embeddable":true,"href":"https:\/\/swebalk.com\/en\/wp-json\/wp\/v2\/media\/3501"}],"wp:attachment":[{"href":"https:\/\/swebalk.com\/en\/wp-json\/wp\/v2\/media?parent=3500"}],"wp:term":[{"taxonomy":"product_brand","embeddable":true,"href":"https:\/\/swebalk.com\/en\/wp-json\/wp\/v2\/product_brand?post=3500"},{"taxonomy":"product_cat","embeddable":true,"href":"https:\/\/swebalk.com\/en\/wp-json\/wp\/v2\/product_cat?post=3500"},{"taxonomy":"product_tag","embeddable":true,"href":"https:\/\/swebalk.com\/en\/wp-json\/wp\/v2\/product_tag?post=3500"}],"curies":[{"name":"wp","href":"https:\/\/api.w.org\/{rel}","templated":true}]}}