{"id":3476,"date":"2024-05-19T09:14:36","date_gmt":"2024-05-19T09:14:36","guid":{"rendered":"https:\/\/swebalk.com\/?post_type=product&#038;p=3476"},"modified":"2024-05-19T10:08:07","modified_gmt":"2024-05-19T10:08:07","slug":"rullbana-kallbandsag-pilous-d-system","status":"publish","type":"product","link":"https:\/\/swebalk.com\/en\/product\/rullbana-kallbandsag-pilous-d-system\/","title":{"rendered":"Rullbana kallbands\u00e5g Pilous D-system"},"content":{"rendered":"\r\n<div class=\"wp-block-columns\">\r\n<div class=\"wp-block-column\">\r\n<figure>Ett massivt, extremt stabilt och originellt modulsystem m\u00f6jligg\u00f6r variation i vals placering och mycket enkel installation av tillbeh\u00f6ren &#8211; manuella eller digitala m\u00e4tanordningar, pl\u00e5t skydd mellan enskilda valsar, material r\u00e4nna, extra valsar inklusive plast rullar, material beh\u00e5llare och kylv\u00e4tskan tank. Extrem stabilitet och livsl\u00e4ngd garanteras av de 3 mm tjocka galvaniserade pl\u00e5tarna som t\u00e4cker alla delar av enheten. Transport\u00f6rerna tillverkas med rullbredd 200, 300 eller 400 mm. Enskilda moduler \u00e4r 2 och 3 m l\u00e5nga och kan kopplas ihop. F\u00f6r att uppn\u00e5 maximal stabilitet \u00e4r 2 m transport\u00f6ren utrustad med ett ben och 3 m transport\u00f6ren med tv\u00e5 ben. De yttersta benen \u00e4r dessutom s\u00e4krade med ett par h\u00f6rn f\u00f6rst\u00e4rkningar. Det finns n\u00f6dv\u00e4ndiga anslutnings- och samman kopplings delar tillg\u00e4ngliga som m\u00f6jligg\u00f6r installation p\u00e5 en hel rad maskiner. Det massiva utdrags systemet m\u00f6jligg\u00f6r justerbar ben h\u00f6jd fr\u00e5n 865 mm till 935 mm.<\/figure>\r\n<figure class=\"wp-block-table is-style-stripes has-small-font-size\">\r\n<table style=\"height: 233px;\" width=\"1011\">\r\n<tbody>\r\n<tr>\r\n<td width=\"90\"><strong>Artikel<\/strong><\/td>\r\n<td width=\"116\"><strong>Ben\u00e4mning<\/strong><\/td>\r\n<td width=\"86\"><strong>Bredd<\/strong><\/td>\r\n<td width=\"103\"><strong>Antal st\u00f6dben<\/strong><\/td>\r\n<td width=\"75\"><strong>Antal rullar<\/strong><\/td>\r\n<td width=\"104\"><strong>Diameter rullar<\/strong><\/td>\r\n<td width=\"112\"><strong>Total l\u00e4ngd [mm]<\/strong><\/td>\r\n<td width=\"146\"><strong>Last kapacitet [kg\/1m]<\/strong><\/td>\r\n<td width=\"111\"><strong>Max. antal rullar<\/strong><\/td>\r\n<\/tr>\r\n<tr>\r\n<td>414101010<\/td>\r\n<td width=\"116\">D 200 \/ 2m<\/td>\r\n<td width=\"86\">200<\/td>\r\n<td width=\"103\">1<\/td>\r\n<td width=\"75\">6<\/td>\r\n<td width=\"104\">60<\/td>\r\n<td width=\"112\">1980<\/td>\r\n<td width=\"146\">300<\/td>\r\n<td width=\"111\">17<\/td>\r\n<\/tr>\r\n<tr>\r\n<td>414101020<\/td>\r\n<td width=\"116\">D 300 \/ 2m<\/td>\r\n<td width=\"86\">300<\/td>\r\n<td width=\"103\">1<\/td>\r\n<td width=\"75\">6<\/td>\r\n<td width=\"104\">60<\/td>\r\n<td width=\"112\">1980<\/td>\r\n<td width=\"146\">300<\/td>\r\n<td width=\"111\">17<\/td>\r\n<\/tr>\r\n<tr>\r\n<td>414101030<\/td>\r\n<td width=\"116\">D 400 \/ 2m<\/td>\r\n<td width=\"86\">400<\/td>\r\n<td width=\"103\">1<\/td>\r\n<td width=\"75\">6<\/td>\r\n<td width=\"104\">60<\/td>\r\n<td width=\"112\">1980<\/td>\r\n<td width=\"146\">300<\/td>\r\n<td width=\"111\">17<\/td>\r\n<\/tr>\r\n<tr>\r\n<td>414101040<\/td>\r\n<td width=\"116\">D 200 \/ 3m<\/td>\r\n<td width=\"86\">200<\/td>\r\n<td width=\"103\">2<\/td>\r\n<td width=\"75\">10<\/td>\r\n<td width=\"104\">60<\/td>\r\n<td width=\"112\">2980<\/td>\r\n<td width=\"146\">300<\/td>\r\n<td width=\"111\">27<\/td>\r\n<\/tr>\r\n<tr>\r\n<td>414101050<\/td>\r\n<td width=\"116\">D 300 \/ 3m<\/td>\r\n<td width=\"86\">300<\/td>\r\n<td width=\"103\">2<\/td>\r\n<td width=\"75\">10<\/td>\r\n<td width=\"104\">60<\/td>\r\n<td width=\"112\">2980<\/td>\r\n<td width=\"146\">300<\/td>\r\n<td width=\"111\">27<\/td>\r\n<\/tr>\r\n<tr>\r\n<td>414101060<\/td>\r\n<td width=\"116\">D 400 \/ 3m<\/td>\r\n<td width=\"86\">400<\/td>\r\n<td width=\"103\">2<\/td>\r\n<td width=\"75\">10<\/td>\r\n<td width=\"104\">60<\/td>\r\n<td width=\"112\">2980<\/td>\r\n<td width=\"146\">300<\/td>\r\n<td width=\"111\">27<\/td>\r\n<\/tr>\r\n<\/tbody>\r\n<\/table>\r\n<\/figure>\r\n<\/div>\r\n<\/div>\r\n<div>\r\n<figure>Manuel m\u00e4tskala finns som tillval till rullbanor i D-System. F\u00f6r digital m\u00e4tskala kontakta v\u00e5r kundservice<\/figure>\r\n<figure class=\"wp-block-table is-style-stripes has-small-font-size\">\r\n<table style=\"height: 234px;\" width=\"855\">\r\n<tbody>\r\n<tr>\r\n<td width=\"70\"><strong>Artikel<\/strong><\/td>\r\n<td width=\"158\"><strong>Ben\u00e4mning<\/strong><\/td>\r\n<td width=\"143\"><strong>M\u00e4tnings l\u00e4ngd [mm]\u00a0<\/strong><\/td>\r\n<td width=\"113\"><strong>Total l\u00e4ngd [mm]<\/strong><\/td>\r\n<\/tr>\r\n<tr>\r\n<td>414101070<\/td>\r\n<td>DO 200,\u00a0300,\u00a0400\u00a0\/ 2m<\/td>\r\n<td>1700<\/td>\r\n<td>1980<\/td>\r\n<\/tr>\r\n<tr>\r\n<td>414101080<\/td>\r\n<td>DO 200,\u00a0300,\u00a0400\u00a0\/\u00a03m<\/td>\r\n<td>2700<\/td>\r\n<td>2980<\/td>\r\n<\/tr>\r\n<tr>\r\n<td>414101090<\/td>\r\n<td>DO 200,\u00a0300,\u00a0400\u00a0\/\u00a04m<\/td>\r\n<td>3700<\/td>\r\n<td>3955<\/td>\r\n<\/tr>\r\n<tr>\r\n<td>414101100<\/td>\r\n<td>DO 200,\u00a0300,\u00a0400\u00a0\/ 5m<\/td>\r\n<td>4700<\/td>\r\n<td>4955<\/td>\r\n<\/tr>\r\n<tr>\r\n<td>414101110<\/td>\r\n<td>DO 200, 300, 400 \/ 6m<\/td>\r\n<td>5700<\/td>\r\n<td>5955<\/td>\r\n<\/tr>\r\n<\/tbody>\r\n<\/table>\r\n<\/figure>\r\n<\/div>\r\n<p>&nbsp;<\/p>\r\n\r\n\r\n","protected":false},"excerpt":{"rendered":"<p>Ett massivt, extremt stabilt och originellt modulsystem m\u00f6jligg\u00f6r variation i vals placering och mycket enkel installation av tillbeh\u00f6ren &#8211; manuella eller digitala m\u00e4tanordningar, pl\u00e5t skydd mellan enskilda valsar, material r\u00e4nna, extra valsar inklusive plast rullar, material beh\u00e5llare och kylv\u00e4tskan tank. Extrem stabilitet och livsl\u00e4ngd garanteras av de 3 mm tjocka galvaniserade pl\u00e5tarna som t\u00e4cker alla [&hellip;]<\/p>\n","protected":false},"featured_media":3483,"comment_status":"open","ping_status":"closed","template":"","meta":{"_acf_changed":false},"product_brand":[],"product_cat":[43],"product_tag":[],"class_list":{"0":"post-3476","1":"product","2":"type-product","3":"status-publish","4":"has-post-thumbnail","6":"product_cat-sagning-kapning-2","7":"post","8":"post-with-thumbnail","9":"post-with-thumbnail-large","11":"first","12":"instock","13":"shipping-taxable","14":"product-type-simple"},"acf":[],"_links":{"self":[{"href":"https:\/\/swebalk.com\/en\/wp-json\/wp\/v2\/product\/3476","targetHints":{"allow":["GET"]}}],"collection":[{"href":"https:\/\/swebalk.com\/en\/wp-json\/wp\/v2\/product"}],"about":[{"href":"https:\/\/swebalk.com\/en\/wp-json\/wp\/v2\/types\/product"}],"replies":[{"embeddable":true,"href":"https:\/\/swebalk.com\/en\/wp-json\/wp\/v2\/comments?post=3476"}],"wp:featuredmedia":[{"embeddable":true,"href":"https:\/\/swebalk.com\/en\/wp-json\/wp\/v2\/media\/3483"}],"wp:attachment":[{"href":"https:\/\/swebalk.com\/en\/wp-json\/wp\/v2\/media?parent=3476"}],"wp:term":[{"taxonomy":"product_brand","embeddable":true,"href":"https:\/\/swebalk.com\/en\/wp-json\/wp\/v2\/product_brand?post=3476"},{"taxonomy":"product_cat","embeddable":true,"href":"https:\/\/swebalk.com\/en\/wp-json\/wp\/v2\/product_cat?post=3476"},{"taxonomy":"product_tag","embeddable":true,"href":"https:\/\/swebalk.com\/en\/wp-json\/wp\/v2\/product_tag?post=3476"}],"curies":[{"name":"wp","href":"https:\/\/api.w.org\/{rel}","templated":true}]}}