{"id":3466,"date":"2024-05-19T08:42:13","date_gmt":"2024-05-19T08:42:13","guid":{"rendered":"https:\/\/swebalk.com\/?post_type=product&#038;p=3466"},"modified":"2024-05-19T10:26:30","modified_gmt":"2024-05-19T10:26:30","slug":"kapmaskin-sirio-315-sh","status":"publish","type":"product","link":"https:\/\/swebalk.com\/en\/product\/kapmaskin-sirio-315-sh\/","title":{"rendered":"Kapmaskin SIRIO 315 SH"},"content":{"rendered":"<div class=\"wp-block-columns\">\r\n<div class=\"wp-block-column\">\r\n<figure class=\"wp-block-table is-style-stripes has-small-font-size\">\r\n<p>SIRIO 315 SH \u00e4r den halvautomatiska vertikala kaps\u00e5gen f\u00f6r s\u00e5gning fr\u00e5n 0\u00b0 till 45\u00b0 h\u00f6ger och fr\u00e5n 0\u00b0 till 60\u00b0 v\u00e4nster. SIRIO 315 SH \u00e4r den idealiska maskinen f\u00f6r kapning av massiva och st\u00e5l profiler (\u00e4ven med h\u00f6gt motst\u00e5nd)<\/p>\r\n<table>\r\n<tbody>\r\n<tr>\r\n<td>Kapklingans diameter max<\/td>\r\n<td>315 mm<\/td>\r\n<\/tr>\r\n<tr>\r\n<td>Kapklingas h\u00e5l diameter<\/td>\r\n<td>32 mm<\/td>\r\n<\/tr>\r\n<tr>\r\n<td>Hastighet<\/td>\r\n<td>17\/33 rpm<\/td>\r\n<\/tr>\r\n<tr>\r\n<td>Dubbla hastighet (tillval)<\/td>\r\n<td>33\/66 rpm<\/td>\r\n<\/tr>\r\n<tr>\r\n<td>Motor effekt<\/td>\r\n<td>\u00a01,5\/1,8 KW<\/td>\r\n<\/tr>\r\n<tr>\r\n<td>Arbetsh\u00f6jd bord<\/td>\r\n<td>920 mm<\/td>\r\n<\/tr>\r\n<tr>\r\n<td>Dimension mm<\/td>\r\n<td>800 x 900 x 1950<\/td>\r\n<\/tr>\r\n<tr>\r\n<td>Vikt<\/td>\r\n<td>360 kg<\/td>\r\n<\/tr>\r\n<\/tbody>\r\n<\/table>\r\n<\/figure>\r\n\r\n\r\n<b>Kapklinga 414105040 kan best\u00e4llas separat!<\/b>\r\n<ul><\/ul>\r\n<!-- \/wp:post-content --><\/div>\r\n<!-- \/wp:column --><\/div>\r\n<!-- \/wp:columns -->\r\n\r\n<!-- wp:table -->\r\n<figure class=\"wp-block-table\">\r\n<table>\r\n<tbody>\r\n<tr>\r\n<td class=\"has-text-align-center\" data-align=\"center\"><strong>\u00a0<\/strong><\/td>\r\n<td><strong>0\u00b0<\/strong><\/td>\r\n<td><strong>-45\u00b0<\/strong><\/td>\r\n<td><strong>+45\u00b0<\/strong><\/td>\r\n<td><strong>-60\u00b0<\/strong><\/td>\r\n<\/tr>\r\n<tr>\r\n<td class=\"has-text-align-center\" data-align=\"center\"><img decoding=\"async\" src=\"https:\/\/www.pilous.cz\/user_uploads\/METAL\/Picto_tabulka\/01_kolo.jpg\" alt=\"\" \/><\/td>\r\n<td>108<\/td>\r\n<td>108<\/td>\r\n<td>108<\/td>\r\n<td>93<\/td>\r\n<\/tr>\r\n<tr>\r\n<td class=\"has-text-align-center\" data-align=\"center\"><img decoding=\"async\" src=\"https:\/\/www.pilous.cz\/user_uploads\/METAL\/Picto_tabulka\/02_ctverec.jpg\" alt=\"\" \/><\/td>\r\n<td>93<\/td>\r\n<td>\u00a093<\/td>\r\n<td>\u00a093<\/td>\r\n<td>80<\/td>\r\n<\/tr>\r\n<tr>\r\n<td class=\"has-text-align-center\" data-align=\"center\"><img decoding=\"async\" src=\"https:\/\/www.pilous.cz\/user_uploads\/METAL\/Picto_tabulka\/03_obdelnik.jpg\" alt=\"\" \/><\/td>\r\n<td>150 x 90<\/td>\r\n<td>105 x 80<\/td>\r\n<td>105 x 80<\/td>\r\n<td>75 x 90<\/td>\r\n<\/tr>\r\n<\/tbody>\r\n<\/table>\r\n<\/figure>\r\n<!-- \/wp:table -->\r\n\r\n<!-- wp:paragraph -->\r\n<p>&nbsp;<\/p>\r\n<!-- \/wp:paragraph -->\r\n\r\n<!-- wp:buttons -->\r\n<div class=\"wp-block-buttons\"><!-- wp:button {\"backgroundColor\":\"vivid-red\",\"textColor\":\"white\"} -->\r\n<div class=\"wp-block-button\"><a class=\"wp-block-button__link has-white-color has-vivid-red-background-color has-text-color has-background wp-element-button\" href=\"https:\/\/swebalk.com\/wp-content\/uploads\/2024\/05\/053301_I.pdf\" target=\"_blank\" rel=\"noreferrer noopener\">Produktblad SIRIO 315 SH<\/a><\/div>\r\n<!-- \/wp:button --><\/div>\r\n<!-- \/wp:buttons -->","protected":false},"excerpt":{"rendered":"<p>SIRIO 315 SH \u00e4r den halvautomatiska vertikala kaps\u00e5gen f\u00f6r s\u00e5gning fr\u00e5n 0\u00b0 till 45\u00b0 h\u00f6ger och fr\u00e5n 0\u00b0 till 60\u00b0 v\u00e4nster. SIRIO 315 SH \u00e4r den idealiska maskinen f\u00f6r kapning av massiva och st\u00e5l profiler (\u00e4ven med h\u00f6gt motst\u00e5nd) Kapklingans diameter max 315 mm Kapklingas h\u00e5l diameter 32 mm Hastighet 17\/33 rpm Dubbla hastighet (tillval) [&hellip;]<\/p>\n","protected":false},"featured_media":3462,"comment_status":"open","ping_status":"closed","template":"","meta":{"_acf_changed":false},"product_brand":[],"product_cat":[43],"product_tag":[],"class_list":{"0":"post-3466","1":"product","2":"type-product","3":"status-publish","4":"has-post-thumbnail","6":"product_cat-sagning-kapning-2","7":"post","8":"post-with-thumbnail","9":"post-with-thumbnail-large","11":"first","12":"instock","13":"shipping-taxable","14":"product-type-simple"},"acf":[],"_links":{"self":[{"href":"https:\/\/swebalk.com\/en\/wp-json\/wp\/v2\/product\/3466","targetHints":{"allow":["GET"]}}],"collection":[{"href":"https:\/\/swebalk.com\/en\/wp-json\/wp\/v2\/product"}],"about":[{"href":"https:\/\/swebalk.com\/en\/wp-json\/wp\/v2\/types\/product"}],"replies":[{"embeddable":true,"href":"https:\/\/swebalk.com\/en\/wp-json\/wp\/v2\/comments?post=3466"}],"wp:featuredmedia":[{"embeddable":true,"href":"https:\/\/swebalk.com\/en\/wp-json\/wp\/v2\/media\/3462"}],"wp:attachment":[{"href":"https:\/\/swebalk.com\/en\/wp-json\/wp\/v2\/media?parent=3466"}],"wp:term":[{"taxonomy":"product_brand","embeddable":true,"href":"https:\/\/swebalk.com\/en\/wp-json\/wp\/v2\/product_brand?post=3466"},{"taxonomy":"product_cat","embeddable":true,"href":"https:\/\/swebalk.com\/en\/wp-json\/wp\/v2\/product_cat?post=3466"},{"taxonomy":"product_tag","embeddable":true,"href":"https:\/\/swebalk.com\/en\/wp-json\/wp\/v2\/product_tag?post=3466"}],"curies":[{"name":"wp","href":"https:\/\/api.w.org\/{rel}","templated":true}]}}