{"id":3453,"date":"2024-05-19T08:23:43","date_gmt":"2024-05-19T08:23:43","guid":{"rendered":"https:\/\/swebalk.com\/?post_type=product&#038;p=3453"},"modified":"2024-05-19T14:28:42","modified_gmt":"2024-05-19T14:28:42","slug":"kapmaskin-velox-350-af-nc","status":"publish","type":"product","link":"https:\/\/swebalk.com\/en\/product\/kapmaskin-velox-350-af-nc\/","title":{"rendered":"Kapmaskin VELOX 350 AF-NC"},"content":{"rendered":"<div class=\"wp-block-columns\">\r\n<div class=\"wp-block-column\">\r\n<figure class=\"wp-block-table is-style-stripes has-small-font-size\">\r\n<p>VELOX 350 AF-NC \u00e4r IMET automatiska kaps\u00e5g maskin, idealiskt f\u00f6r att sk\u00e4ra legeringar och aluminium, VELOX 350 AF-NC utf\u00f6r snitt fr\u00e5n 45\u00b0 v\u00e4nster till 45\u00b0 h\u00f6ger och lutande upp till 45\u00b0 och \u00e4r l\u00e4mplig f\u00f6r sk\u00e4rning av r\u00f6r och hela avsnitt.<\/p>\r\n<table>\r\n<tbody>\r\n<tr>\r\n<td>Kapklingans diameter max<\/td>\r\n<td>350 mm<\/td>\r\n<\/tr>\r\n<tr>\r\n<td>Kapklingas h\u00e5l diameter<\/td>\r\n<td>32 mm<\/td>\r\n<\/tr>\r\n<tr>\r\n<td>Hastighet<\/td>\r\n<td>3600rpm<\/td>\r\n<\/tr>\r\n<tr>\r\n<td>Motor effekt<\/td>\r\n<td>2.2 KW<\/td>\r\n<\/tr>\r\n<tr>\r\n<td>Stroke matning\u00a0<\/td>\r\n<td>520 mm<\/td>\r\n<\/tr>\r\n<tr>\r\n<td>Min. skrot rest<\/td>\r\n<td>355 mm<\/td>\r\n<\/tr>\r\n<tr>\r\n<td>Min. sk\u00e4r l\u00e4ngd i auto<\/td>\r\n<td>15 mm<\/td>\r\n<\/tr>\r\n<tr>\r\n<td>Arbetsh\u00f6jd bord<\/td>\r\n<td>930 mm<\/td>\r\n<\/tr>\r\n<tr>\r\n<td>Dimension mm<\/td>\r\n<td>1800 x 1450 x 1950<\/td>\r\n<\/tr>\r\n<tr>\r\n<td>Vikt<\/td>\r\n<td>607 kg<\/td>\r\n<\/tr>\r\n<\/tbody>\r\n<\/table>\r\n<\/figure>\r\n\r\n\r\n<b>Kapklinga 414105080 kan best\u00e4llas separat!<\/b>\r\n<ul><\/ul>\r\n<!-- \/wp:post-content --><\/div>\r\n<!-- \/wp:column --><\/div>\r\n<!-- \/wp:columns -->\r\n\r\n<!-- wp:table -->\r\n<figure class=\"wp-block-table\">\r\n<table>\r\n<tbody>\r\n<tr>\r\n<td class=\"has-text-align-center\" data-align=\"center\"><strong>\u00a0<\/strong><\/td>\r\n<td><strong>0\u00b0<\/strong><\/td>\r\n<td><strong>-45\u00b0<\/strong><\/td>\r\n<td><strong>+45\u00b0<\/strong><\/td>\r\n<td><strong>lutande 45\u00b0<\/strong><\/td>\r\n<\/tr>\r\n<tr>\r\n<td class=\"has-text-align-center\" data-align=\"center\"><img decoding=\"async\" src=\"https:\/\/www.pilous.cz\/user_uploads\/METAL\/Picto_tabulka\/01_kolo.jpg\" alt=\"\" \/><\/td>\r\n<td>120<\/td>\r\n<td>115<\/td>\r\n<td>115<\/td>\r\n<td>65<\/td>\r\n<\/tr>\r\n<tr>\r\n<td class=\"has-text-align-center\" data-align=\"center\"><img decoding=\"async\" src=\"https:\/\/www.pilous.cz\/user_uploads\/METAL\/Picto_tabulka\/02_ctverec.jpg\" alt=\"\" \/><\/td>\r\n<td>105<\/td>\r\n<td>100<\/td>\r\n<td>100<\/td>\r\n<td>60<\/td>\r\n<\/tr>\r\n<tr>\r\n<td class=\"has-text-align-center\" data-align=\"center\"><img decoding=\"async\" src=\"https:\/\/www.pilous.cz\/user_uploads\/METAL\/Picto_tabulka\/03_obdelnik.jpg\" alt=\"\" \/><\/td>\r\n<td>200 x 80<\/td>\r\n<td>150 x 80<\/td>\r\n<td>150 x 80<\/td>\r\n<td>180 x 50<\/td>\r\n<\/tr>\r\n<\/tbody>\r\n<\/table>\r\n<\/figure>\r\n<!-- \/wp:table -->\r\n\r\n<!-- wp:paragraph -->\r\n<p>&nbsp;<\/p>\r\n<!-- \/wp:paragraph -->\r\n\r\n<!-- wp:buttons -->\r\n<div class=\"wp-block-buttons\"><!-- wp:button {\"backgroundColor\":\"vivid-red\",\"textColor\":\"white\"} -->\r\n<div class=\"wp-block-button\"><a class=\"wp-block-button__link has-white-color has-vivid-red-background-color has-text-color has-background wp-element-button\" href=\"https:\/\/swebalk.com\/wp-content\/uploads\/2024\/05\/087302_I.pdf\" target=\"_blank\" rel=\"noreferrer noopener\">Produktblad VELOX 350 AF-NC<\/a><\/div>\r\n<!-- \/wp:button --><\/div>\r\n<!-- \/wp:buttons -->","protected":false},"excerpt":{"rendered":"<p>VELOX 350 AF-NC \u00e4r IMET automatiska kaps\u00e5g maskin, idealiskt f\u00f6r att sk\u00e4ra legeringar och aluminium, VELOX 350 AF-NC utf\u00f6r snitt fr\u00e5n 45\u00b0 v\u00e4nster till 45\u00b0 h\u00f6ger och lutande upp till 45\u00b0 och \u00e4r l\u00e4mplig f\u00f6r sk\u00e4rning av r\u00f6r och hela avsnitt. Kapklingans diameter max 350 mm Kapklingas h\u00e5l diameter 32 mm Hastighet 3600rpm Motor effekt [&hellip;]<\/p>\n","protected":false},"featured_media":3474,"comment_status":"open","ping_status":"closed","template":"","meta":{"_acf_changed":false},"product_brand":[],"product_cat":[43],"product_tag":[],"class_list":{"0":"post-3453","1":"product","2":"type-product","3":"status-publish","4":"has-post-thumbnail","6":"product_cat-sagning-kapning-2","7":"post","8":"post-with-thumbnail","9":"post-with-thumbnail-large","11":"first","12":"instock","13":"shipping-taxable","14":"product-type-simple"},"acf":[],"_links":{"self":[{"href":"https:\/\/swebalk.com\/en\/wp-json\/wp\/v2\/product\/3453","targetHints":{"allow":["GET"]}}],"collection":[{"href":"https:\/\/swebalk.com\/en\/wp-json\/wp\/v2\/product"}],"about":[{"href":"https:\/\/swebalk.com\/en\/wp-json\/wp\/v2\/types\/product"}],"replies":[{"embeddable":true,"href":"https:\/\/swebalk.com\/en\/wp-json\/wp\/v2\/comments?post=3453"}],"wp:featuredmedia":[{"embeddable":true,"href":"https:\/\/swebalk.com\/en\/wp-json\/wp\/v2\/media\/3474"}],"wp:attachment":[{"href":"https:\/\/swebalk.com\/en\/wp-json\/wp\/v2\/media?parent=3453"}],"wp:term":[{"taxonomy":"product_brand","embeddable":true,"href":"https:\/\/swebalk.com\/en\/wp-json\/wp\/v2\/product_brand?post=3453"},{"taxonomy":"product_cat","embeddable":true,"href":"https:\/\/swebalk.com\/en\/wp-json\/wp\/v2\/product_cat?post=3453"},{"taxonomy":"product_tag","embeddable":true,"href":"https:\/\/swebalk.com\/en\/wp-json\/wp\/v2\/product_tag?post=3453"}],"curies":[{"name":"wp","href":"https:\/\/api.w.org\/{rel}","templated":true}]}}