{"id":3438,"date":"2024-05-19T07:45:54","date_gmt":"2024-05-19T07:45:54","guid":{"rendered":"https:\/\/swebalk.com\/?post_type=product&#038;p=3438"},"modified":"2024-05-19T08:01:36","modified_gmt":"2024-05-19T08:01:36","slug":"kapmaskin-record-350","status":"publish","type":"product","link":"https:\/\/swebalk.com\/en\/product\/kapmaskin-record-350\/","title":{"rendered":"Kapmaskin RECORD 350"},"content":{"rendered":"<div class=\"wp-block-columns\">\r\n<div class=\"wp-block-column\">\r\n<figure class=\"wp-block-table is-style-stripes has-small-font-size\">\r\n<p>RECORD 350 s\u00e5gmaskin \u00e4r en robust och p\u00e5litlig s\u00e5g f\u00f6r att sk\u00e4ra metall (st\u00e5l med ett motst\u00e5nd p\u00e5 70kg\/m2). Utrustad med vridbart huvud och skruvstycke g\u00f6r den snitt fr\u00e5n 0 \u00b0 till 45 \u00b0 till h\u00f6ger och v\u00e4nster, vilket ocks\u00e5 till\u00e5ter sk\u00e4rning till 90 \u00b0 l\u00e4ngs l\u00e4ngdaxeln.<\/p>\r\nMotor1,8\/2,5 kW\r\n<table>\r\n<tbody>\r\n<tr>\r\n<td>Kapklingans diameter max<\/td>\r\n<td>350 mm<\/td>\r\n<\/tr>\r\n<tr>\r\n<td>Kapklingas h\u00e5l diameter<\/td>\r\n<td>32 mm<\/td>\r\n<\/tr>\r\n<tr>\r\n<td>Hastighet<\/td>\r\n<td>\u00a030\/60 rpm<\/td>\r\n<\/tr>\r\n<tr>\r\n<td>Kylv\u00e4tska tank<\/td>\r\n<td>40 L<\/td>\r\n<\/tr>\r\n<tr>\r\n<td>Dimension (LxBxH) mm<\/td>\r\n<td>600 x 1200 x 1060<\/td>\r\n<\/tr>\r\n<tr>\r\n<td>Vikt<\/td>\r\n<td>206 kg<\/td>\r\n<\/tr>\r\n<\/tbody>\r\n<\/table>\r\n<\/figure>\r\n\r\n\r\n<b>Kapklinga 414105070 och stativ 414105020 kan best\u00e4llas separat!<\/b>\r\n<ul><\/ul>\r\n<!-- \/wp:post-content --><\/div>\r\n<!-- \/wp:column --><\/div>\r\n<!-- \/wp:columns -->\r\n\r\n<!-- wp:table -->\r\n<figure class=\"wp-block-table\">\r\n<table>\r\n<tbody>\r\n<tr>\r\n<td class=\"has-text-align-center\" data-align=\"center\"><strong>\u00a0<\/strong><\/td>\r\n<td><strong>0\u00b0<\/strong><\/td>\r\n<td><strong>-45\u00b0<\/strong><\/td>\r\n<td><strong>+45\u00b0<\/strong><\/td>\r\n<\/tr>\r\n<tr>\r\n<td class=\"has-text-align-center\" data-align=\"center\"><img decoding=\"async\" src=\"https:\/\/www.pilous.cz\/user_uploads\/METAL\/Picto_tabulka\/01_kolo.jpg\" alt=\"\" \/><\/td>\r\n<td>125<\/td>\r\n<td>105<\/td>\r\n<td>70<\/td>\r\n<\/tr>\r\n<tr>\r\n<td class=\"has-text-align-center\" data-align=\"center\"><img decoding=\"async\" src=\"https:\/\/www.pilous.cz\/user_uploads\/METAL\/Picto_tabulka\/02_ctverec.jpg\" alt=\"\" \/><\/td>\r\n<td>110<\/td>\r\n<td>90<\/td>\r\n<td>65<\/td>\r\n<\/tr>\r\n<tr>\r\n<td class=\"has-text-align-center\" data-align=\"center\"><img decoding=\"async\" src=\"https:\/\/www.pilous.cz\/user_uploads\/METAL\/Picto_tabulka\/03_obdelnik.jpg\" alt=\"\" \/><\/td>\r\n<td>160 x 90<\/td>\r\n<td>80 x 100<\/td>\r\n<td>60 x 70<\/td>\r\n<\/tr>\r\n<\/tbody>\r\n<\/table>\r\n<\/figure>\r\n<!-- \/wp:table -->\r\n\r\n<!-- wp:paragraph -->\r\n<p>&nbsp;<\/p>\r\n<!-- \/wp:paragraph -->\r\n\r\n<!-- wp:buttons -->\r\n<div class=\"wp-block-buttons\"><!-- wp:button {\"backgroundColor\":\"vivid-red\",\"textColor\":\"white\"} -->\r\n<div class=\"wp-block-button\"><a class=\"wp-block-button__link has-white-color has-vivid-red-background-color has-text-color has-background wp-element-button\" href=\"https:\/\/swebalk.com\/wp-content\/uploads\/2024\/05\/022301_I.pdf\" target=\"_blank\" rel=\"noreferrer noopener\">Produktblad RECORD 350<\/a><\/div>\r\n<!-- \/wp:button --><\/div>\r\n<!-- \/wp:buttons -->","protected":false},"excerpt":{"rendered":"<p>RECORD 350 s\u00e5gmaskin \u00e4r en robust och p\u00e5litlig s\u00e5g f\u00f6r att sk\u00e4ra metall (st\u00e5l med ett motst\u00e5nd p\u00e5 70kg\/m2). Utrustad med vridbart huvud och skruvstycke g\u00f6r den snitt fr\u00e5n 0 \u00b0 till 45 \u00b0 till h\u00f6ger och v\u00e4nster, vilket ocks\u00e5 till\u00e5ter sk\u00e4rning till 90 \u00b0 l\u00e4ngs l\u00e4ngdaxeln. Motor1,8\/2,5 kW Kapklingans diameter max 350 mm Kapklingas [&hellip;]<\/p>\n","protected":false},"featured_media":3442,"comment_status":"open","ping_status":"closed","template":"","meta":{"_acf_changed":false},"product_brand":[],"product_cat":[43],"product_tag":[],"class_list":{"0":"post-3438","1":"product","2":"type-product","3":"status-publish","4":"has-post-thumbnail","6":"product_cat-sagning-kapning-2","7":"post","8":"post-with-thumbnail","9":"post-with-thumbnail-large","11":"first","12":"instock","13":"shipping-taxable","14":"product-type-simple"},"acf":[],"_links":{"self":[{"href":"https:\/\/swebalk.com\/en\/wp-json\/wp\/v2\/product\/3438","targetHints":{"allow":["GET"]}}],"collection":[{"href":"https:\/\/swebalk.com\/en\/wp-json\/wp\/v2\/product"}],"about":[{"href":"https:\/\/swebalk.com\/en\/wp-json\/wp\/v2\/types\/product"}],"replies":[{"embeddable":true,"href":"https:\/\/swebalk.com\/en\/wp-json\/wp\/v2\/comments?post=3438"}],"wp:featuredmedia":[{"embeddable":true,"href":"https:\/\/swebalk.com\/en\/wp-json\/wp\/v2\/media\/3442"}],"wp:attachment":[{"href":"https:\/\/swebalk.com\/en\/wp-json\/wp\/v2\/media?parent=3438"}],"wp:term":[{"taxonomy":"product_brand","embeddable":true,"href":"https:\/\/swebalk.com\/en\/wp-json\/wp\/v2\/product_brand?post=3438"},{"taxonomy":"product_cat","embeddable":true,"href":"https:\/\/swebalk.com\/en\/wp-json\/wp\/v2\/product_cat?post=3438"},{"taxonomy":"product_tag","embeddable":true,"href":"https:\/\/swebalk.com\/en\/wp-json\/wp\/v2\/product_tag?post=3438"}],"curies":[{"name":"wp","href":"https:\/\/api.w.org\/{rel}","templated":true}]}}