{"id":3432,"date":"2024-05-19T07:27:50","date_gmt":"2024-05-19T07:27:50","guid":{"rendered":"https:\/\/swebalk.com\/?post_type=product&#038;p=3432"},"modified":"2024-05-19T07:45:19","modified_gmt":"2024-05-19T07:45:19","slug":"kapmaskin-perfect-275","status":"publish","type":"product","link":"https:\/\/swebalk.com\/en\/product\/kapmaskin-perfect-275\/","title":{"rendered":"Kapmaskin PERFECT 275"},"content":{"rendered":"<div class=\"wp-block-columns\">\r\n<div class=\"wp-block-column\">\r\n<figure class=\"wp-block-table is-style-stripes has-small-font-size\">\r\n<p>PERFECT 275 manuell cirkels\u00e5gen f\u00f6r kapning av metall profiler och solida material (upp till 42 kg \/ mm2). PERFECT 275 \u00e4r den idealiska s\u00e5gen f\u00f6r sm\u00e5 produktioner och \u00e4r utrustad med ett snabb start system med knapp i handtaget.<\/p>\r\n<table>\r\n<tbody>\r\n<tr>\r\n<td>Kapklingans diameter max<\/td>\r\n<td>275 mm<\/td>\r\n<\/tr>\r\n<tr>\r\n<td>Kapklingas h\u00e5l diameter<\/td>\r\n<td>32 mm<\/td>\r\n<\/tr>\r\n<tr>\r\n<td>Hastighet<\/td>\r\n<td>42 rpm<\/td>\r\n<\/tr>\r\n<tr>\r\n<td>Motor<\/td>\r\n<td>1,1 kW<\/td>\r\n<\/tr>\r\n<tr>\r\n<td>Dimension (LxBxH) mm<\/td>\r\n<td>500 x 850 x 950<\/td>\r\n<\/tr>\r\n<tr>\r\n<td>Vikt<\/td>\r\n<td>112 kg<\/td>\r\n<\/tr>\r\n<\/tbody>\r\n<\/table>\r\n<\/figure>\r\n\r\n\r\n<b>Kapklinga 414105060\u00a0och stativ 414105010 kan best\u00e4llas separat!<\/b>\r\n<ul><\/ul>\r\n<!-- \/wp:post-content --><\/div>\r\n<!-- \/wp:column --><\/div>\r\n<!-- \/wp:columns -->\r\n\r\n<!-- wp:table -->\r\n<figure class=\"wp-block-table\">\r\n<table>\r\n<tbody>\r\n<tr>\r\n<td class=\"has-text-align-center\" data-align=\"center\"><strong>\u00a0<\/strong><\/td>\r\n<td><strong>0\u00b0<\/strong><\/td>\r\n<td><strong>45\u00b0<\/strong><\/td>\r\n<\/tr>\r\n<tr>\r\n<td class=\"has-text-align-center\" data-align=\"center\"><img decoding=\"async\" src=\"https:\/\/www.pilous.cz\/user_uploads\/METAL\/Picto_tabulka\/01_kolo.jpg\" alt=\"\" \/><\/td>\r\n<td>90<\/td>\r\n<td>70<\/td>\r\n<\/tr>\r\n<tr>\r\n<td class=\"has-text-align-center\" data-align=\"center\"><img decoding=\"async\" src=\"https:\/\/www.pilous.cz\/user_uploads\/METAL\/Picto_tabulka\/02_ctverec.jpg\" alt=\"\" \/><\/td>\r\n<td>80<\/td>\r\n<td>70<\/td>\r\n<\/tr>\r\n<tr>\r\n<td class=\"has-text-align-center\" data-align=\"center\"><img decoding=\"async\" src=\"https:\/\/www.pilous.cz\/user_uploads\/METAL\/Picto_tabulka\/03_obdelnik.jpg\" alt=\"\" \/><\/td>\r\n<td>100 x 70<\/td>\r\n<td>80 x 60<\/td>\r\n<\/tr>\r\n<\/tbody>\r\n<\/table>\r\n<\/figure>\r\n<!-- \/wp:table -->\r\n\r\n<!-- wp:paragraph -->\r\n<p>&nbsp;<\/p>\r\n<!-- \/wp:paragraph -->\r\n\r\n<!-- wp:buttons -->\r\n<div class=\"wp-block-buttons\"><!-- wp:button {\"backgroundColor\":\"vivid-red\",\"textColor\":\"white\"} -->\r\n<div class=\"wp-block-button\"><a class=\"wp-block-button__link has-white-color has-vivid-red-background-color has-text-color has-background wp-element-button\" href=\"https:\/\/swebalk.com\/wp-content\/uploads\/2024\/05\/005301_I.pdf\" target=\"_blank\" rel=\"noreferrer noopener\">Produktblad PERFECT 275<\/a><\/div>\r\n<!-- \/wp:button --><\/div>\r\n<!-- \/wp:buttons -->","protected":false},"excerpt":{"rendered":"<p>PERFECT 275 manuell cirkels\u00e5gen f\u00f6r kapning av metall profiler och solida material (upp till 42 kg \/ mm2). PERFECT 275 \u00e4r den idealiska s\u00e5gen f\u00f6r sm\u00e5 produktioner och \u00e4r utrustad med ett snabb start system med knapp i handtaget. Kapklingans diameter max 275 mm Kapklingas h\u00e5l diameter 32 mm Hastighet 42 rpm Motor 1,1 kW [&hellip;]<\/p>\n","protected":false},"featured_media":3433,"comment_status":"open","ping_status":"closed","template":"","meta":{"_acf_changed":false},"product_brand":[],"product_cat":[43],"product_tag":[],"class_list":{"0":"post-3432","1":"product","2":"type-product","3":"status-publish","4":"has-post-thumbnail","6":"product_cat-sagning-kapning-2","7":"post","8":"post-with-thumbnail","9":"post-with-thumbnail-large","11":"first","12":"instock","13":"shipping-taxable","14":"product-type-simple"},"acf":[],"_links":{"self":[{"href":"https:\/\/swebalk.com\/en\/wp-json\/wp\/v2\/product\/3432","targetHints":{"allow":["GET"]}}],"collection":[{"href":"https:\/\/swebalk.com\/en\/wp-json\/wp\/v2\/product"}],"about":[{"href":"https:\/\/swebalk.com\/en\/wp-json\/wp\/v2\/types\/product"}],"replies":[{"embeddable":true,"href":"https:\/\/swebalk.com\/en\/wp-json\/wp\/v2\/comments?post=3432"}],"wp:featuredmedia":[{"embeddable":true,"href":"https:\/\/swebalk.com\/en\/wp-json\/wp\/v2\/media\/3433"}],"wp:attachment":[{"href":"https:\/\/swebalk.com\/en\/wp-json\/wp\/v2\/media?parent=3432"}],"wp:term":[{"taxonomy":"product_brand","embeddable":true,"href":"https:\/\/swebalk.com\/en\/wp-json\/wp\/v2\/product_brand?post=3432"},{"taxonomy":"product_cat","embeddable":true,"href":"https:\/\/swebalk.com\/en\/wp-json\/wp\/v2\/product_cat?post=3432"},{"taxonomy":"product_tag","embeddable":true,"href":"https:\/\/swebalk.com\/en\/wp-json\/wp\/v2\/product_tag?post=3432"}],"curies":[{"name":"wp","href":"https:\/\/api.w.org\/{rel}","templated":true}]}}