{"id":3431,"date":"2024-05-13T14:15:14","date_gmt":"2024-05-13T14:15:14","guid":{"rendered":"https:\/\/swebalk.com\/?post_type=product&#038;p=3431"},"modified":"2024-07-12T09:58:46","modified_gmt":"2024-07-12T09:58:46","slug":"press-platta-verkstadspress","status":"publish","type":"product","link":"https:\/\/swebalk.com\/en\/product\/press-platta-verkstadspress\/","title":{"rendered":"Press platta verkstadspress"},"content":{"rendered":"<ul>\n<li>Press platta<\/li>\n<\/ul>\n<p>F\u00f6rpacknings dimension:<\/p>\n<p>H\u00f6jd &#8211; 30 mm<\/p>\n<p>L\u00e4ngd &#8211; 260 mm<\/p>\n<p>Bredd &#8211; 240 mm<\/p>\n<p>Vikt &#8211; 7,06 kg<\/p>","protected":false},"excerpt":{"rendered":"<p>Press platta F\u00f6rpacknings dimension: H\u00f6jd &#8211; 30 mm L\u00e4ngd &#8211; 260 mm Bredd &#8211; 240 mm Vikt &#8211; 7,06 kg<\/p>","protected":false},"featured_media":3423,"comment_status":"open","ping_status":"closed","template":"","meta":{"_acf_changed":false},"product_brand":[],"product_cat":[49],"product_tag":[],"class_list":{"0":"post-3431","1":"product","2":"type-product","3":"status-publish","4":"has-post-thumbnail","6":"product_cat-pressar","7":"post","8":"post-with-thumbnail","9":"post-with-thumbnail-large","11":"first","12":"instock","13":"shipping-taxable","14":"product-type-simple"},"acf":[],"_links":{"self":[{"href":"https:\/\/swebalk.com\/en\/wp-json\/wp\/v2\/product\/3431","targetHints":{"allow":["GET"]}}],"collection":[{"href":"https:\/\/swebalk.com\/en\/wp-json\/wp\/v2\/product"}],"about":[{"href":"https:\/\/swebalk.com\/en\/wp-json\/wp\/v2\/types\/product"}],"replies":[{"embeddable":true,"href":"https:\/\/swebalk.com\/en\/wp-json\/wp\/v2\/comments?post=3431"}],"wp:featuredmedia":[{"embeddable":true,"href":"https:\/\/swebalk.com\/en\/wp-json\/wp\/v2\/media\/3423"}],"wp:attachment":[{"href":"https:\/\/swebalk.com\/en\/wp-json\/wp\/v2\/media?parent=3431"}],"wp:term":[{"taxonomy":"product_brand","embeddable":true,"href":"https:\/\/swebalk.com\/en\/wp-json\/wp\/v2\/product_brand?post=3431"},{"taxonomy":"product_cat","embeddable":true,"href":"https:\/\/swebalk.com\/en\/wp-json\/wp\/v2\/product_cat?post=3431"},{"taxonomy":"product_tag","embeddable":true,"href":"https:\/\/swebalk.com\/en\/wp-json\/wp\/v2\/product_tag?post=3431"}],"curies":[{"name":"wp","href":"https:\/\/api.w.org\/{rel}","templated":true}]}}