{"id":3429,"date":"2024-05-13T14:08:36","date_gmt":"2024-05-13T14:08:36","guid":{"rendered":"https:\/\/swebalk.com\/?post_type=product&#038;p=3429"},"modified":"2024-07-12T09:59:41","modified_gmt":"2024-07-12T09:59:41","slug":"dornsats-verkstadspress-hp60-hp70-ep60-ep60d","status":"publish","type":"product","link":"https:\/\/swebalk.com\/en\/product\/dornsats-verkstadspress-hp60-hp70-ep60-ep60d\/","title":{"rendered":"Dornsats verkstadspress HP60, HP70, EP60, EP60D"},"content":{"rendered":"<ul>\n<li>Dornsats till modell HP 60\/70 &#8211; EP 60 &#8211; EP 60 D.<\/li>\n<\/ul>\n<ul>\n<li>7 st. \u00f812, 16, 18, 20, 22, 25 and 30 mm.<\/li>\n<\/ul>\n<p>F\u00f6rpacknings dimension:<\/p>\n<p>H\u00f6jd &#8211; 75 mm<\/p>\n<p>L\u00e4ngd &#8211; 180 mm<\/p>\n<p>Bredd &#8211; 150 mm<\/p>\n<p>Vikt &#8211; 6,54 kg<\/p>","protected":false},"excerpt":{"rendered":"<p>Dornsats till modell HP 60\/70 &#8211; EP 60 &#8211; EP 60 D. 7 st. \u00f812, 16, 18, 20, 22, 25 and 30 mm. F\u00f6rpacknings dimension: H\u00f6jd &#8211; 75 mm L\u00e4ngd &#8211; 180 mm Bredd &#8211; 150 mm Vikt &#8211; 6,54 kg<\/p>","protected":false},"featured_media":3424,"comment_status":"open","ping_status":"closed","template":"","meta":{"_acf_changed":false},"product_brand":[],"product_cat":[49],"product_tag":[],"class_list":{"0":"post-3429","1":"product","2":"type-product","3":"status-publish","4":"has-post-thumbnail","6":"product_cat-pressar","7":"post","8":"post-with-thumbnail","9":"post-with-thumbnail-large","11":"first","12":"instock","13":"shipping-taxable","14":"product-type-simple"},"acf":[],"_links":{"self":[{"href":"https:\/\/swebalk.com\/en\/wp-json\/wp\/v2\/product\/3429","targetHints":{"allow":["GET"]}}],"collection":[{"href":"https:\/\/swebalk.com\/en\/wp-json\/wp\/v2\/product"}],"about":[{"href":"https:\/\/swebalk.com\/en\/wp-json\/wp\/v2\/types\/product"}],"replies":[{"embeddable":true,"href":"https:\/\/swebalk.com\/en\/wp-json\/wp\/v2\/comments?post=3429"}],"wp:featuredmedia":[{"embeddable":true,"href":"https:\/\/swebalk.com\/en\/wp-json\/wp\/v2\/media\/3424"}],"wp:attachment":[{"href":"https:\/\/swebalk.com\/en\/wp-json\/wp\/v2\/media?parent=3429"}],"wp:term":[{"taxonomy":"product_brand","embeddable":true,"href":"https:\/\/swebalk.com\/en\/wp-json\/wp\/v2\/product_brand?post=3429"},{"taxonomy":"product_cat","embeddable":true,"href":"https:\/\/swebalk.com\/en\/wp-json\/wp\/v2\/product_cat?post=3429"},{"taxonomy":"product_tag","embeddable":true,"href":"https:\/\/swebalk.com\/en\/wp-json\/wp\/v2\/product_tag?post=3429"}],"curies":[{"name":"wp","href":"https:\/\/api.w.org\/{rel}","templated":true}]}}