{"id":3428,"date":"2024-05-13T14:02:54","date_gmt":"2024-05-13T14:02:54","guid":{"rendered":"https:\/\/swebalk.com\/?post_type=product&#038;p=3428"},"modified":"2024-07-12T09:59:59","modified_gmt":"2024-07-12T09:59:59","slug":"dornsats-verkstadspress-fp-hp20-fp-hp25-fp-hp30-fp-hp30-fp-hp40-fp-hp50-ep40-ep40d","status":"publish","type":"product","link":"https:\/\/swebalk.com\/en\/product\/dornsats-verkstadspress-fp-hp20-fp-hp25-fp-hp30-fp-hp30-fp-hp40-fp-hp50-ep40-ep40d\/","title":{"rendered":"Dornsats verkstadspress FP\/HP20, FP\/HP25, FP\/HP30, FP\/HP40, FP\/HP50, EP40, EP40D"},"content":{"rendered":"<ul>\n<li>Dornsats till modell FP 20\/25\/40\/50 &#8211; HP 20\/25\/40\/50 &#8211; EP 40 &#8211; EP 40 D.<\/li>\n<\/ul>\n<ul>\n<li>7 st. \u00f812, 16, 18, 20, 22, 25 and 30 mm.<\/li>\n<\/ul>\n<p>F\u00f6rpacknings dimension:<\/p>\n<p>H\u00f6jd &#8211; 70 mm<\/p>\n<p>L\u00e4ngd &#8211; 155 mm<\/p>\n<p>Bredd &#8211; 155 mm<\/p>\n<p>Vikt &#8211; 4,19 kg<\/p>","protected":false},"excerpt":{"rendered":"<p>Dornsats till modell FP 20\/25\/40\/50 &#8211; HP 20\/25\/40\/50 &#8211; EP 40 &#8211; EP 40 D. 7 st. \u00f812, 16, 18, 20, 22, 25 and 30 mm. F\u00f6rpacknings dimension: H\u00f6jd &#8211; 70 mm L\u00e4ngd &#8211; 155 mm Bredd &#8211; 155 mm Vikt &#8211; 4,19 kg<\/p>","protected":false},"featured_media":3424,"comment_status":"open","ping_status":"closed","template":"","meta":{"_acf_changed":false},"product_brand":[],"product_cat":[49],"product_tag":[],"class_list":{"0":"post-3428","1":"product","2":"type-product","3":"status-publish","4":"has-post-thumbnail","6":"product_cat-pressar","7":"post","8":"post-with-thumbnail","9":"post-with-thumbnail-large","11":"first","12":"instock","13":"shipping-taxable","14":"product-type-simple"},"acf":[],"_links":{"self":[{"href":"https:\/\/swebalk.com\/en\/wp-json\/wp\/v2\/product\/3428","targetHints":{"allow":["GET"]}}],"collection":[{"href":"https:\/\/swebalk.com\/en\/wp-json\/wp\/v2\/product"}],"about":[{"href":"https:\/\/swebalk.com\/en\/wp-json\/wp\/v2\/types\/product"}],"replies":[{"embeddable":true,"href":"https:\/\/swebalk.com\/en\/wp-json\/wp\/v2\/comments?post=3428"}],"wp:featuredmedia":[{"embeddable":true,"href":"https:\/\/swebalk.com\/en\/wp-json\/wp\/v2\/media\/3424"}],"wp:attachment":[{"href":"https:\/\/swebalk.com\/en\/wp-json\/wp\/v2\/media?parent=3428"}],"wp:term":[{"taxonomy":"product_brand","embeddable":true,"href":"https:\/\/swebalk.com\/en\/wp-json\/wp\/v2\/product_brand?post=3428"},{"taxonomy":"product_cat","embeddable":true,"href":"https:\/\/swebalk.com\/en\/wp-json\/wp\/v2\/product_cat?post=3428"},{"taxonomy":"product_tag","embeddable":true,"href":"https:\/\/swebalk.com\/en\/wp-json\/wp\/v2\/product_tag?post=3428"}],"curies":[{"name":"wp","href":"https:\/\/api.w.org\/{rel}","templated":true}]}}