{"id":3418,"date":"2024-05-13T13:46:12","date_gmt":"2024-05-13T13:46:12","guid":{"rendered":"https:\/\/swebalk.com\/?post_type=product&#038;p=3418"},"modified":"2024-05-13T13:47:36","modified_gmt":"2024-05-13T13:47:36","slug":"skydd-verkstadspress-bak-hp60-hp70-ep-60-ep60-d","status":"publish","type":"product","link":"https:\/\/swebalk.com\/en\/product\/skydd-verkstadspress-bak-hp60-hp70-ep-60-ep60-d\/","title":{"rendered":"Skydd Verkstadspress (bak) HP60, HP70, EP 60, EP60 D"},"content":{"rendered":"<p>Skydd till verkstadspress. G\u00f6r din press s\u00e4ker och minskar risken f\u00f6r skador. Tillverkad i polykarbonat<\/p>\n<ul>\n<li>passar till modellen: HP60, HP70, EP 60, EP60 D.<\/li>\n<li>H\u00f6jd 550 mm<\/li>\n<li>Bredd 1040 mm<\/li>\n<\/ul>\n<p>F\u00f6rpacknings dimension:<\/p>\n<p>H\u00f6jd &#8211; 180 mm<\/p>\n<p>L\u00e4ngd &#8211; 1120 mm<\/p>\n<p>Bredd &#8211; 590 mm<\/p>\n<p>Vikt &#8211; 15,2 kg<\/p>","protected":false},"excerpt":{"rendered":"<p>Skydd till verkstadspress. G\u00f6r din press s\u00e4ker och minskar risken f\u00f6r skador. Tillverkad i polykarbonat passar till modellen: HP60, HP70, EP 60, EP60 D. H\u00f6jd 550 mm Bredd 1040 mm F\u00f6rpacknings dimension: H\u00f6jd &#8211; 180 mm L\u00e4ngd &#8211; 1120 mm Bredd &#8211; 590 mm Vikt &#8211; 15,2 kg<\/p>","protected":false},"featured_media":3416,"comment_status":"open","ping_status":"closed","template":"","meta":{"_acf_changed":false},"product_brand":[],"product_cat":[49],"product_tag":[],"class_list":{"0":"post-3418","1":"product","2":"type-product","3":"status-publish","4":"has-post-thumbnail","6":"product_cat-pressar","7":"post","8":"post-with-thumbnail","9":"post-with-thumbnail-large","11":"first","12":"instock","13":"shipping-taxable","14":"product-type-simple"},"acf":[],"_links":{"self":[{"href":"https:\/\/swebalk.com\/en\/wp-json\/wp\/v2\/product\/3418","targetHints":{"allow":["GET"]}}],"collection":[{"href":"https:\/\/swebalk.com\/en\/wp-json\/wp\/v2\/product"}],"about":[{"href":"https:\/\/swebalk.com\/en\/wp-json\/wp\/v2\/types\/product"}],"replies":[{"embeddable":true,"href":"https:\/\/swebalk.com\/en\/wp-json\/wp\/v2\/comments?post=3418"}],"wp:featuredmedia":[{"embeddable":true,"href":"https:\/\/swebalk.com\/en\/wp-json\/wp\/v2\/media\/3416"}],"wp:attachment":[{"href":"https:\/\/swebalk.com\/en\/wp-json\/wp\/v2\/media?parent=3418"}],"wp:term":[{"taxonomy":"product_brand","embeddable":true,"href":"https:\/\/swebalk.com\/en\/wp-json\/wp\/v2\/product_brand?post=3418"},{"taxonomy":"product_cat","embeddable":true,"href":"https:\/\/swebalk.com\/en\/wp-json\/wp\/v2\/product_cat?post=3418"},{"taxonomy":"product_tag","embeddable":true,"href":"https:\/\/swebalk.com\/en\/wp-json\/wp\/v2\/product_tag?post=3418"}],"curies":[{"name":"wp","href":"https:\/\/api.w.org\/{rel}","templated":true}]}}