{"id":3406,"date":"2024-05-13T13:27:02","date_gmt":"2024-05-13T13:27:02","guid":{"rendered":"https:\/\/swebalk.com\/?post_type=product&#038;p=3406"},"modified":"2024-05-13T13:46:02","modified_gmt":"2024-05-13T13:46:02","slug":"skydd-verkstadspress-fram-fp16-fp-hp20-fp-hp25-fp-hp30","status":"publish","type":"product","link":"https:\/\/swebalk.com\/en\/product\/skydd-verkstadspress-fram-fp16-fp-hp20-fp-hp25-fp-hp30\/","title":{"rendered":"Skydd Verkstadspress (fram) FP16, FP\/HP20, FP\/HP25, FP\/HP30"},"content":{"rendered":"<p>Skydd till verkstadspress. G\u00f6r din press s\u00e4ker och minskar risken f\u00f6r skador. Tillverkad i polykarbonat<\/p>\n<ul>\n<li>passar till modellen: FP 16, HP 20, FP 20, HP 25, FP 25, HP 30, FP 30.<\/li>\n<\/ul>\n<p>F\u00f6rpacknings dimension:<\/p>\n<p>H\u00f6jd &#8211; 235 mm<\/p>\n<p>L\u00e4ngd &#8211; 690 mm<\/p>\n<p>Bredd &#8211; 690 mm<\/p>\n<p>Vikt &#8211; 4,4 kg<\/p>","protected":false},"excerpt":{"rendered":"<p>Skydd till verkstadspress. G\u00f6r din press s\u00e4ker och minskar risken f\u00f6r skador. Tillverkad i polykarbonat passar till modellen: FP 16, HP 20, FP 20, HP 25, FP 25, HP 30, FP 30. F\u00f6rpacknings dimension: H\u00f6jd &#8211; 235 mm L\u00e4ngd &#8211; 690 mm Bredd &#8211; 690 mm Vikt &#8211; 4,4 kg<\/p>","protected":false},"featured_media":3407,"comment_status":"closed","ping_status":"closed","template":"","meta":{"_acf_changed":false},"product_brand":[],"product_cat":[49],"product_tag":[],"class_list":{"0":"post-3406","1":"product","2":"type-product","3":"status-publish","4":"has-post-thumbnail","6":"product_cat-pressar","7":"post","8":"post-with-thumbnail","9":"post-with-thumbnail-large","11":"first","12":"instock","13":"shipping-taxable","14":"product-type-simple"},"acf":[],"_links":{"self":[{"href":"https:\/\/swebalk.com\/en\/wp-json\/wp\/v2\/product\/3406","targetHints":{"allow":["GET"]}}],"collection":[{"href":"https:\/\/swebalk.com\/en\/wp-json\/wp\/v2\/product"}],"about":[{"href":"https:\/\/swebalk.com\/en\/wp-json\/wp\/v2\/types\/product"}],"replies":[{"embeddable":true,"href":"https:\/\/swebalk.com\/en\/wp-json\/wp\/v2\/comments?post=3406"}],"wp:featuredmedia":[{"embeddable":true,"href":"https:\/\/swebalk.com\/en\/wp-json\/wp\/v2\/media\/3407"}],"wp:attachment":[{"href":"https:\/\/swebalk.com\/en\/wp-json\/wp\/v2\/media?parent=3406"}],"wp:term":[{"taxonomy":"product_brand","embeddable":true,"href":"https:\/\/swebalk.com\/en\/wp-json\/wp\/v2\/product_brand?post=3406"},{"taxonomy":"product_cat","embeddable":true,"href":"https:\/\/swebalk.com\/en\/wp-json\/wp\/v2\/product_cat?post=3406"},{"taxonomy":"product_tag","embeddable":true,"href":"https:\/\/swebalk.com\/en\/wp-json\/wp\/v2\/product_tag?post=3406"}],"curies":[{"name":"wp","href":"https:\/\/api.w.org\/{rel}","templated":true}]}}