{"id":3403,"date":"2024-05-13T12:51:38","date_gmt":"2024-05-13T12:51:38","guid":{"rendered":"https:\/\/swebalk.com\/?post_type=product&#038;p=3403"},"modified":"2024-05-13T12:58:13","modified_gmt":"2024-05-13T12:58:13","slug":"kombislipmaskin-kms-250","status":"publish","type":"product","link":"https:\/\/swebalk.com\/en\/product\/kombislipmaskin-kms-250\/","title":{"rendered":"Kombislipmaskin KMS 250"},"content":{"rendered":"<p>&nbsp;<\/p>\r\n<table>\r\n<tbody>\r\n<tr>\r\n<td width=\"302\">\r\n<p><strong>Teknisk specifikation<\/strong><\/p>\r\n<\/td>\r\n<td width=\"302\">\r\n<p>&nbsp;<\/p>\r\n<\/td>\r\n<\/tr>\r\n<tr>\r\n<td width=\"302\">\r\n<p>Slipskiva \u00d8 x B<\/p>\r\n<\/td>\r\n<td width=\"302\">\r\n<p>250 x 32 mm<\/p>\r\n<\/td>\r\n<\/tr>\r\n<tr>\r\n<td width=\"302\">\r\n<p>Slipskivans h\u00e5ldiameter<\/p>\r\n<\/td>\r\n<td width=\"302\">\r\n<p>32 mm<\/p>\r\n<\/td>\r\n<\/tr>\r\n<tr>\r\n<td width=\"302\">\r\n<p>Slipskivans korn<\/p>\r\n<\/td>\r\n<td width=\"302\">\r\n<p>Korn 36<\/p>\r\n<\/td>\r\n<\/tr>\r\n<tr>\r\n<td width=\"302\">\r\n<p>Slipband<\/p>\r\n<\/td>\r\n<td width=\"302\">\r\n<p>1016 x 75 mm<\/p>\r\n<\/td>\r\n<\/tr>\r\n<tr>\r\n<td width=\"302\">\r\n<p>Varvtal slipskiva<\/p>\r\n<\/td>\r\n<td width=\"302\">\r\n<p>2850 rpm<\/p>\r\n<\/td>\r\n<\/tr>\r\n<tr>\r\n<td width=\"302\">\r\n<p>Hastighet slipband<\/p>\r\n<\/td>\r\n<td width=\"302\">\r\n<p>16,4 m\/sec.<\/p>\r\n<\/td>\r\n<\/tr>\r\n<tr>\r\n<td width=\"302\">\r\n<p>Utsug dia<\/p>\r\n<\/td>\r\n<td width=\"302\">\r\n<p>38 mm<\/p>\r\n<\/td>\r\n<\/tr>\r\n<tr>\r\n<td width=\"302\">\r\n<p>Lutning av slip bandet<\/p>\r\n<\/td>\r\n<td width=\"302\">\r\n<p>90\u00b0<\/p>\r\n<\/td>\r\n<\/tr>\r\n<tr>\r\n<td width=\"302\">\r\n<p>Motoreffekt<\/p>\r\n<\/td>\r\n<td width=\"302\">\r\n<p>1,5 kW<\/p>\r\n<\/td>\r\n<\/tr>\r\n<tr>\r\n<td width=\"302\">\r\n<p>Volt<\/p>\r\n<\/td>\r\n<td width=\"302\">\r\n<p>400 V<\/p>\r\n<\/td>\r\n<\/tr>\r\n<tr>\r\n<td width=\"302\">\r\n<p>Bredd<\/p>\r\n<\/td>\r\n<td width=\"302\">\r\n<p>580 mm<\/p>\r\n<\/td>\r\n<\/tr>\r\n<tr>\r\n<td width=\"302\">\r\n<p>Djup<\/p>\r\n<\/td>\r\n<td width=\"302\">\r\n<p>310 mm<\/p>\r\n<\/td>\r\n<\/tr>\r\n<tr>\r\n<td width=\"302\">\r\n<p>H\u00f6jd<\/p>\r\n<\/td>\r\n<td width=\"302\">\r\n<p>570 mm<\/p>\r\n<\/td>\r\n<\/tr>\r\n<tr>\r\n<td width=\"302\">\r\n<p>Vikt<\/p>\r\n<\/td>\r\n<td width=\"302\">\r\n<p>34 kg<\/p>\r\n<\/td>\r\n<\/tr>\r\n<\/tbody>\r\n<\/table>\r\n<p>&nbsp;<\/p>\r\n<p>KMS 250 \u00e4r en otroligt ekonomisk universalslipmaskin. Den kraftfulla motorn och den robusta konstruktionen g\u00f6r denna modell idealisk f\u00f6r professionella verkst\u00e4der. Vinkelbar material st\u00f6d. Kullagrad spindel. Kraftfull motor garanterar h\u00f6gt vridmoment. Slipband enheten kan anv\u00e4ndas i horisontellt s\u00e5v\u00e4l som vertikalt l\u00e4ge. Slipenhet komplett med dammport (diameter 38 mm). Till\/fr\u00e5n-brytare enligt IP 54-standard och undersp\u00e4nningsutl\u00f6sning<\/p>\r\n<p><strong>Standardutrustning<\/strong>:<\/p>\r\n<ul>\r\n<li>Grov slipskiva korn 36<\/li>\r\n<li>Slipband korn 80<\/li>\r\n<li>St\u00e4llbart slipst\u00f6d<\/li>\r\n<li>Skyddsglas<\/li>\r\n<\/ul>\r\n<p>Stativ k\u00f6pes separat!<\/p>\r\n<p><\/p>\r\n<div class=\"wp-block-button has-custom-width wp-block-button__width-50\"><a class=\"wp-block-button__link has-white-color has-vivid-red-background-color has-text-color has-background wp-element-button\" href=\"https:\/\/swebalk.com\/wp-content\/uploads\/2024\/05\/152106010-Kombislipmaskin-Bernardo-KMS-250.pdf\" target=\"_blank\" rel=\"noreferrer noopener\">Produktblad KMS 250<\/a><\/div>\r\n<p>\r\n\r\n<\/p>","protected":false},"excerpt":{"rendered":"<p>&nbsp; Teknisk specifikation &nbsp; Slipskiva \u00d8 x B 250 x 32 mm Slipskivans h\u00e5ldiameter 32 mm Slipskivans korn Korn 36 Slipband 1016 x 75 mm Varvtal slipskiva 2850 rpm Hastighet slipband 16,4 m\/sec. Utsug dia 38 mm Lutning av slip bandet 90\u00b0 Motoreffekt 1,5 kW Volt 400 V Bredd 580 mm Djup 310 mm H\u00f6jd [&hellip;]<\/p>\n","protected":false},"featured_media":3326,"comment_status":"open","ping_status":"closed","template":"","meta":{"_acf_changed":false},"product_brand":[],"product_cat":[48],"product_tag":[],"class_list":{"0":"post-3403","1":"product","2":"type-product","3":"status-publish","4":"has-post-thumbnail","6":"product_cat-slipning","7":"post","8":"post-with-thumbnail","9":"post-with-thumbnail-large","11":"first","12":"instock","13":"shipping-taxable","14":"product-type-simple"},"acf":[],"_links":{"self":[{"href":"https:\/\/swebalk.com\/en\/wp-json\/wp\/v2\/product\/3403","targetHints":{"allow":["GET"]}}],"collection":[{"href":"https:\/\/swebalk.com\/en\/wp-json\/wp\/v2\/product"}],"about":[{"href":"https:\/\/swebalk.com\/en\/wp-json\/wp\/v2\/types\/product"}],"replies":[{"embeddable":true,"href":"https:\/\/swebalk.com\/en\/wp-json\/wp\/v2\/comments?post=3403"}],"wp:featuredmedia":[{"embeddable":true,"href":"https:\/\/swebalk.com\/en\/wp-json\/wp\/v2\/media\/3326"}],"wp:attachment":[{"href":"https:\/\/swebalk.com\/en\/wp-json\/wp\/v2\/media?parent=3403"}],"wp:term":[{"taxonomy":"product_brand","embeddable":true,"href":"https:\/\/swebalk.com\/en\/wp-json\/wp\/v2\/product_brand?post=3403"},{"taxonomy":"product_cat","embeddable":true,"href":"https:\/\/swebalk.com\/en\/wp-json\/wp\/v2\/product_cat?post=3403"},{"taxonomy":"product_tag","embeddable":true,"href":"https:\/\/swebalk.com\/en\/wp-json\/wp\/v2\/product_tag?post=3403"}],"curies":[{"name":"wp","href":"https:\/\/api.w.org\/{rel}","templated":true}]}}