{"id":3402,"date":"2024-05-13T12:44:37","date_gmt":"2024-05-13T12:44:37","guid":{"rendered":"https:\/\/swebalk.com\/?post_type=product&#038;p=3402"},"modified":"2024-05-13T12:59:23","modified_gmt":"2024-05-13T12:59:23","slug":"bankslipmaskin-ds-250-s","status":"publish","type":"product","link":"https:\/\/swebalk.com\/en\/product\/bankslipmaskin-ds-250-s\/","title":{"rendered":"B\u00e4nkslipmaskin DS 250 S"},"content":{"rendered":"<p>&nbsp;<\/p>\r\n<table>\r\n<tbody>\r\n<tr>\r\n<td width=\"302\">\r\n<p><strong>Teknisk specifikation<\/strong><\/p>\r\n<\/td>\r\n<\/tr>\r\n<tr>\r\n<td width=\"302\">\r\n<p>Slipskiva \u00d8 x B<\/p>\r\n<\/td>\r\n<td width=\"302\">\r\n<p>250 x 32 mm<\/p>\r\n<\/td>\r\n<\/tr>\r\n<tr>\r\n<td width=\"302\">\r\n<p>Slipskivans h\u00e5ldiameter<\/p>\r\n<\/td>\r\n<td width=\"302\">\r\n<p>32 mm<\/p>\r\n<\/td>\r\n<\/tr>\r\n<tr>\r\n<td width=\"302\">\r\n<p>Slipskivans korn<\/p>\r\n<\/td>\r\n<td width=\"302\">\r\n<p>Korn 36 \/ Korn 80<\/p>\r\n<\/td>\r\n<\/tr>\r\n<tr>\r\n<td width=\"302\">\r\n<p>Varvtal<\/p>\r\n<\/td>\r\n<td width=\"302\">\r\n<p>2850 rpm<\/p>\r\n<\/td>\r\n<\/tr>\r\n<tr>\r\n<td width=\"302\">\r\n<p>Motoreffekt<\/p>\r\n<\/td>\r\n<td width=\"302\">\r\n<p>1,5 kW<\/p>\r\n<\/td>\r\n<\/tr>\r\n<tr>\r\n<td width=\"302\">\r\n<p>Volt<\/p>\r\n<\/td>\r\n<td width=\"302\">\r\n<p>400 V<\/p>\r\n<\/td>\r\n<\/tr>\r\n<tr>\r\n<td width=\"302\">\r\n<p>Bredd<\/p>\r\n<\/td>\r\n<td width=\"302\">\r\n<p>510 mm<\/p>\r\n<\/td>\r\n<\/tr>\r\n<tr>\r\n<td width=\"302\">\r\n<p>Djup<\/p>\r\n<\/td>\r\n<td width=\"302\">\r\n<p>320 mm<\/p>\r\n<\/td>\r\n<\/tr>\r\n<tr>\r\n<td width=\"302\">\r\n<p>H\u00f6jd<\/p>\r\n<\/td>\r\n<td width=\"302\">\r\n<p>360 mm<\/p>\r\n<\/td>\r\n<\/tr>\r\n<tr>\r\n<td width=\"302\">\r\n<p>Vikt<\/p>\r\n<\/td>\r\n<td width=\"302\">\r\n<p>30 kg<\/p>\r\n<\/td>\r\n<\/tr>\r\n<\/tbody>\r\n<\/table>\r\n<p>B\u00e4nkslipmaskin f\u00f6r sliparbeten inom industri och underh\u00e5ll. Kullagrad spindel. Slutna skyddshuvar och f\u00e4llbara skyddsglas. Motor och \u00f6vrig elektrisk utrustning har kapslingsklass IP23.<\/p>\r\n<p><strong>Standardutrustning<\/strong>:<\/p>\r\n<ul>\r\n<li>Grov slipskiva korn 36<\/li>\r\n<li>Fin slipskiva korn 80<\/li>\r\n<li>St\u00e4llbart slipst\u00f6d<\/li>\r\n<li>Skyddsglas x2<\/li>\r\n<\/ul>\r\n<p>Stativ k\u00f6pes separat!<\/p>\r\n<p><\/p>\r\n<div class=\"wp-block-button has-custom-width wp-block-button__width-50\"><a class=\"wp-block-button__link has-white-color has-vivid-red-background-color has-text-color has-background wp-element-button\" href=\"https:\/\/swebalk.com\/wp-content\/uploads\/2024\/05\/152106020-Pelarslipmaskin-Bernardo-DS-250-S.pdf\" target=\"_blank\" rel=\"noreferrer noopener\">Produktblad DS 250 S<\/a><\/div>\r\n<p>\r\n\r\n<\/p>","protected":false},"excerpt":{"rendered":"<p>&nbsp; Teknisk specifikation Slipskiva \u00d8 x B 250 x 32 mm Slipskivans h\u00e5ldiameter 32 mm Slipskivans korn Korn 36 \/ Korn 80 Varvtal 2850 rpm Motoreffekt 1,5 kW Volt 400 V Bredd 510 mm Djup 320 mm H\u00f6jd 360 mm Vikt 30 kg B\u00e4nkslipmaskin f\u00f6r sliparbeten inom industri och underh\u00e5ll. Kullagrad spindel. Slutna skyddshuvar och [&hellip;]<\/p>\n","protected":false},"featured_media":3322,"comment_status":"open","ping_status":"closed","template":"","meta":{"_acf_changed":false},"product_brand":[],"product_cat":[48],"product_tag":[],"class_list":{"0":"post-3402","1":"product","2":"type-product","3":"status-publish","4":"has-post-thumbnail","6":"product_cat-slipning","7":"post","8":"post-with-thumbnail","9":"post-with-thumbnail-large","11":"first","12":"instock","13":"shipping-taxable","14":"product-type-simple"},"acf":[],"_links":{"self":[{"href":"https:\/\/swebalk.com\/en\/wp-json\/wp\/v2\/product\/3402","targetHints":{"allow":["GET"]}}],"collection":[{"href":"https:\/\/swebalk.com\/en\/wp-json\/wp\/v2\/product"}],"about":[{"href":"https:\/\/swebalk.com\/en\/wp-json\/wp\/v2\/types\/product"}],"replies":[{"embeddable":true,"href":"https:\/\/swebalk.com\/en\/wp-json\/wp\/v2\/comments?post=3402"}],"wp:featuredmedia":[{"embeddable":true,"href":"https:\/\/swebalk.com\/en\/wp-json\/wp\/v2\/media\/3322"}],"wp:attachment":[{"href":"https:\/\/swebalk.com\/en\/wp-json\/wp\/v2\/media?parent=3402"}],"wp:term":[{"taxonomy":"product_brand","embeddable":true,"href":"https:\/\/swebalk.com\/en\/wp-json\/wp\/v2\/product_brand?post=3402"},{"taxonomy":"product_cat","embeddable":true,"href":"https:\/\/swebalk.com\/en\/wp-json\/wp\/v2\/product_cat?post=3402"},{"taxonomy":"product_tag","embeddable":true,"href":"https:\/\/swebalk.com\/en\/wp-json\/wp\/v2\/product_tag?post=3402"}],"curies":[{"name":"wp","href":"https:\/\/api.w.org\/{rel}","templated":true}]}}