{"id":3401,"date":"2024-05-13T12:37:35","date_gmt":"2024-05-13T12:37:35","guid":{"rendered":"https:\/\/swebalk.com\/?post_type=product&#038;p=3401"},"modified":"2024-05-13T12:40:55","modified_gmt":"2024-05-13T12:40:55","slug":"bandslipmaskin-ms-150-x-2000-s-2","status":"publish","type":"product","link":"https:\/\/swebalk.com\/en\/product\/bandslipmaskin-ms-150-x-2000-s-2\/","title":{"rendered":"Bandslipmaskin MS 150 x 2000 S-2"},"content":{"rendered":"<table>\r\n<tbody>\r\n<tr>\r\n<td width=\"302\">\r\n<p><strong>Teknisk specifikation<\/strong><\/p>\r\n<\/td>\r\n<td width=\"302\">\r\n<p>&nbsp;<\/p>\r\n<\/td>\r\n<\/tr>\r\n<tr>\r\n<td width=\"302\">\r\n<p>Slipband dimension<\/p>\r\n<\/td>\r\n<td width=\"302\">\r\n<p>150 x 2000 mm<\/p>\r\n<\/td>\r\n<\/tr>\r\n<tr>\r\n<td width=\"302\">\r\n<p>Hastighet<\/p>\r\n<\/td>\r\n<td width=\"302\">\r\n<p>14,5\/29 m\/sec.<\/p>\r\n<\/td>\r\n<\/tr>\r\n<tr>\r\n<td width=\"302\">\r\n<p>Kontakthjul \u00d8 x B<\/p>\r\n<\/td>\r\n<td width=\"302\">\r\n<p>200 \/ 155 mm<\/p>\r\n<\/td>\r\n<\/tr>\r\n<tr>\r\n<td width=\"302\">\r\n<p>Plan yta<\/p>\r\n<\/td>\r\n<td width=\"302\">\r\n<p>460 x 150 mm<\/p>\r\n<\/td>\r\n<\/tr>\r\n<tr>\r\n<td width=\"302\">\r\n<p>Utsug dia<\/p>\r\n<\/td>\r\n<td width=\"302\">\r\n<p>100 mm<\/p>\r\n<\/td>\r\n<\/tr>\r\n<tr>\r\n<td width=\"302\">\r\n<p>Motoreffekt<\/p>\r\n<\/td>\r\n<td width=\"302\">\r\n<p>2,1\/2,8 kW<\/p>\r\n<\/td>\r\n<\/tr>\r\n<tr>\r\n<td width=\"302\">\r\n<p>Volt<\/p>\r\n<\/td>\r\n<td width=\"302\">\r\n<p>400 V<\/p>\r\n<\/td>\r\n<\/tr>\r\n<tr>\r\n<td width=\"302\">\r\n<p>L\u00e4ngd<\/p>\r\n<\/td>\r\n<td width=\"302\">\r\n<p>1080 mm<\/p>\r\n<\/td>\r\n<\/tr>\r\n<tr>\r\n<td width=\"302\">\r\n<p>Bredd<\/p>\r\n<\/td>\r\n<td width=\"302\">\r\n<p>520 mm<\/p>\r\n<\/td>\r\n<\/tr>\r\n<tr>\r\n<td width=\"302\">\r\n<p>H\u00f6jd<\/p>\r\n<\/td>\r\n<td width=\"302\">\r\n<p>1000 mm<\/p>\r\n<\/td>\r\n<\/tr>\r\n<tr>\r\n<td width=\"302\">\r\n<p>Vikt<\/p>\r\n<\/td>\r\n<td width=\"302\">\r\n<p>85 kg<\/p>\r\n<\/td>\r\n<\/tr>\r\n<\/tbody>\r\n<\/table>\r\n<p>&nbsp;<\/p>\r\n<p>Kraftiga bandslipmaskiner f\u00f6r grov- och finslipning i metall. Sluten konstruktion kan kompletteras med effektivt utsug. Vilar p\u00e5 metallstativ och kan lutas efter eget \u00f6nskem\u00e5l. Sj\u00e4lvjusterande bandsp\u00e4nnare.<\/p>\r\n<p>Levereras komplett med 2-hastighetsmotor separat n\u00f6dstopp, motorskydd med nollsp\u00e4nningsutl\u00f6sning, vinkelanslag och \u00f6gonskydd samt slipband.<\/p>\r\n<p><strong>Standardutrustning<\/strong>:<br \/>&#8211; Slipband korn 80<br \/>&#8211; \u00d6gonskydd<br \/>&#8211; Vinkelanslag<br \/>&#8211; St\u00f6d f\u00f6r arbetsstycke<br \/>&#8211; Dammutsugsutlopp<br \/>&#8211; Stativ \u2013 justerbar<br \/>&#8211; Separat n\u00f6dstopp<\/p>\r\n<p><\/p>\r\n<div class=\"wp-block-button has-custom-width wp-block-button__width-50\"><a class=\"wp-block-button__link has-white-color has-vivid-red-background-color has-text-color has-background wp-element-button\" href=\"https:\/\/swebalk.com\/wp-content\/uploads\/2024\/05\/151106040-Bandslipmaskin-Bernardo-MS-150-x-2000-S-2.pdf\" target=\"_blank\" rel=\"noreferrer noopener\">Produktblad MS 150 x 2000 S-2<\/a><\/div>\r\n<p>\r\n\r\n<\/p>","protected":false},"excerpt":{"rendered":"<p>Teknisk specifikation &nbsp; Slipband dimension 150 x 2000 mm Hastighet 14,5\/29 m\/sec. Kontakthjul \u00d8 x B 200 \/ 155 mm Plan yta 460 x 150 mm Utsug dia 100 mm Motoreffekt 2,1\/2,8 kW Volt 400 V L\u00e4ngd 1080 mm Bredd 520 mm H\u00f6jd 1000 mm Vikt 85 kg &nbsp; Kraftiga bandslipmaskiner f\u00f6r grov- och finslipning [&hellip;]<\/p>\n","protected":false},"featured_media":3395,"comment_status":"open","ping_status":"closed","template":"","meta":{"_acf_changed":false},"product_brand":[],"product_cat":[48],"product_tag":[],"class_list":{"0":"post-3401","1":"product","2":"type-product","3":"status-publish","4":"has-post-thumbnail","6":"product_cat-slipning","7":"post","8":"post-with-thumbnail","9":"post-with-thumbnail-large","11":"first","12":"instock","13":"shipping-taxable","14":"product-type-simple"},"acf":[],"_links":{"self":[{"href":"https:\/\/swebalk.com\/en\/wp-json\/wp\/v2\/product\/3401","targetHints":{"allow":["GET"]}}],"collection":[{"href":"https:\/\/swebalk.com\/en\/wp-json\/wp\/v2\/product"}],"about":[{"href":"https:\/\/swebalk.com\/en\/wp-json\/wp\/v2\/types\/product"}],"replies":[{"embeddable":true,"href":"https:\/\/swebalk.com\/en\/wp-json\/wp\/v2\/comments?post=3401"}],"wp:featuredmedia":[{"embeddable":true,"href":"https:\/\/swebalk.com\/en\/wp-json\/wp\/v2\/media\/3395"}],"wp:attachment":[{"href":"https:\/\/swebalk.com\/en\/wp-json\/wp\/v2\/media?parent=3401"}],"wp:term":[{"taxonomy":"product_brand","embeddable":true,"href":"https:\/\/swebalk.com\/en\/wp-json\/wp\/v2\/product_brand?post=3401"},{"taxonomy":"product_cat","embeddable":true,"href":"https:\/\/swebalk.com\/en\/wp-json\/wp\/v2\/product_cat?post=3401"},{"taxonomy":"product_tag","embeddable":true,"href":"https:\/\/swebalk.com\/en\/wp-json\/wp\/v2\/product_tag?post=3401"}],"curies":[{"name":"wp","href":"https:\/\/api.w.org\/{rel}","templated":true}]}}