{"id":3400,"date":"2024-05-13T12:33:00","date_gmt":"2024-05-13T12:33:00","guid":{"rendered":"https:\/\/swebalk.com\/?post_type=product&#038;p=3400"},"modified":"2024-05-13T12:44:26","modified_gmt":"2024-05-13T12:44:26","slug":"bandslipmaskin-ms-75-x-2000-s","status":"publish","type":"product","link":"https:\/\/swebalk.com\/en\/product\/bandslipmaskin-ms-75-x-2000-s\/","title":{"rendered":"Bandslipmaskin MS 75 x 2000 S"},"content":{"rendered":"<div class=\"wp-block-columns\">\r\n<div class=\"wp-block-column\">\r\n<figure class=\"wp-block-image size-full\">\r\n<p>H\u00f6g bandhastighet m\u00f6jligg\u00f6r h\u00f6gsta slipprestanda. Snabbjustering f\u00f6r horisontell och lutande position. Idealisk slipning av l\u00e5nga arbetsstycken. Fj\u00e4derbelastad sp\u00e4nnanordning garanterar konsekvent remsp\u00e4nning. Universellt anv\u00e4ndbar f\u00f6r slipning av kanter, yt- och cylindrisk slipning. Snabbsp\u00e4nnsystem f\u00f6r snabb rem byte. St\u00e4llskruven m\u00f6jligg\u00f6r enkel justering av parallell remk\u00f6rning. Grafitbel\u00e4ggning p\u00e5 plan yta \u00f6kar slip bandets glidkapacitet.<\/p>\r\n<p><strong>Standardutrustning:<\/strong><\/p>\r\n<ul>\r\n<li>Slipband korn 80<\/li>\r\n<li>\u00d6gonskydd<\/li>\r\n<li>Vinkelanslag<\/li>\r\n<li>St\u00f6d f\u00f6r arbetsstycke<\/li>\r\n<li>Dammutsugsutlopp<\/li>\r\n<li>Stativ \u2013 justerbar<\/li>\r\n<li>Separat n\u00f6dstopp<\/li>\r\n<\/ul>\r\n<\/figure>\r\n<\/div>\r\n<\/div>\r\n<!-- \/wp:post-content -->\r\n\r\n<!-- wp:table {\"className\":\"is-style-stripes\"} -->\r\n<figure class=\"wp-block-table is-style-stripes\">\r\n<table>\r\n<tbody>\r\n<tr>\r\n<td width=\"302\">\r\n<p><strong>Teknisk specifikation<\/strong><\/p>\r\n<\/td>\r\n<td width=\"302\">\r\n<p>&nbsp;<\/p>\r\n<\/td>\r\n<\/tr>\r\n<tr>\r\n<td width=\"302\">\r\n<p>Slipband dimension<\/p>\r\n<\/td>\r\n<td width=\"302\">\r\n<p>75 x 2000 mm<\/p>\r\n<\/td>\r\n<\/tr>\r\n<tr>\r\n<td width=\"302\">\r\n<p>Hastighet<\/p>\r\n<\/td>\r\n<td width=\"302\">\r\n<p>29 m\/sec.<\/p>\r\n<\/td>\r\n<\/tr>\r\n<tr>\r\n<td width=\"302\">\r\n<p>Kontakthjul \u00d8 x B<\/p>\r\n<\/td>\r\n<td width=\"302\">\r\n<p>200 \/ 80 mm<\/p>\r\n<\/td>\r\n<\/tr>\r\n<tr>\r\n<td width=\"302\">\r\n<p>Plan yta<\/p>\r\n<\/td>\r\n<td width=\"302\">\r\n<p>460 x 75 mm<\/p>\r\n<\/td>\r\n<\/tr>\r\n<tr>\r\n<td width=\"302\">\r\n<p>Utsug dia<\/p>\r\n<\/td>\r\n<td width=\"302\">\r\n<p>100 mm<\/p>\r\n<\/td>\r\n<\/tr>\r\n<tr>\r\n<td width=\"302\">\r\n<p>Motoreffekt<\/p>\r\n<\/td>\r\n<td width=\"302\">\r\n<p>3,0 kW<\/p>\r\n<\/td>\r\n<\/tr>\r\n<tr>\r\n<td width=\"302\">\r\n<p>Volt<\/p>\r\n<\/td>\r\n<td width=\"302\">\r\n<p>400 V<\/p>\r\n<\/td>\r\n<\/tr>\r\n<tr>\r\n<td width=\"302\">\r\n<p>L\u00e4ngd<\/p>\r\n<\/td>\r\n<td width=\"302\">\r\n<p>1080 mm<\/p>\r\n<\/td>\r\n<\/tr>\r\n<tr>\r\n<td width=\"302\">\r\n<p>Bredd<\/p>\r\n<\/td>\r\n<td width=\"302\">\r\n<p>440 mm<\/p>\r\n<\/td>\r\n<\/tr>\r\n<tr>\r\n<td width=\"302\">\r\n<p>H\u00f6jd<\/p>\r\n<\/td>\r\n<td width=\"302\">\r\n<p>1000 mm<\/p>\r\n<\/td>\r\n<\/tr>\r\n<tr>\r\n<td width=\"302\">\r\n<p>Vikt<\/p>\r\n<\/td>\r\n<td width=\"302\">\r\n<p>66 kg<\/p>\r\n<\/td>\r\n<\/tr>\r\n<\/tbody>\r\n<\/table>\r\n<\/figure>\r\n<!-- \/wp:table -->\r\n\r\n<!-- wp:buttons -->\r\n<div class=\"wp-block-buttons\"><!-- wp:button {\"backgroundColor\":\"vivid-red\",\"textColor\":\"white\"} -->\r\n<div class=\"wp-block-button\"><a class=\"wp-block-button__link has-white-color has-vivid-red-background-color has-text-color has-background wp-element-button\" href=\"https:\/\/swebalk.com\/wp-content\/uploads\/2024\/05\/151106010-Bandslipmaskin-Bernardo-MS-75-x-2000-S.pdf\" target=\"_blank\" rel=\"noreferrer noopener\">Produktblad Bernardo MS 75&#215;2000 S-2<\/a><\/div>\r\n<!-- \/wp:button --><\/div>\r\n<!-- \/wp:buttons -->","protected":false},"excerpt":{"rendered":"<p>H\u00f6g bandhastighet m\u00f6jligg\u00f6r h\u00f6gsta slipprestanda. Snabbjustering f\u00f6r horisontell och lutande position. Idealisk slipning av l\u00e5nga arbetsstycken. Fj\u00e4derbelastad sp\u00e4nnanordning garanterar konsekvent remsp\u00e4nning. Universellt anv\u00e4ndbar f\u00f6r slipning av kanter, yt- och cylindrisk slipning. Snabbsp\u00e4nnsystem f\u00f6r snabb rem byte. St\u00e4llskruven m\u00f6jligg\u00f6r enkel justering av parallell remk\u00f6rning. Grafitbel\u00e4ggning p\u00e5 plan yta \u00f6kar slip bandets glidkapacitet. Standardutrustning: Slipband korn 80 [&hellip;]<\/p>\n","protected":false},"featured_media":3329,"comment_status":"closed","ping_status":"closed","template":"","meta":{"_acf_changed":false},"product_brand":[],"product_cat":[48],"product_tag":[],"class_list":{"0":"post-3400","1":"product","2":"type-product","3":"status-publish","4":"has-post-thumbnail","6":"product_cat-slipning","7":"post","8":"post-with-thumbnail","9":"post-with-thumbnail-large","11":"first","12":"instock","13":"shipping-taxable","14":"product-type-simple"},"acf":[],"_links":{"self":[{"href":"https:\/\/swebalk.com\/en\/wp-json\/wp\/v2\/product\/3400","targetHints":{"allow":["GET"]}}],"collection":[{"href":"https:\/\/swebalk.com\/en\/wp-json\/wp\/v2\/product"}],"about":[{"href":"https:\/\/swebalk.com\/en\/wp-json\/wp\/v2\/types\/product"}],"replies":[{"embeddable":true,"href":"https:\/\/swebalk.com\/en\/wp-json\/wp\/v2\/comments?post=3400"}],"wp:featuredmedia":[{"embeddable":true,"href":"https:\/\/swebalk.com\/en\/wp-json\/wp\/v2\/media\/3329"}],"wp:attachment":[{"href":"https:\/\/swebalk.com\/en\/wp-json\/wp\/v2\/media?parent=3400"}],"wp:term":[{"taxonomy":"product_brand","embeddable":true,"href":"https:\/\/swebalk.com\/en\/wp-json\/wp\/v2\/product_brand?post=3400"},{"taxonomy":"product_cat","embeddable":true,"href":"https:\/\/swebalk.com\/en\/wp-json\/wp\/v2\/product_cat?post=3400"},{"taxonomy":"product_tag","embeddable":true,"href":"https:\/\/swebalk.com\/en\/wp-json\/wp\/v2\/product_tag?post=3400"}],"curies":[{"name":"wp","href":"https:\/\/api.w.org\/{rel}","templated":true}]}}