{"id":3353,"date":"2024-05-12T16:33:11","date_gmt":"2024-05-12T16:33:11","guid":{"rendered":"https:\/\/swebalk.com\/?post_type=product&#038;p=3353"},"modified":"2024-05-12T16:41:14","modified_gmt":"2024-05-12T16:41:14","slug":"hydraulisk-domkraft-6t-hc-kopia-2","status":"publish","type":"product","link":"https:\/\/swebalk.com\/en\/product\/hydraulisk-domkraft-6t-hc-kopia-2\/","title":{"rendered":"Hydraulisk domkraft 6T-HC"},"content":{"rendered":"<figure class=\"wp-block-table is-style-stripes has-small-font-size\">\r\n<ul>\r\n<li>Ergonomiskt utformat handtag f\u00f6r anv\u00e4ndnings komfort.<\/li>\r\n<li>Max. h\u00f6jd 960 mm.<\/li>\r\n<li>Lyft och sv\u00e4ng s\u00e4nknings system f\u00f6rhindrar oavsiktlig s\u00e4nkning.<\/li>\r\n<li>Inbyggd s\u00e4kerhetss\u00e4nkningskontrollventil f\u00f6r s\u00e4ker s\u00e4nkning \u00e4ven vid maximal belastning.<\/li>\r\n<\/ul>\r\n<\/figure>\r\n\r\n\r\n\r\n<figure class=\"wp-block-table is-style-stripes has-small-font-size\">\r\n<table style=\"height: 302px;\" width=\"923\">\r\n<thead>\r\n<tr>\r\n<th>Modell<\/th>\r\n<th>Art. 311102080 &#8211; 6T-HC<\/th>\r\n<\/tr>\r\n<\/thead>\r\n<tbody>\r\n<tr>\r\n<td>Kapacitet<\/td>\r\n<td>6 t<\/td>\r\n<\/tr>\r\n<tr>\r\n<td>H\u00f6jd<\/td>\r\n<td>350 mm<\/td>\r\n<\/tr>\r\n<tr>\r\n<td>L\u00e4ngd<\/td>\r\n<td>1830 mm<\/td>\r\n<\/tr>\r\n<tr>\r\n<td>Bredd<\/td>\r\n<td>475 mm<\/td>\r\n<\/tr>\r\n<tr>\r\n<td>Vikt<\/td>\r\n<td>180 kg<\/td>\r\n<\/tr>\r\n<\/tbody>\r\n<\/table>\r\n<\/figure>\r\n\r\n\r\n\r\n<div class=\"wp-block-buttons is-layout-flex wp-block-buttons-is-layout-flex\">\r\n<div class=\"wp-block-button has-custom-width wp-block-button__width-50\"><a class=\"wp-block-button__link has-white-color has-vivid-red-background-color has-text-color has-background wp-element-button\" href=\"https:\/\/swebalk.com\/wp-content\/uploads\/2024\/01\/Trolley-Jacks-GB.pdf\" target=\"_blank\" rel=\"noreferrer noopener\">Produktblad 6T-HC<\/a><\/div>\r\n<div>\u00a0<\/div>\r\n\r\n\r\n\r\n\r\n\r\n\r\n\r\n\r\n<\/div>","protected":false},"excerpt":{"rendered":"<p>Ergonomiskt utformat handtag f\u00f6r anv\u00e4ndnings komfort. Max. h\u00f6jd 960 mm. Lyft och sv\u00e4ng s\u00e4nknings system f\u00f6rhindrar oavsiktlig s\u00e4nkning. Inbyggd s\u00e4kerhetss\u00e4nkningskontrollventil f\u00f6r s\u00e4ker s\u00e4nkning \u00e4ven vid maximal belastning. Modell Art. 311102080 &#8211; 6T-HC Kapacitet 6 t H\u00f6jd 350 mm L\u00e4ngd 1830 mm Bredd 475 mm Vikt 180 kg<\/p>","protected":false},"featured_media":3356,"comment_status":"open","ping_status":"closed","template":"","meta":{"_acf_changed":false},"product_brand":[],"product_cat":[56],"product_tag":[],"class_list":{"0":"post-3353","1":"product","2":"type-product","3":"status-publish","4":"has-post-thumbnail","6":"product_cat-domkraft","7":"post","8":"post-with-thumbnail","9":"post-with-thumbnail-large","11":"first","12":"instock","13":"shipping-taxable","14":"product-type-simple"},"acf":[],"_links":{"self":[{"href":"https:\/\/swebalk.com\/en\/wp-json\/wp\/v2\/product\/3353","targetHints":{"allow":["GET"]}}],"collection":[{"href":"https:\/\/swebalk.com\/en\/wp-json\/wp\/v2\/product"}],"about":[{"href":"https:\/\/swebalk.com\/en\/wp-json\/wp\/v2\/types\/product"}],"replies":[{"embeddable":true,"href":"https:\/\/swebalk.com\/en\/wp-json\/wp\/v2\/comments?post=3353"}],"wp:featuredmedia":[{"embeddable":true,"href":"https:\/\/swebalk.com\/en\/wp-json\/wp\/v2\/media\/3356"}],"wp:attachment":[{"href":"https:\/\/swebalk.com\/en\/wp-json\/wp\/v2\/media?parent=3353"}],"wp:term":[{"taxonomy":"product_brand","embeddable":true,"href":"https:\/\/swebalk.com\/en\/wp-json\/wp\/v2\/product_brand?post=3353"},{"taxonomy":"product_cat","embeddable":true,"href":"https:\/\/swebalk.com\/en\/wp-json\/wp\/v2\/product_cat?post=3353"},{"taxonomy":"product_tag","embeddable":true,"href":"https:\/\/swebalk.com\/en\/wp-json\/wp\/v2\/product_tag?post=3353"}],"curies":[{"name":"wp","href":"https:\/\/api.w.org\/{rel}","templated":true}]}}