{"id":3232,"date":"2024-01-09T13:30:06","date_gmt":"2024-01-09T13:30:06","guid":{"rendered":"https:\/\/swebalk.com\/?post_type=product&#038;p=3232"},"modified":"2024-05-13T06:10:05","modified_gmt":"2024-05-13T06:10:05","slug":"pallbock","status":"publish","type":"product","link":"https:\/\/swebalk.com\/en\/product\/pallbock\/","title":{"rendered":"Pallbock"},"content":{"rendered":"<figure class=\"wp-block-table is-style-stripes has-small-font-size\">\r\n<ul>\r\n<li>Kapacitet 2 &#8211; 12 T<\/li>\r\n<li>Helsvetsad ram<\/li>\r\n<li>Lyft och sv\u00e4ng s\u00e4nknings system f\u00f6rhindrar oavsiktlig s\u00e4nkning.<\/li>\r\n<li>Inbyggd s\u00e4kerhetss\u00e4nkningskontrollventil f\u00f6r s\u00e4ker s\u00e4nkning \u00e4ven vid maximal belastning.<\/li>\r\n<li>Buller reducerande nylon hjul.<\/li>\r\n<li>Kraftig helsvetsad struktur i h\u00f6gkvalitativt st\u00e5l.<\/li>\r\n<\/ul>\r\n<\/figure>\r\n\r\n\r\n\r\n<figure class=\"wp-block-table is-style-stripes has-small-font-size\">\r\n<table style=\"height: 302px;\" width=\"923\">\r\n<thead>\r\n<tr>\r\n<th>Modell<\/th>\r\n<th>Art. 361102010 &#8211; CAX 2H<\/th>\r\n<th>Art. 361102020 &#8211; CAX 3<\/th>\r\n<th>Art. 361102030 &#8211; CAX 5<\/th>\r\n<th>Art. 361102040 &#8211; CAX 8<\/th>\r\n<th>Art. 361102050 &#8211; CAX 8H<\/th>\r\n<th>Art. 361102060 &#8211; CAX 12S<\/th>\r\n<th>Art. 361102070 &#8211; CAX 12HS<\/th>\r\n<\/tr>\r\n<\/thead>\r\n<tbody>\r\n<tr>\r\n<td>Kapacitet<\/td>\r\n<td>2 t<\/td>\r\n<td>3 t<\/td>\r\n<td>5 t<\/td>\r\n<td>8 t<\/td>\r\n<td>8 t<\/td>\r\n<td>12 t<\/td>\r\n<td>12 t<\/td>\r\n<\/tr>\r\n<tr>\r\n<td>Max h\u00f6jd<\/td>\r\n<td>755 mm<\/td>\r\n<td>510 mm<\/td>\r\n<td>567 mm<\/td>\r\n<td>633 mm<\/td>\r\n<td>870 mm<\/td>\r\n<td>495 mm<\/td>\r\n<td>740 mm<\/td>\r\n<\/tr>\r\n<tr>\r\n<td>Min h\u00f6jd<\/td>\r\n<td>505 mm<\/td>\r\n<td>346 mm<\/td>\r\n<td>406 mm<\/td>\r\n<td>424 mm<\/td>\r\n<td>605 mm<\/td>\r\n<td>345 mm<\/td>\r\n<td>505 mm<\/td>\r\n<\/tr>\r\n<tr>\r\n<td>H\u00f6jd<\/td>\r\n<td>500 mm<\/td>\r\n<td>320 mm<\/td>\r\n<td>380 mm<\/td>\r\n<td>400 mm<\/td>\r\n<td>600 mm<\/td>\r\n<td>340 mm<\/td>\r\n<td>500 mm<\/td>\r\n<\/tr>\r\n<tr>\r\n<td>L\u00e4ngd<\/td>\r\n<td>500 mm<\/td>\r\n<td>340 mm<\/td>\r\n<td>400 mm<\/td>\r\n<td>440 mm<\/td>\r\n<td>620 mm<\/td>\r\n<td>340 mm<\/td>\r\n<td>440 mm<\/td>\r\n<\/tr>\r\n<tr>\r\n<td>Bredd<\/td>\r\n<td>450 mm<\/td>\r\n<td>300 mm<\/td>\r\n<td>350 mm<\/td>\r\n<td>440 mm<\/td>\r\n<td>520 mm<\/td>\r\n<td>300 mm<\/td>\r\n<td>440 mm<\/td>\r\n<\/tr>\r\n<tr>\r\n<td>Vikt<\/td>\r\n<td>6,6 kg<\/td>\r\n<td>4,7 kg<\/td>\r\n<td>7,2 kg<\/td>\r\n<td>11,5 kg<\/td>\r\n<td>15 kg<\/td>\r\n<td>11,8 kg<\/td>\r\n<td>14,4 kg<\/td>\r\n<\/tr>\r\n<\/tbody>\r\n<\/table>\r\n<\/figure>\r\n<div class=\"wp-block-buttons\">\r\n\r\n\r\n\r\n\r\n\r\n\r\n\r\n\r\n\r\n\r\n\r\n<\/div>\r\n<!-- \/wp:post-content -->","protected":false},"excerpt":{"rendered":"<p>Kapacitet 2 &#8211; 12 T Helsvetsad ram Lyft och sv\u00e4ng s\u00e4nknings system f\u00f6rhindrar oavsiktlig s\u00e4nkning. Inbyggd s\u00e4kerhetss\u00e4nkningskontrollventil f\u00f6r s\u00e4ker s\u00e4nkning \u00e4ven vid maximal belastning. Buller reducerande nylon hjul. Kraftig helsvetsad struktur i h\u00f6gkvalitativt st\u00e5l. Modell Art. 361102010 &#8211; CAX 2H Art. 361102020 &#8211; CAX 3 Art. 361102030 &#8211; CAX 5 Art. 361102040 &#8211; CAX 8 [&hellip;]<\/p>\n","protected":false},"featured_media":3233,"comment_status":"open","ping_status":"closed","template":"","meta":{"_acf_changed":false},"product_brand":[],"product_cat":[61],"product_tag":[],"class_list":{"0":"post-3232","1":"product","2":"type-product","3":"status-publish","4":"has-post-thumbnail","6":"product_cat-pallbock","7":"post","8":"post-with-thumbnail","9":"post-with-thumbnail-large","11":"first","12":"instock","13":"shipping-taxable","14":"product-type-simple"},"acf":[],"_links":{"self":[{"href":"https:\/\/swebalk.com\/en\/wp-json\/wp\/v2\/product\/3232","targetHints":{"allow":["GET"]}}],"collection":[{"href":"https:\/\/swebalk.com\/en\/wp-json\/wp\/v2\/product"}],"about":[{"href":"https:\/\/swebalk.com\/en\/wp-json\/wp\/v2\/types\/product"}],"replies":[{"embeddable":true,"href":"https:\/\/swebalk.com\/en\/wp-json\/wp\/v2\/comments?post=3232"}],"wp:featuredmedia":[{"embeddable":true,"href":"https:\/\/swebalk.com\/en\/wp-json\/wp\/v2\/media\/3233"}],"wp:attachment":[{"href":"https:\/\/swebalk.com\/en\/wp-json\/wp\/v2\/media?parent=3232"}],"wp:term":[{"taxonomy":"product_brand","embeddable":true,"href":"https:\/\/swebalk.com\/en\/wp-json\/wp\/v2\/product_brand?post=3232"},{"taxonomy":"product_cat","embeddable":true,"href":"https:\/\/swebalk.com\/en\/wp-json\/wp\/v2\/product_cat?post=3232"},{"taxonomy":"product_tag","embeddable":true,"href":"https:\/\/swebalk.com\/en\/wp-json\/wp\/v2\/product_tag?post=3232"}],"curies":[{"name":"wp","href":"https:\/\/api.w.org\/{rel}","templated":true}]}}