{"id":3225,"date":"2024-01-09T13:09:29","date_gmt":"2024-01-09T13:09:29","guid":{"rendered":"https:\/\/swebalk.com\/?post_type=product&#038;p=3225"},"modified":"2024-05-13T06:12:11","modified_gmt":"2024-05-13T06:12:11","slug":"fjaderkompressor","status":"publish","type":"product","link":"https:\/\/swebalk.com\/en\/product\/fjaderkompressor\/","title":{"rendered":"Fj\u00e4derkompressor"},"content":{"rendered":"<figure class=\"wp-block-table is-style-stripes has-small-font-size\">\r\n<ul>\r\n<li>McPherson fj\u00e4derkompressor.<\/li>\r\n<li>Fotman\u00f6vrerad luft kompression.<\/li>\r\n<li>S\u00e4kerhetsskydd som s\u00e4kerst\u00e4ller en ergonomisk arbetsst\u00e4llning.<\/li>\r\n<li>R\u00f6rliga armar med universalbackar s\u00e4kerst\u00e4ller ett exakt och vertikalt tryck.<\/li>\r\n<li>Enkel \u00e5tkomst f\u00f6r montering och demontering av toppmuttern.<\/li>\r\n<li>S\u00e4kerhetsl\u00e5s fixerar de justerbara armarna.<\/li>\r\n<li>L\u00e5ng slagl\u00e4ngd p\u00e5 330 mm.<\/li>\r\n<li>&#8221;Universella&#8221; vridbackar som passar alla fj\u00e4drar.<\/li>\r\n<li>Upp till 390 mm avst\u00e5nd mellan k\u00e4ftar och fj\u00e4derh\u00e5llare.<\/li>\r\n<li>L\u00e4mplig f\u00f6r koniska fj\u00e4drar.<\/li>\r\n<li>Klar f\u00f6r anv\u00e4ndning p\u00e5 n\u00e5gra sekunder.<\/li>\r\n<li>Mobil. L\u00e4tt att flytta mellan arbetsstationer.<\/li>\r\n<li>Standard med 2 fj\u00e4derh\u00e5llare (\u00d878-125 mm &amp; \u00d8125-200 mm).<\/li>\r\n<li>Modeller CSC+ rekommenderas f\u00f6r fj\u00e4drar p\u00e5 stora bilar, sk\u00e5pbilar, 4WD och stadsjeepar.<\/li>\r\n<li>Luftanslutning 8 till 10 bar.<\/li>\r\n<\/ul>\r\n<\/figure>\r\n<figure class=\"wp-block-table is-style-stripes has-small-font-size\">\r\n<table style=\"height: 302px;\" width=\"923\">\r\n<thead>\r\n<tr>\r\n<th>Modell<\/th>\r\n<th>Art. 351102010 &#8211; CSC<\/th>\r\n<th>Art. 351102020 &#8211; CSC+<\/th>\r\n<\/tr>\r\n<\/thead>\r\n<tbody>\r\n<tr>\r\n<td>H\u00f6jd<\/td>\r\n<td>1450 mm<\/td>\r\n<td>1450 mm<\/td>\r\n<\/tr>\r\n<tr>\r\n<td>L\u00e4ngd<\/td>\r\n<td>340 mm<\/td>\r\n<td>330 mm<\/td>\r\n<\/tr>\r\n<tr>\r\n<td>Bredd<\/td>\r\n<td>540 mm<\/td>\r\n<td>540 mm<\/td>\r\n<\/tr>\r\n<tr>\r\n<td>Vikt<\/td>\r\n<td>61 kg<\/td>\r\n<td>74 kg<\/td>\r\n<\/tr>\r\n<\/tbody>\r\n<\/table>\r\n<\/figure>\r\n\r\n\r\n\r\n<div class=\"wp-block-buttons is-layout-flex wp-block-buttons-is-layout-flex\">\r\n<div class=\"wp-block-button has-custom-width wp-block-button__width-50\"><a class=\"wp-block-button__link has-white-color has-vivid-red-background-color has-text-color has-background wp-element-button\" href=\"https:\/\/swebalk.com\/wp-content\/uploads\/2024\/01\/CSC-GB.pdf\" target=\"_blank\" rel=\"noreferrer noopener\">Produktblad CSC<\/a><\/div>\r\n\r\n\r\n\r\n\r\n\r\n<div class=\"wp-block-button has-custom-width wp-block-button__width-50\"><a class=\"wp-block-button__link has-white-color has-vivid-red-background-color has-text-color has-background wp-element-button\" href=\"https:\/\/swebalk.com\/wp-content\/uploads\/2024\/01\/CSC-plus-GB-Operating-instruction.pdf\" target=\"_blank\" rel=\"noreferrer noopener\">Produktblad CSC +<\/a><\/div>\r\n\r\n\r\n\r\n\r\n\r\n\r\n\r\n\r\n<\/div>","protected":false},"excerpt":{"rendered":"<p>McPherson fj\u00e4derkompressor. Fotman\u00f6vrerad luft kompression. S\u00e4kerhetsskydd som s\u00e4kerst\u00e4ller en ergonomisk arbetsst\u00e4llning. R\u00f6rliga armar med universalbackar s\u00e4kerst\u00e4ller ett exakt och vertikalt tryck. Enkel \u00e5tkomst f\u00f6r montering och demontering av toppmuttern. S\u00e4kerhetsl\u00e5s fixerar de justerbara armarna. L\u00e5ng slagl\u00e4ngd p\u00e5 330 mm. &#8221;Universella&#8221; vridbackar som passar alla fj\u00e4drar. Upp till 390 mm avst\u00e5nd mellan k\u00e4ftar och fj\u00e4derh\u00e5llare. L\u00e4mplig [&hellip;]<\/p>\n","protected":false},"featured_media":3227,"comment_status":"open","ping_status":"closed","template":"","meta":{"_acf_changed":false},"product_brand":[],"product_cat":[60],"product_tag":[],"class_list":{"0":"post-3225","1":"product","2":"type-product","3":"status-publish","4":"has-post-thumbnail","6":"product_cat-fjaderkompressor","7":"post","8":"post-with-thumbnail","9":"post-with-thumbnail-large","11":"first","12":"instock","13":"shipping-taxable","14":"product-type-simple"},"acf":[],"_links":{"self":[{"href":"https:\/\/swebalk.com\/en\/wp-json\/wp\/v2\/product\/3225","targetHints":{"allow":["GET"]}}],"collection":[{"href":"https:\/\/swebalk.com\/en\/wp-json\/wp\/v2\/product"}],"about":[{"href":"https:\/\/swebalk.com\/en\/wp-json\/wp\/v2\/types\/product"}],"replies":[{"embeddable":true,"href":"https:\/\/swebalk.com\/en\/wp-json\/wp\/v2\/comments?post=3225"}],"wp:featuredmedia":[{"embeddable":true,"href":"https:\/\/swebalk.com\/en\/wp-json\/wp\/v2\/media\/3227"}],"wp:attachment":[{"href":"https:\/\/swebalk.com\/en\/wp-json\/wp\/v2\/media?parent=3225"}],"wp:term":[{"taxonomy":"product_brand","embeddable":true,"href":"https:\/\/swebalk.com\/en\/wp-json\/wp\/v2\/product_brand?post=3225"},{"taxonomy":"product_cat","embeddable":true,"href":"https:\/\/swebalk.com\/en\/wp-json\/wp\/v2\/product_cat?post=3225"},{"taxonomy":"product_tag","embeddable":true,"href":"https:\/\/swebalk.com\/en\/wp-json\/wp\/v2\/product_tag?post=3225"}],"curies":[{"name":"wp","href":"https:\/\/api.w.org\/{rel}","templated":true}]}}