{"id":3199,"date":"2024-01-09T08:15:31","date_gmt":"2024-01-09T08:15:31","guid":{"rendered":"https:\/\/swebalk.com\/?post_type=product&#038;p=3199"},"modified":"2024-05-12T16:21:22","modified_gmt":"2024-05-12T16:21:22","slug":"hjuldocka","status":"publish","type":"product","link":"https:\/\/swebalk.com\/en\/product\/hjuldocka\/","title":{"rendered":"Hjul docka"},"content":{"rendered":"<figure class=\"wp-block-table is-style-stripes has-small-font-size\">\r\n<ul>\r\n<li>Kapacitet 60 kg.<\/li>\r\n<li>Hjul diameter max. 820 mm.<\/li>\r\n<li>Enkel fot man\u00f6vrering .<\/li>\r\n<li>Inga tunga lyft.<\/li>\r\n<li>Hjulen lyfts rakt fr\u00e5n golvet.<\/li>\r\n<li>Hjul rullar med kullager f\u00f6r enkel rotation och positionering.<\/li>\r\n<li>L\u00e4tt att komma \u00e5t hjulbultar.<\/li>\r\n<li>Hjulen \u00e4r positionerad bort fr\u00e5n huvudkolven<\/li>\r\n<\/ul>\r\n<\/figure>\r\n<figure class=\"wp-block-table is-style-stripes has-small-font-size\">\r\n<table style=\"height: 302px;\" width=\"923\">\r\n<thead>\r\n<tr>\r\n<th>Modell<\/th>\r\n<th>Art. 331102010 &#8211; WD 60<\/th>\r\n<\/tr>\r\n<\/thead>\r\n<tbody>\r\n<tr>\r\n<td>Kapacitet<\/td>\r\n<td>60 kg<\/td>\r\n<\/tr>\r\n<tr>\r\n<td>H\u00f6jd<\/td>\r\n<td>300 mm<\/td>\r\n<\/tr>\r\n<tr>\r\n<td>L\u00e4ngd<\/td>\r\n<td>1490 mm<\/td>\r\n<\/tr>\r\n<tr>\r\n<td>Bredd<\/td>\r\n<td>810 mm<\/td>\r\n<\/tr>\r\n<tr>\r\n<td>Vikt<\/td>\r\n<td>64 kg<\/td>\r\n<\/tr>\r\n<\/tbody>\r\n<\/table>\r\n<\/figure>\r\n\r\n\r\n\r\n<div class=\"wp-block-buttons is-layout-flex wp-block-buttons-is-layout-flex\">\r\n<div class=\"wp-block-button has-custom-width wp-block-button__width-50\"><a class=\"wp-block-button__link has-white-color has-vivid-red-background-color has-text-color has-background wp-element-button\" href=\"https:\/\/swebalk.com\/wp-content\/uploads\/2024\/01\/WD60-G2-GB.pdf\" target=\"_blank\" rel=\"noreferrer noopener\">Produktblad WD 60<\/a><\/div>\r\n\r\n\r\n\r\n\r\n\r\n\r\n\r\n\r\n\r\n\r\n\r\n\r\n<\/div>","protected":false},"excerpt":{"rendered":"<p>Kapacitet 60 kg. Hjul diameter max. 820 mm. Enkel fot man\u00f6vrering . Inga tunga lyft. Hjulen lyfts rakt fr\u00e5n golvet. Hjul rullar med kullager f\u00f6r enkel rotation och positionering. L\u00e4tt att komma \u00e5t hjulbultar. Hjulen \u00e4r positionerad bort fr\u00e5n huvudkolven Modell Art. 331102010 &#8211; WD 60 Kapacitet 60 kg H\u00f6jd 300 mm L\u00e4ngd 1490 mm [&hellip;]<\/p>\n","protected":false},"featured_media":3214,"comment_status":"open","ping_status":"closed","template":"","meta":{"_acf_changed":false},"product_brand":[],"product_cat":[58],"product_tag":[],"class_list":{"0":"post-3199","1":"product","2":"type-product","3":"status-publish","4":"has-post-thumbnail","6":"product_cat-hjul-docka","7":"post","8":"post-with-thumbnail","9":"post-with-thumbnail-large","11":"first","12":"instock","13":"shipping-taxable","14":"product-type-simple"},"acf":[],"_links":{"self":[{"href":"https:\/\/swebalk.com\/en\/wp-json\/wp\/v2\/product\/3199","targetHints":{"allow":["GET"]}}],"collection":[{"href":"https:\/\/swebalk.com\/en\/wp-json\/wp\/v2\/product"}],"about":[{"href":"https:\/\/swebalk.com\/en\/wp-json\/wp\/v2\/types\/product"}],"replies":[{"embeddable":true,"href":"https:\/\/swebalk.com\/en\/wp-json\/wp\/v2\/comments?post=3199"}],"wp:featuredmedia":[{"embeddable":true,"href":"https:\/\/swebalk.com\/en\/wp-json\/wp\/v2\/media\/3214"}],"wp:attachment":[{"href":"https:\/\/swebalk.com\/en\/wp-json\/wp\/v2\/media?parent=3199"}],"wp:term":[{"taxonomy":"product_brand","embeddable":true,"href":"https:\/\/swebalk.com\/en\/wp-json\/wp\/v2\/product_brand?post=3199"},{"taxonomy":"product_cat","embeddable":true,"href":"https:\/\/swebalk.com\/en\/wp-json\/wp\/v2\/product_cat?post=3199"},{"taxonomy":"product_tag","embeddable":true,"href":"https:\/\/swebalk.com\/en\/wp-json\/wp\/v2\/product_tag?post=3199"}],"curies":[{"name":"wp","href":"https:\/\/api.w.org\/{rel}","templated":true}]}}