{"id":3198,"date":"2024-01-08T12:50:10","date_gmt":"2024-01-08T12:50:10","guid":{"rendered":"https:\/\/swebalk.com\/?post_type=product&#038;p=3198"},"modified":"2024-05-13T06:13:33","modified_gmt":"2024-05-13T06:13:33","slug":"vaxelladsdomkraft","status":"publish","type":"product","link":"https:\/\/swebalk.com\/en\/product\/vaxelladsdomkraft\/","title":{"rendered":"V\u00e4xell\u00e5dsdomkraft"},"content":{"rendered":"<figure class=\"wp-block-table is-style-stripes has-small-font-size\">\r\n<ul>\r\n<li>Bred hjulbas f\u00f6r stabilitet vid lyft och man\u00f6vrering av tunga laster.<\/li>\r\n<li>Fj\u00e4derbelastat s\u00e4nkning system med d\u00f6dmansgrepp.<\/li>\r\n<li>Stora sv\u00e4ngbara hjul f\u00f6r enkel man\u00f6vrering.<\/li>\r\n<li>Kromad och h\u00e4rdad kolv.<\/li>\r\n<li>Idealisk f\u00f6r att hantera och st\u00f6dja avgassystem, br\u00e4nsletankar, etc.<\/li>\r\n<li>V\u00e4ndbar transmissions adapter med sadel och gummi dyna.<\/li>\r\n<li>Kapacitet fr\u00e5n 300 kg upp till 1300 kg<\/li>\r\n<li>H\u00f6jd fr\u00e5n 1930 mm upp till 2010 mm<\/li>\r\n<li>Modell TJ-T 1300 med tv\u00e5 steg cylinder<\/li>\r\n<\/ul>\r\n<\/figure>\r\n<figure class=\"wp-block-table is-style-stripes has-small-font-size\">\r\n<table style=\"height: 302px;\" width=\"923\">\r\n<thead>\r\n<tr>\r\n<th>Modell<\/th>\r\n<th>Art. 321102010 &#8211; TJ 300<\/th>\r\n<th>Art. 321102020 &#8211; TJ 325<\/th>\r\n<th>Art. 321102030 &#8211; TJ 525<\/th>\r\n<th>Art. 321102040 &#8211; TJ 1000<\/th>\r\n<th>Art. 321102050 &#8211; TJ-T 1300<\/th>\r\n<\/tr>\r\n<\/thead>\r\n<tbody>\r\n<tr>\r\n<td>Kapacitet<\/td>\r\n<td>300 kg<\/td>\r\n<td>325 kg<\/td>\r\n<td>525 kg<\/td>\r\n<td>1000 kg<\/td>\r\n<td>1300 kg<\/td>\r\n<\/tr>\r\n<tr>\r\n<td>H\u00f6jd<\/td>\r\n<td>230 mm<\/td>\r\n<td>280 mm<\/td>\r\n<td>280 mm<\/td>\r\n<td>420 mm<\/td>\r\n<td>280 mm<\/td>\r\n<\/tr>\r\n<tr>\r\n<td>L\u00e4ngd<\/td>\r\n<td>1080 mm<\/td>\r\n<td>1080 mm<\/td>\r\n<td>1080 mm<\/td>\r\n<td>1130 mm<\/td>\r\n<td>1110 mm<\/td>\r\n<\/tr>\r\n<tr>\r\n<td>Bredd<\/td>\r\n<td>330 mm<\/td>\r\n<td>230 mm<\/td>\r\n<td>230 mm<\/td>\r\n<td>290 mm<\/td>\r\n<td>390 mm<\/td>\r\n<\/tr>\r\n<tr>\r\n<td>Vikt<\/td>\r\n<td>24 kg<\/td>\r\n<td>30 kg<\/td>\r\n<td>32 kg<\/td>\r\n<td>38 kg<\/td>\r\n<td>65 kg<\/td>\r\n<\/tr>\r\n<\/tbody>\r\n<\/table>\r\n<\/figure>\r\n\r\n\r\n\r\n<div class=\"wp-block-buttons is-layout-flex wp-block-buttons-is-layout-flex\">\r\n<div class=\"wp-block-button has-custom-width wp-block-button__width-50\"><a class=\"wp-block-button__link has-white-color has-vivid-red-background-color has-text-color has-background wp-element-button\" href=\"https:\/\/swebalk.com\/wp-content\/uploads\/2024\/01\/Trolley-Jacks-GB.pdf\" target=\"_blank\" rel=\"noreferrer noopener\">Produktblad TJ300_ TJ325_ TJ525_ TJ1000_ TJ-T1300<\/a><\/div>\r\n\r\n\r\n\r\n\r\n\r\n\r\n\r\n\r\n\r\n\r\n\r\n\r\n<\/div>","protected":false},"excerpt":{"rendered":"<p>Bred hjulbas f\u00f6r stabilitet vid lyft och man\u00f6vrering av tunga laster. Fj\u00e4derbelastat s\u00e4nkning system med d\u00f6dmansgrepp. Stora sv\u00e4ngbara hjul f\u00f6r enkel man\u00f6vrering. Kromad och h\u00e4rdad kolv. Idealisk f\u00f6r att hantera och st\u00f6dja avgassystem, br\u00e4nsletankar, etc. V\u00e4ndbar transmissions adapter med sadel och gummi dyna. Kapacitet fr\u00e5n 300 kg upp till 1300 kg H\u00f6jd fr\u00e5n 1930 mm [&hellip;]<\/p>\n","protected":false},"featured_media":3204,"comment_status":"open","ping_status":"closed","template":"","meta":{"_acf_changed":false},"product_brand":[],"product_cat":[57],"product_tag":[],"class_list":{"0":"post-3198","1":"product","2":"type-product","3":"status-publish","4":"has-post-thumbnail","6":"product_cat-vaxelladsdomkraft","7":"post","8":"post-with-thumbnail","9":"post-with-thumbnail-large","11":"first","12":"instock","13":"shipping-taxable","14":"product-type-simple"},"acf":[],"_links":{"self":[{"href":"https:\/\/swebalk.com\/en\/wp-json\/wp\/v2\/product\/3198","targetHints":{"allow":["GET"]}}],"collection":[{"href":"https:\/\/swebalk.com\/en\/wp-json\/wp\/v2\/product"}],"about":[{"href":"https:\/\/swebalk.com\/en\/wp-json\/wp\/v2\/types\/product"}],"replies":[{"embeddable":true,"href":"https:\/\/swebalk.com\/en\/wp-json\/wp\/v2\/comments?post=3198"}],"wp:featuredmedia":[{"embeddable":true,"href":"https:\/\/swebalk.com\/en\/wp-json\/wp\/v2\/media\/3204"}],"wp:attachment":[{"href":"https:\/\/swebalk.com\/en\/wp-json\/wp\/v2\/media?parent=3198"}],"wp:term":[{"taxonomy":"product_brand","embeddable":true,"href":"https:\/\/swebalk.com\/en\/wp-json\/wp\/v2\/product_brand?post=3198"},{"taxonomy":"product_cat","embeddable":true,"href":"https:\/\/swebalk.com\/en\/wp-json\/wp\/v2\/product_cat?post=3198"},{"taxonomy":"product_tag","embeddable":true,"href":"https:\/\/swebalk.com\/en\/wp-json\/wp\/v2\/product_tag?post=3198"}],"curies":[{"name":"wp","href":"https:\/\/api.w.org\/{rel}","templated":true}]}}