{"id":3155,"date":"2023-11-27T12:16:01","date_gmt":"2023-11-27T12:16:01","guid":{"rendered":"https:\/\/swebalk.com\/?post_type=product&#038;p=3155"},"modified":"2024-05-13T06:15:40","modified_gmt":"2024-05-13T06:15:40","slug":"verkstadspressar-compac-ep-series","status":"publish","type":"product","link":"https:\/\/swebalk.com\/en\/product\/verkstadspressar-compac-ep-series\/","title":{"rendered":"Motordrivna Verkstadspressar COMPAC EP Series"},"content":{"rendered":"<figure class=\"wp-block-table is-style-stripes has-small-font-size\">\r\n<p>Motordrivna verkstadspressar med dubbelverkande cylinder f\u00f6r professionella brukare. Utrustade med fl\u00e4ns f\u00f6r montering av verktyg. Spel med snabb och s\u00e4ker h\u00f6jning och s\u00e4nkning av bordet. Extra l\u00e5ng slagl\u00e4ngd. Flyttbar cylinder i sidled. Helsvetsad och pulverlackerad ram och pressbord. Stegl\u00f6s justering av arbetstryck med precision p\u00e5 \u00b15%. Pumpenheten kan sv\u00e4ngas 90 grader f\u00f6r l\u00e5nga arbetsstycken. Snabbmatning av presskolven. Standard med 2 st. massiva V-block, manometer med angivelse av b\u00e5de ton och KN.<\/p>\r\n<\/figure>\r\n\r\n\r\n\r\n<figure class=\"wp-block-table is-style-stripes has-small-font-size\">\r\n<table style=\"height: 302px;\" width=\"923\">\r\n<thead>\r\n<tr>\r\n<th>Modell<\/th>\r\n<th>Art. 271102190 &#8211; EP 40<\/th>\r\n<th>Art. 271102200 &#8211; EP 40 D<\/th>\r\n<th>Art. 271102210 &#8211; EP 60<\/th>\r\n<th>Art. 271102220 &#8211; EP 60 D<\/th>\r\n<th>Art. 271102230 &#8211; EP 100 D<\/th>\r\n<\/tr>\r\n<\/thead>\r\n<tbody>\r\n<tr>\r\n<td>Presstryck<\/td>\r\n<td>40 t<\/td>\r\n<td>40 t<\/td>\r\n<td>60 t<\/td>\r\n<td>60 t<\/td>\r\n<td>100 t<\/td>\r\n<\/tr>\r\n<tr>\r\n<td>Slagl\u00e4ngd<\/td>\r\n<td>300 mm<\/td>\r\n<td>300 mm<\/td>\r\n<td>300 mm<\/td>\r\n<td>300 mm<\/td>\r\n<td>300 mm<\/td>\r\n<\/tr>\r\n<tr>\r\n<td>Innerbredd x djup<\/td>\r\n<td>840&#215;200 mm<\/td>\r\n<td>840&#215;200 mm<\/td>\r\n<td>1000&#215;255 mm<\/td>\r\n<td>1000&#215;255 mm<\/td>\r\n<td>1035&#215;305 mm<\/td>\r\n<\/tr>\r\n<tr>\r\n<td>H\u00f6jd<\/td>\r\n<td>1990 mm<\/td>\r\n<td>1990 mm<\/td>\r\n<td>2100 mm<\/td>\r\n<td>2100 mm<\/td>\r\n<td>2200 mm<\/td>\r\n<\/tr>\r\n<tr>\r\n<td>Djup inkl. fot<\/td>\r\n<td>630\u00a0mm<\/td>\r\n<td>630 mm<\/td>\r\n<td>710 mm<\/td>\r\n<td>710 mm<\/td>\r\n<td>800 mm<\/td>\r\n<\/tr>\r\n<tr>\r\n<td>Bredd<\/td>\r\n<td>1480 mm<\/td>\r\n<td>1480 mm<\/td>\r\n<td>1680 mm<\/td>\r\n<td>1680 mm<\/td>\r\n<td>1790 mm<\/td>\r\n<\/tr>\r\n<tr>\r\n<td>Vikt<\/td>\r\n<td>390 kg<\/td>\r\n<td>396 kg<\/td>\r\n<td>694 kg<\/td>\r\n<td>702 kg<\/td>\r\n<td>981 kg<\/td>\r\n<\/tr>\r\n<\/tbody>\r\n<\/table>\r\n<\/figure>\r\n\r\n\r\n\r\n<div class=\"wp-block-buttons is-layout-flex wp-block-buttons-is-layout-flex\">\r\n<div class=\"wp-block-button has-custom-width wp-block-button__width-50\"><a class=\"wp-block-button__link has-white-color has-vivid-red-background-color has-text-color has-background wp-element-button\" href=\"https:\/\/swebalk.com\/wp-content\/uploads\/2023\/11\/EP40-EP40D-EP60-EP60D-EN.pdf\" target=\"_blank\" rel=\"noreferrer noopener\">Produktblad EP40-EP40D-EP60-EP60D<\/a><\/div>\r\n\r\n\r\n\r\n\r\n\r\n<div class=\"wp-block-button has-custom-width wp-block-button__width-50\"><a class=\"wp-block-button__link has-white-color has-vivid-red-background-color has-text-color has-background wp-element-button\" href=\"https:\/\/swebalk.com\/wp-content\/uploads\/2023\/11\/EP100D-GB.pdf\" target=\"_blank\" rel=\"noreferrer noopener\">Produktblad EP100D<\/a><\/div>\r\n\r\n\r\n\r\n\r\n\r\n\r\n\r\n\r\n<\/div>","protected":false},"excerpt":{"rendered":"<p>Motordrivna verkstadspressar med dubbelverkande cylinder f\u00f6r professionella brukare. Utrustade med fl\u00e4ns f\u00f6r montering av verktyg. Spel med snabb och s\u00e4ker h\u00f6jning och s\u00e4nkning av bordet. Extra l\u00e5ng slagl\u00e4ngd. Flyttbar cylinder i sidled. Helsvetsad och pulverlackerad ram och pressbord. Stegl\u00f6s justering av arbetstryck med precision p\u00e5 \u00b15%. Pumpenheten kan sv\u00e4ngas 90 grader f\u00f6r l\u00e5nga arbetsstycken. Snabbmatning [&hellip;]<\/p>\n","protected":false},"featured_media":3158,"comment_status":"open","ping_status":"closed","template":"","meta":{"_acf_changed":false},"product_brand":[],"product_cat":[49],"product_tag":[],"class_list":{"0":"post-3155","1":"product","2":"type-product","3":"status-publish","4":"has-post-thumbnail","6":"product_cat-pressar","7":"post","8":"post-with-thumbnail","9":"post-with-thumbnail-large","11":"first","12":"instock","13":"shipping-taxable","14":"product-type-simple"},"acf":[],"_links":{"self":[{"href":"https:\/\/swebalk.com\/en\/wp-json\/wp\/v2\/product\/3155","targetHints":{"allow":["GET"]}}],"collection":[{"href":"https:\/\/swebalk.com\/en\/wp-json\/wp\/v2\/product"}],"about":[{"href":"https:\/\/swebalk.com\/en\/wp-json\/wp\/v2\/types\/product"}],"replies":[{"embeddable":true,"href":"https:\/\/swebalk.com\/en\/wp-json\/wp\/v2\/comments?post=3155"}],"wp:featuredmedia":[{"embeddable":true,"href":"https:\/\/swebalk.com\/en\/wp-json\/wp\/v2\/media\/3158"}],"wp:attachment":[{"href":"https:\/\/swebalk.com\/en\/wp-json\/wp\/v2\/media?parent=3155"}],"wp:term":[{"taxonomy":"product_brand","embeddable":true,"href":"https:\/\/swebalk.com\/en\/wp-json\/wp\/v2\/product_brand?post=3155"},{"taxonomy":"product_cat","embeddable":true,"href":"https:\/\/swebalk.com\/en\/wp-json\/wp\/v2\/product_cat?post=3155"},{"taxonomy":"product_tag","embeddable":true,"href":"https:\/\/swebalk.com\/en\/wp-json\/wp\/v2\/product_tag?post=3155"}],"curies":[{"name":"wp","href":"https:\/\/api.w.org\/{rel}","templated":true}]}}