{"id":3141,"date":"2023-11-26T15:58:52","date_gmt":"2023-11-26T15:58:52","guid":{"rendered":"https:\/\/swebalk.com\/?post_type=product&#038;p=3141"},"modified":"2024-05-13T06:18:51","modified_gmt":"2024-05-13T06:18:51","slug":"handmanovrerade-verkstadspressar-compac-hp-series","status":"publish","type":"product","link":"https:\/\/swebalk.com\/en\/product\/handmanovrerade-verkstadspressar-compac-hp-series\/","title":{"rendered":"Handman\u00f6vrerade Verkstadspressar COMPAC HP Series"},"content":{"rendered":"<figure class=\"wp-block-table is-style-stripes has-small-font-size\">\r\n<p>Handpumpade verkstadspressar med mycket slagl\u00e4ngd f\u00f6r den professionella anv\u00e4ndaren.<\/p>\r\n<p><b>HP 20-HP 100<\/b>\u00a0har flyttbar cylinder som standard, samt fotman\u00f6vrerad tryckluftsdriven snabbmatning.<\/p>\r\n<p><b>HP 40, HP 50, HP 60, HP 70 och HP 100<\/b>\u00a0\u00e4r utrustade med vev f\u00f6r l\u00e4ttare justering av bordsh\u00f6jden.<\/p>\r\n<p><b>HP 20 och HP 25\u00a0<\/b>kan best\u00e4llas med vev f\u00f6r l\u00e4ttare justering av bordsh\u00f6jden.<\/p>\r\n<p>Alla modeller levereras med 2 st massiva V-block.<\/p>\r\n<\/figure>\r\n\r\n\r\n\r\n<figure class=\"wp-block-table is-style-stripes has-small-font-size\">\r\n<table style=\"height: 302px;\" width=\"923\">\r\n<thead>\r\n<tr>\r\n<th>Modell<\/th>\r\n<th>Art. 271102040 &#8211; HP 20<\/th>\r\n<th>Art. 271102050 &#8211; HP 20W<\/th>\r\n<th>Art. 271102080 &#8211; HP 25<\/th>\r\n<th>Art. 271102090 &#8211; HP 25W<\/th>\r\n<th>Art. 271102110 &#8211; HP 30<\/th>\r\n<\/tr>\r\n<\/thead>\r\n<tbody>\r\n<tr>\r\n<td>Presstryck<\/td>\r\n<td>20 t<\/td>\r\n<td>20 t<\/td>\r\n<td>25 t<\/td>\r\n<td>25 t<\/td>\r\n<td>30 t<\/td>\r\n<\/tr>\r\n<tr>\r\n<td>Slagl\u00e4ngd<\/td>\r\n<td>\u00a0240 mm<\/td>\r\n<td>240 mm<\/td>\r\n<td>240 mm<\/td>\r\n<td>240 mm<\/td>\r\n<td>240 mm<\/td>\r\n<\/tr>\r\n<tr>\r\n<td>Innerbredd x djup<\/td>\r\n<td>600&#215;140 mm<\/td>\r\n<td>600&#215;140 mm<\/td>\r\n<td>600&#215;140 mm<\/td>\r\n<td>600&#215;140 mm<\/td>\r\n<td>600&#215;140 mm<\/td>\r\n<\/tr>\r\n<tr>\r\n<td>Fram\u00e5tg\u00e5ende hastighet<\/td>\r\n<td>9,0 mm\/s<\/td>\r\n<td>9,0 mm\/s<\/td>\r\n<td>9,0 mm\/s<\/td>\r\n<td>9,0 mm\/s<\/td>\r\n<td>9,0 mm\/s<\/td>\r\n<\/tr>\r\n<tr>\r\n<td>Tryck hastighet<\/td>\r\n<td>4,0 mm\/s<\/td>\r\n<td>4,0 mm\/s<\/td>\r\n<td>4,0 mm\/s<\/td>\r\n<td>4,0 mm\/s<\/td>\r\n<td>4,0 mm\/s<\/td>\r\n<\/tr>\r\n<tr>\r\n<td>H\u00f6jd<\/td>\r\n<td>1800 mm<\/td>\r\n<td>1800 mm<\/td>\r\n<td>1800 mm<\/td>\r\n<td>1800 mm<\/td>\r\n<td>1800 mm<\/td>\r\n<\/tr>\r\n<tr>\r\n<td>Djup inkl. fot<\/td>\r\n<td>505 mm<\/td>\r\n<td>505 mm<\/td>\r\n<td>505 mm<\/td>\r\n<td>505 mm<\/td>\r\n<td>505 mm<\/td>\r\n<\/tr>\r\n<tr>\r\n<td>Bredd<\/td>\r\n<td>890 mm<\/td>\r\n<td>890 mm<\/td>\r\n<td>890 mm<\/td>\r\n<td>890 mm<\/td>\r\n<td>980 mm<\/td>\r\n<\/tr>\r\n<tr>\r\n<td>Vikt<\/td>\r\n<td>156 kg<\/td>\r\n<td>156 kg<\/td>\r\n<td>156 kg<\/td>\r\n<td>156 kg<\/td>\r\n<td>160 kg<\/td>\r\n<\/tr>\r\n<\/tbody>\r\n<\/table>\r\n<\/figure>\r\n\r\n\r\n\r\n<figure class=\"wp-block-table is-style-stripes has-small-font-size\">\r\n<table>\r\n<thead>\r\n<tr>\r\n<th>Modell<\/th>\r\n<th>Art. 271102130 &#8211; HP 40<\/th>\r\n<th>Art. 271102150 &#8211; HP 50<\/th>\r\n<th>Art. 271102160 &#8211; HP 60<\/th>\r\n<th>Art. 271102170 &#8211; HP 70<\/th>\r\n<th>Art. 271102180 &#8211; HP 100<\/th>\r\n<\/tr>\r\n<\/thead>\r\n<tbody>\r\n<tr>\r\n<td>Presstryck<\/td>\r\n<td>40 t<\/td>\r\n<td>50 t<\/td>\r\n<td>60 t<\/td>\r\n<td>70 t<\/td>\r\n<td>100 t<\/td>\r\n<\/tr>\r\n<tr>\r\n<td>Slagl\u00e4ngd<\/td>\r\n<td>300 mm<\/td>\r\n<td>300 mm<\/td>\r\n<td>300 mm<\/td>\r\n<td>300 mm<\/td>\r\n<td>300 mm<\/td>\r\n<\/tr>\r\n<tr>\r\n<td>Innerbredd x djup<\/td>\r\n<td>840&#215;200 mm<\/td>\r\n<td>840&#215;200 mm<\/td>\r\n<td>1005&#215;255 mm<\/td>\r\n<td>1005&#215;255 mm<\/td>\r\n<td>1035&#215;305 mm<\/td>\r\n<\/tr>\r\n<tr>\r\n<td>Fram\u00e5tg\u00e5ende hastighet<\/td>\r\n<td>6,0 mm\/s<\/td>\r\n<td>6,0 mm\/s<\/td>\r\n<td>5,0 mm\/s<\/td>\r\n<td>5,0 mm\/s<\/td>\r\n<td>3,4 mm\/s<\/td>\r\n<\/tr>\r\n<tr>\r\n<td>Tryck hastighet<\/td>\r\n<td>1,5 mm\/s<\/td>\r\n<td>1,5 mm\/s<\/td>\r\n<td>0,8 mm\/s<\/td>\r\n<td>0,8 mm\/s<\/td>\r\n<td>0,8 mm\/s<\/td>\r\n<\/tr>\r\n<tr>\r\n<td>H\u00f6jd<\/td>\r\n<td>1990 mm<\/td>\r\n<td>1990 mm<\/td>\r\n<td>2100 mm<\/td>\r\n<td>2100 mm<\/td>\r\n<td>2200 mm<\/td>\r\n<\/tr>\r\n<tr>\r\n<td>Djup inkl. fot<\/td>\r\n<td>630 mm<\/td>\r\n<td>630 mm<\/td>\r\n<td>710 mm<\/td>\r\n<td>710 mm<\/td>\r\n<td>800 mm<\/td>\r\n<\/tr>\r\n<tr>\r\n<td>Bredd<\/td>\r\n<td>1350 mm<\/td>\r\n<td>1350 mm<\/td>\r\n<td>1615 mm<\/td>\r\n<td>1675 mm<\/td>\r\n<td>1637 mm<\/td>\r\n<\/tr>\r\n<tr>\r\n<td>Vikt<\/td>\r\n<td>374 kg<\/td>\r\n<td>374 kg<\/td>\r\n<td>690 kg<\/td>\r\n<td>690 kg<\/td>\r\n<td>946 kg<\/td>\r\n<\/tr>\r\n<\/tbody>\r\n<\/table>\r\n<\/figure>\r\n\r\n\r\n\r\n<div class=\"wp-block-buttons is-layout-flex wp-block-buttons-is-layout-flex\">\r\n<div class=\"wp-block-button has-custom-width wp-block-button__width-50\"><a class=\"wp-block-button__link has-white-color has-vivid-red-background-color has-text-color has-background wp-element-button\" href=\"https:\/\/swebalk.com\/wp-content\/uploads\/2023\/11\/FP-HP-16-GB.pdf\" target=\"_blank\" rel=\"noreferrer noopener\">Produktblad FP-HP-16<\/a><\/div>\r\n<div>\u00a0<\/div>\r\n\r\n\r\n\r\n<div class=\"wp-block-button has-custom-width wp-block-button__width-50\"><a class=\"wp-block-button__link has-white-color has-vivid-red-background-color has-text-color has-background wp-element-button\" href=\"https:\/\/swebalk.com\/wp-content\/uploads\/2023\/11\/FP-HP-20-25-GB.pdf\" target=\"_blank\" rel=\"noreferrer noopener\">Produktblad FP-HP-20-25<\/a><\/div>\r\n<div>\u00a0<\/div>\r\n\r\n\r\n\r\n<div class=\"wp-block-button has-custom-width wp-block-button__width-50\"><a class=\"wp-block-button__link has-white-color has-vivid-red-background-color has-text-color has-background wp-element-button\" href=\"https:\/\/swebalk.com\/wp-content\/uploads\/2023\/11\/FP-HP-30-GB.pdf\" target=\"_blank\" rel=\"noreferrer noopener\">Produktblad FP-HP-30<\/a><\/div>\r\n<div>\u00a0<\/div>\r\n\r\n\r\n\r\n<div class=\"wp-block-button has-custom-width wp-block-button__width-50\"><a class=\"wp-block-button__link has-white-color has-vivid-red-background-color has-text-color has-background wp-element-button\" href=\"https:\/\/swebalk.com\/wp-content\/uploads\/2023\/11\/FP-HP-40-50-60-70-GB.pdf\" target=\"_blank\" rel=\"noreferrer noopener\">Produktblad FP-HP-40-50-60-70<\/a><\/div>\r\n<div>\u00a0<\/div>\r\n\r\n\r\n\r\n<div class=\"wp-block-button has-custom-width wp-block-button__width-50\"><a class=\"wp-block-button__link has-white-color has-vivid-red-background-color has-text-color has-background wp-element-button\" href=\"https:\/\/swebalk.com\/wp-content\/uploads\/2023\/11\/HP100-EN.pdf\" target=\"_blank\" rel=\"noreferrer noopener\">Produktblad HP-100<\/a><\/div>\r\n\r\n\r\n\r\n\r\n\r\n\r\n\r\n\r\n<\/div>","protected":false},"excerpt":{"rendered":"<p>Handpumpade verkstadspressar med mycket slagl\u00e4ngd f\u00f6r den professionella anv\u00e4ndaren. HP 20-HP 100\u00a0har flyttbar cylinder som standard, samt fotman\u00f6vrerad tryckluftsdriven snabbmatning. HP 40, HP 50, HP 60, HP 70 och HP 100\u00a0\u00e4r utrustade med vev f\u00f6r l\u00e4ttare justering av bordsh\u00f6jden. HP 20 och HP 25\u00a0kan best\u00e4llas med vev f\u00f6r l\u00e4ttare justering av bordsh\u00f6jden. Alla modeller levereras [&hellip;]<\/p>\n","protected":false},"featured_media":3149,"comment_status":"open","ping_status":"closed","template":"","meta":{"_acf_changed":false},"product_brand":[],"product_cat":[49],"product_tag":[],"class_list":{"0":"post-3141","1":"product","2":"type-product","3":"status-publish","4":"has-post-thumbnail","6":"product_cat-pressar","7":"post","8":"post-with-thumbnail","9":"post-with-thumbnail-large","11":"first","12":"instock","13":"shipping-taxable","14":"product-type-simple"},"acf":[],"_links":{"self":[{"href":"https:\/\/swebalk.com\/en\/wp-json\/wp\/v2\/product\/3141","targetHints":{"allow":["GET"]}}],"collection":[{"href":"https:\/\/swebalk.com\/en\/wp-json\/wp\/v2\/product"}],"about":[{"href":"https:\/\/swebalk.com\/en\/wp-json\/wp\/v2\/types\/product"}],"replies":[{"embeddable":true,"href":"https:\/\/swebalk.com\/en\/wp-json\/wp\/v2\/comments?post=3141"}],"wp:featuredmedia":[{"embeddable":true,"href":"https:\/\/swebalk.com\/en\/wp-json\/wp\/v2\/media\/3149"}],"wp:attachment":[{"href":"https:\/\/swebalk.com\/en\/wp-json\/wp\/v2\/media?parent=3141"}],"wp:term":[{"taxonomy":"product_brand","embeddable":true,"href":"https:\/\/swebalk.com\/en\/wp-json\/wp\/v2\/product_brand?post=3141"},{"taxonomy":"product_cat","embeddable":true,"href":"https:\/\/swebalk.com\/en\/wp-json\/wp\/v2\/product_cat?post=3141"},{"taxonomy":"product_tag","embeddable":true,"href":"https:\/\/swebalk.com\/en\/wp-json\/wp\/v2\/product_tag?post=3141"}],"curies":[{"name":"wp","href":"https:\/\/api.w.org\/{rel}","templated":true}]}}