{"id":3122,"date":"2023-11-26T11:27:49","date_gmt":"2023-11-26T11:27:49","guid":{"rendered":"https:\/\/swebalk.com\/?post_type=product&#038;p=3122"},"modified":"2024-05-24T15:34:45","modified_gmt":"2024-05-24T15:34:45","slug":"verkstadspress-fp16-fp50","status":"publish","type":"product","link":"https:\/\/swebalk.com\/en\/product\/verkstadspress-fp16-fp50\/","title":{"rendered":"Fotman\u00f6vrerade Verkstadspressar COMPAC FP Series"},"content":{"rendered":"<figure class=\"wp-block-table is-style-stripes has-small-font-size\">\r\n<p>Fotman\u00f6vrerade verkstadspressar med mycket l\u00e5ng slagl\u00e4ngd f\u00f6r den proffessionella anv\u00e4ndaren. Alla FP modeller har flyttbar cylinder som standard.<\/p>\r\n<p><b>FP 16<\/b>\u00a0har 2 stegs pump.<\/p>\r\n<p><b>FP 20, FP 25, FP 40 och FP 50<\/b>\u00a0har fotman\u00f6vrerad tryckluftsdriven snabbmatning.<\/p>\r\n<p><b>FP 40 och FP 50<\/b>\u00a0\u00e4r standard med vev f\u00f6r l\u00e4ttare justering av bordsh\u00f6jden.<\/p>\r\n<p><b>FP 20 och FP 25<\/b>\u00a0kan best\u00e4llas med winsch f\u00f6r l\u00e4ttare justering av bordsh\u00f6jden.<\/p>\r\n<p>Alla modeller levereras med 2 st massiva V-block.<\/p>\r\n<\/figure>\r\n\r\n\r\n\r\n<figure class=\"wp-block-table is-style-stripes has-small-font-size\">\r\n<table>\r\n<thead>\r\n<tr>\r\n<th>Modell<\/th>\r\n<th>Art. 271102010 &#8211; FP 16<\/th>\r\n<th>Art. 271102020 &#8211; FP 20<\/th>\r\n<th>Art. 271102030 &#8211; FP 20W<\/th>\r\n<th>Art. 271102060 &#8211; FP 25<\/th>\r\n<\/tr>\r\n<\/thead>\r\n<tbody>\r\n<tr>\r\n<td>Presstryck<\/td>\r\n<td>16 t<\/td>\r\n<td>20 t<\/td>\r\n<td>20 t<\/td>\r\n<td>25 t<\/td>\r\n<\/tr>\r\n<tr>\r\n<td>Slagl\u00e4ngd<\/td>\r\n<td>150 mm<\/td>\r\n<td>240 mm<\/td>\r\n<td>240 mm<\/td>\r\n<td>240 mm<\/td>\r\n<\/tr>\r\n<tr>\r\n<td>Innerbredd x djup<\/td>\r\n<td>550&#215;140 mm<\/td>\r\n<td>600&#215;140 mm<\/td>\r\n<td>600&#215;140 mm<\/td>\r\n<td>600&#215;140 mm<\/td>\r\n<\/tr>\r\n<tr>\r\n<td>Fram\u00e5tg\u00e5ende hastighet<\/td>\r\n<td>6,0 mm\/s<\/td>\r\n<td>9,0 mm\/s<\/td>\r\n<td>9,0 mm\/s<\/td>\r\n<td>9,0 mm\/s<\/td>\r\n<\/tr>\r\n<tr>\r\n<td>Tryck hastighet<\/td>\r\n<td>2,0 mm\/s<\/td>\r\n<td>1,1 mm\/s<\/td>\r\n<td>1,1 mm\/s<\/td>\r\n<td>1,1 mm\/s<\/td>\r\n<\/tr>\r\n<tr>\r\n<td>H\u00f6jd<\/td>\r\n<td>1780 mm<\/td>\r\n<td>1800 mm<\/td>\r\n<td>1800 mm<\/td>\r\n<td>1800 mm<\/td>\r\n<\/tr>\r\n<tr>\r\n<td>Djup inkl. fot<\/td>\r\n<td>600 mm<\/td>\r\n<td>505 mm<\/td>\r\n<td>505 mm<\/td>\r\n<td>505 mm<\/td>\r\n<\/tr>\r\n<tr>\r\n<td>Bredd<\/td>\r\n<td>850 mm<\/td>\r\n<td>890 mm<\/td>\r\n<td>890 mm<\/td>\r\n<td>890 mm<\/td>\r\n<\/tr>\r\n<tr>\r\n<td>Vikt<\/td>\r\n<td>121 kg<\/td>\r\n<td>157 kg<\/td>\r\n<td>157 kg<\/td>\r\n<td>157 kg<\/td>\r\n<\/tr>\r\n<\/tbody>\r\n<\/table>\r\n<\/figure>\r\n\r\n\r\n\r\n<figure class=\"wp-block-table is-style-stripes has-small-font-size\">\r\n<table>\r\n<thead>\r\n<tr>\r\n<th>Modell<\/th>\r\n<th>Art. 271102070 &#8211; FP 25W<\/th>\r\n<th>Art. 271102100 &#8211; FP 30<\/th>\r\n<th>Art. 271102120 &#8211; FP 40<\/th>\r\n<th>271102140 &#8211; FP 50<\/th>\r\n<\/tr>\r\n<\/thead>\r\n<tbody>\r\n<tr>\r\n<td>Presstryck<\/td>\r\n<td>25 t<\/td>\r\n<td>30 t<\/td>\r\n<td>40 t<\/td>\r\n<td>50 t<\/td>\r\n<\/tr>\r\n<tr>\r\n<td>Slagl\u00e4ngd<\/td>\r\n<td>240 mm<\/td>\r\n<td>240 mm<\/td>\r\n<td>300 mm<\/td>\r\n<td>400 mm<\/td>\r\n<\/tr>\r\n<tr>\r\n<td>Innerbredd x djup<\/td>\r\n<td>600&#215;140 mm<\/td>\r\n<td>600&#215;140 mm<\/td>\r\n<td>840&#215;200 mm<\/td>\r\n<td>840&#215;200 mm<\/td>\r\n<\/tr>\r\n<tr>\r\n<td>Fram\u00e5tg\u00e5ende hastighet<\/td>\r\n<td>9,0 mm\/s<\/td>\r\n<td>7,0 mm\/s<\/td>\r\n<td>6,0 mm\/s<\/td>\r\n<td>6,0 mm\/s<\/td>\r\n<\/tr>\r\n<tr>\r\n<td>Tryck hastighet<\/td>\r\n<td>1,1 mm\/s<\/td>\r\n<td>1,0 mm\/s<\/td>\r\n<td>0,8 mm\/s<\/td>\r\n<td>0,8 mm\/s<\/td>\r\n<\/tr>\r\n<tr>\r\n<td>H\u00f6jd<\/td>\r\n<td>1800 mm<\/td>\r\n<td>\u00a01800 mm<\/td>\r\n<td>\u00a01990 mm<\/td>\r\n<td>1990 mm<\/td>\r\n<\/tr>\r\n<tr>\r\n<td>Djup inkl. fot<\/td>\r\n<td>\u00a0505 mm<\/td>\r\n<td>\u00a0505 mm<\/td>\r\n<td>630 mm<\/td>\r\n<td>635 mm<\/td>\r\n<\/tr>\r\n<tr>\r\n<td>Bredd<\/td>\r\n<td>890 mm<\/td>\r\n<td>890 mm<\/td>\r\n<td>1350 mm<\/td>\r\n<td>1350 mm<\/td>\r\n<\/tr>\r\n<tr>\r\n<td>Vikt<\/td>\r\n<td>156 kg<\/td>\r\n<td>161 kg<\/td>\r\n<td>375 kg<\/td>\r\n<td>375 kg<\/td>\r\n<\/tr>\r\n<\/tbody>\r\n<\/table>\r\n<\/figure>\r\n\r\n\r\n\r\n<div class=\"wp-block-buttons is-layout-flex wp-block-buttons-is-layout-flex\">\r\n<div class=\"wp-block-button has-custom-width wp-block-button__width-50\"><a class=\"wp-block-button__link has-white-color has-vivid-red-background-color has-text-color has-background wp-element-button\" href=\"https:\/\/swebalk.com\/wp-content\/uploads\/2023\/11\/FP-HP-16-GB.pdf\" target=\"_blank\" rel=\"noreferrer noopener\">Produktblad FP-HP-16<\/a><\/div>\r\n<div>\u00a0<\/div>\r\n\r\n\r\n\r\n<div class=\"wp-block-button has-custom-width wp-block-button__width-50\"><a class=\"wp-block-button__link has-white-color has-vivid-red-background-color has-text-color has-background wp-element-button\" href=\"https:\/\/swebalk.com\/wp-content\/uploads\/2023\/11\/FP-HP-20-25-GB.pdf\" target=\"_blank\" rel=\"noreferrer noopener\">Produktblad FP-HP-20-25<\/a><\/div>\r\n<div>\u00a0<\/div>\r\n\r\n\r\n\r\n<div class=\"wp-block-button has-custom-width wp-block-button__width-50\"><a class=\"wp-block-button__link has-white-color has-vivid-red-background-color has-text-color has-background wp-element-button\" href=\"https:\/\/swebalk.com\/wp-content\/uploads\/2023\/11\/FP-HP-30-GB.pdf\" target=\"_blank\" rel=\"noreferrer noopener\">Produktblad FP-HP-30<\/a><\/div>\r\n<div>\u00a0<\/div>\r\n\r\n\r\n\r\n<div class=\"wp-block-button has-custom-width wp-block-button__width-50\"><a class=\"wp-block-button__link has-white-color has-vivid-red-background-color has-text-color has-background wp-element-button\" href=\"https:\/\/swebalk.com\/wp-content\/uploads\/2023\/11\/FP-HP-40-50-60-70-GB.pdf\" target=\"_blank\" rel=\"noreferrer noopener\">Produktblad FP-HP-40-50-60-70<\/a><\/div>\r\n<div>\u00a0<\/div>\r\n\r\n\r\n\r\n\r\n\r\n\r\n\r\n\r\n<\/div>","protected":false},"excerpt":{"rendered":"<p>Fotman\u00f6vrerade verkstadspressar med mycket l\u00e5ng slagl\u00e4ngd f\u00f6r den proffessionella anv\u00e4ndaren. Alla FP modeller har flyttbar cylinder som standard. FP 16\u00a0har 2 stegs pump. FP 20, FP 25, FP 40 och FP 50\u00a0har fotman\u00f6vrerad tryckluftsdriven snabbmatning. FP 40 och FP 50\u00a0\u00e4r standard med vev f\u00f6r l\u00e4ttare justering av bordsh\u00f6jden. FP 20 och FP 25\u00a0kan best\u00e4llas med [&hellip;]<\/p>\n","protected":false},"featured_media":3139,"comment_status":"open","ping_status":"closed","template":"","meta":{"_acf_changed":false},"product_brand":[],"product_cat":[49],"product_tag":[],"class_list":{"0":"post-3122","1":"product","2":"type-product","3":"status-publish","4":"has-post-thumbnail","6":"product_cat-pressar","7":"post","8":"post-with-thumbnail","9":"post-with-thumbnail-large","11":"first","12":"instock","13":"shipping-taxable","14":"product-type-simple"},"acf":[],"_links":{"self":[{"href":"https:\/\/swebalk.com\/en\/wp-json\/wp\/v2\/product\/3122","targetHints":{"allow":["GET"]}}],"collection":[{"href":"https:\/\/swebalk.com\/en\/wp-json\/wp\/v2\/product"}],"about":[{"href":"https:\/\/swebalk.com\/en\/wp-json\/wp\/v2\/types\/product"}],"replies":[{"embeddable":true,"href":"https:\/\/swebalk.com\/en\/wp-json\/wp\/v2\/comments?post=3122"}],"wp:featuredmedia":[{"embeddable":true,"href":"https:\/\/swebalk.com\/en\/wp-json\/wp\/v2\/media\/3139"}],"wp:attachment":[{"href":"https:\/\/swebalk.com\/en\/wp-json\/wp\/v2\/media?parent=3122"}],"wp:term":[{"taxonomy":"product_brand","embeddable":true,"href":"https:\/\/swebalk.com\/en\/wp-json\/wp\/v2\/product_brand?post=3122"},{"taxonomy":"product_cat","embeddable":true,"href":"https:\/\/swebalk.com\/en\/wp-json\/wp\/v2\/product_cat?post=3122"},{"taxonomy":"product_tag","embeddable":true,"href":"https:\/\/swebalk.com\/en\/wp-json\/wp\/v2\/product_tag?post=3122"}],"curies":[{"name":"wp","href":"https:\/\/api.w.org\/{rel}","templated":true}]}}