{"id":2384,"date":"2023-09-10T20:02:46","date_gmt":"2023-09-10T20:02:46","guid":{"rendered":"https:\/\/swebalk.com\/?post_type=product&#038;p=2384"},"modified":"2025-05-04T16:54:39","modified_gmt":"2025-05-04T16:54:39","slug":"basic-170-super-pro","status":"publish","type":"product","link":"https:\/\/swebalk.com\/en\/product\/basic-170-super-pro\/","title":{"rendered":"Svarv Basic 170 Super Pro"},"content":{"rendered":"<p><!-- \/wp:post-content --><\/p>\r\n<p>Basic-serien varit de p\u00e5litliga svarvarna under m\u00e5nga \u00e5r som har anv\u00e4nts i otaliga verkst\u00e4der och utbildningscenter. Den nya PRO-versionen erbjuder f\u00f6rb\u00e4ttrad prestanda och ergonomi, mer standardutrustning och \u00e4ven designen har f\u00f6rb\u00e4ttrats f\u00f6r att m\u00f6ta kraven fr\u00e5n dagens anv\u00e4ndare.<\/p>\r\n<div class=\"description-table-wrapper\"><table class=\"description-table\"><thead><tr><th>Modell<\/th><th>V\u00e4rde<\/th><th>Enhet<\/th><\/tr><\/thead><tbody><tr><td class=\"left-align\">Dubb avst\u00e5nd<\/td><td>1000<\/td><td>mm<\/td><\/tr><tr><td class=\"left-align\">Sv\u00e4ng diameter \u00f6ver bed<\/td><td>360<\/td><td>mm<\/td><\/tr><tr><td class=\"left-align\">Tv\u00e4rslidsr\u00f6relse<\/td><td>185<\/td><td>mm<\/td><\/tr><tr><td class=\"left-align\">Toppslidsr\u00f6relse<\/td><td>95<\/td><td>mm<\/td><\/tr><tr><td class=\"left-align\">Varvtal<\/td><td>70 \u2013 2000<\/td><td>v\/min<\/td><\/tr><tr><td class=\"left-align\">L\u00e4ngdmatning<\/td><td>0,0406 \u2013 2,842<\/td><td>mm\/v<\/td><\/tr><tr><td class=\"left-align\">Tv\u00e4rmatning<\/td><td>0,0291 \u2013 2,035<\/td><td>mm\/v<\/td><\/tr><tr><td class=\"left-align\">Spindelgenomg\u00e5ng<\/td><td>52<\/td><td>mm<\/td><\/tr><tr><td class=\"left-align\">Spindelnos montering<\/td><td>Camlock D1-5<\/td><td>typ<\/td><\/tr><tr><td class=\"left-align\">Spindelkona<\/td><td>MK 6<\/td><td>typ<\/td><\/tr><tr><td class=\"left-align\">Dubbdocka kona<\/td><td>MK 3<\/td><td>typ<\/td><\/tr><tr><td class=\"left-align\">Huvud motor<\/td><td>1.5<\/td><td>kW<\/td><\/tr><tr><td class=\"left-align\">Dimension (LxBxH)<\/td><td>1900 x 760 x 1600<\/td><td>mm<\/td><\/tr><tr><td class=\"left-align\">Vikt<\/td><td>650<\/td><td>kg<\/td><\/tr><tr><td class=\"left-align\"><\/td><\/tr><\/tbody><\/table><\/div>\r\n<div class=\"standard-equipment-block\"><h3>\ud83d\udee0\ufe0f Standardutrustning<\/h3><table class=\"custom-table\"><thead><tr><th>Utrustning<\/th><th>Enhet<\/th><th>Specifikation<\/th><\/tr><\/thead><tbody><tr><td>\u2714\ufe0f 3-axis DRO, X.pos 3.2 VC<\/td><td>st.<\/td><td>1<\/td><\/tr><tr><td>\u2714\ufe0f 3-backschuck \u00d8 178 mm<\/td><td>st.<\/td><td>1<\/td><\/tr><tr><td>\u2714\ufe0f 4-backschuck \u00d8 200 mm<\/td><td>st.<\/td><td>1<\/td><\/tr><tr><td>\u2714\ufe0f Plan skiva \u00d8 320 mm<\/td><td>st.<\/td><td>1<\/td><\/tr><tr><td>\u2714\ufe0f Grund snabbh\u00e5llare WE<\/td><td>st.<\/td><td>1<\/td><\/tr><tr><td>\u2714\ufe0f Snabb verktygsh\u00e5llare WED 20100<\/td><td>st.<\/td><td>1<\/td><\/tr><tr><td>\u2714\ufe0f Kyl system<\/td><td>st.<\/td><td>1<\/td><\/tr><tr><td>\u2714\ufe0f Material support<\/td><td>st.<\/td><td>1<\/td><\/tr><tr><td>\u2714\ufe0f Sp\u00e5n uppsamlare<\/td><td>st.<\/td><td>1<\/td><\/tr><tr><td>\u2714\ufe0f Fast st\u00e4nk skydd<\/td><td>st.<\/td><td>1<\/td><\/tr><tr><td>\u2714\ufe0f Sp\u00e5nskydd flyttbar p\u00e5 glidskenor<\/td><td>st.<\/td><td>1<\/td><\/tr><tr><td>\u2714\ufe0f Chuckskydd<\/td><td>st.<\/td><td>1<\/td><\/tr><tr><td>\u2714\ufe0f Ledarskruvskydd<\/td><td>st.<\/td><td>1<\/td><\/tr><tr><td>\u2714\ufe0f Fotbroms<\/td><td>st.<\/td><td>1<\/td><\/tr><tr><td>\u2714\ufe0f Arbetsbelysning<\/td><td>st.<\/td><td>1<\/td><\/tr><\/tbody><\/table><\/div>\r\n<!-- wp:button {\"backgroundColor\":\"vivid-red\",\"textColor\":\"white\"} -->\r\n<div class=\"wp-block-button\"><a class=\"wp-block-button__link has-white-color has-vivid-red-background-color has-text-color has-background wp-element-button\" href=\"https:\/\/swebalk.com\/wp-content\/uploads\/2023\/09\/Basic-170-Super-Pro-Datasheet.pdf\" target=\"_blank\" rel=\"noreferrer noopener\">Produktblad Basic 170 Super Pro<\/a><\/div>\r\n<!-- \/wp:button -->","protected":false},"excerpt":{"rendered":"<p>Basic-serien varit de p\u00e5litliga svarvarna under m\u00e5nga \u00e5r som har anv\u00e4nts i otaliga verkst\u00e4der och utbildningscenter. Den nya PRO-versionen erbjuder f\u00f6rb\u00e4ttrad prestanda och ergonomi, mer standardutrustning och \u00e4ven designen har f\u00f6rb\u00e4ttrats f\u00f6r att m\u00f6ta kraven fr\u00e5n dagens anv\u00e4ndare. Produktblad Basic 170 Super Pro<\/p>","protected":false},"featured_media":3078,"comment_status":"open","ping_status":"closed","template":"","meta":{"_acf_changed":false},"product_brand":[],"product_cat":[50],"product_tag":[],"class_list":{"0":"post-2384","1":"product","2":"type-product","3":"status-publish","4":"has-post-thumbnail","6":"product_cat-svarvning","7":"post","8":"post-with-thumbnail","9":"post-with-thumbnail-large","11":"first","12":"instock","13":"shipping-taxable","14":"product-type-simple"},"acf":[],"_links":{"self":[{"href":"https:\/\/swebalk.com\/en\/wp-json\/wp\/v2\/product\/2384","targetHints":{"allow":["GET"]}}],"collection":[{"href":"https:\/\/swebalk.com\/en\/wp-json\/wp\/v2\/product"}],"about":[{"href":"https:\/\/swebalk.com\/en\/wp-json\/wp\/v2\/types\/product"}],"replies":[{"embeddable":true,"href":"https:\/\/swebalk.com\/en\/wp-json\/wp\/v2\/comments?post=2384"}],"wp:featuredmedia":[{"embeddable":true,"href":"https:\/\/swebalk.com\/en\/wp-json\/wp\/v2\/media\/3078"}],"wp:attachment":[{"href":"https:\/\/swebalk.com\/en\/wp-json\/wp\/v2\/media?parent=2384"}],"wp:term":[{"taxonomy":"product_brand","embeddable":true,"href":"https:\/\/swebalk.com\/en\/wp-json\/wp\/v2\/product_brand?post=2384"},{"taxonomy":"product_cat","embeddable":true,"href":"https:\/\/swebalk.com\/en\/wp-json\/wp\/v2\/product_cat?post=2384"},{"taxonomy":"product_tag","embeddable":true,"href":"https:\/\/swebalk.com\/en\/wp-json\/wp\/v2\/product_tag?post=2384"}],"curies":[{"name":"wp","href":"https:\/\/api.w.org\/{rel}","templated":true}]}}