{"id":2378,"date":"2023-09-10T19:54:40","date_gmt":"2023-09-10T19:54:40","guid":{"rendered":"https:\/\/swebalk.com\/?post_type=product&#038;p=2378"},"modified":"2024-05-13T06:29:23","modified_gmt":"2024-05-13T06:29:23","slug":"universalfrasmaskin-vhf-1-1","status":"publish","type":"product","link":"https:\/\/swebalk.com\/en\/product\/universalfrasmaskin-vhf-1-1\/","title":{"rendered":"Universalfr\u00e4smaskin VHF 1.1"},"content":{"rendered":"<div class=\"wp-block-columns\">\r\n<div class=\"wp-block-column\">\r\n<div class=\"wp-block-columns\">\r\n<div class=\"wp-block-column\">\r\n<figure class=\"wp-block-image size-full\">\r\n<table>\r\n<tbody>\r\n<tr>\r\n<td>Arbetsbord<\/td>\r\n<td>1000 x 240 mm<\/td>\r\n<\/tr>\r\n<tr>\r\n<td>Arbetsbord belastning<\/td>\r\n<td>150 kg<\/td>\r\n<\/tr>\r\n<tr>\r\n<td>X-axel r\u00f6relse<\/td>\r\n<td>535 mm<\/td>\r\n<\/tr>\r\n<tr>\r\n<td>Y-axel r\u00f6relse<\/td>\r\n<td>160 mm<\/td>\r\n<\/tr>\r\n<tr>\r\n<td>Z-axel r\u00f6relse<\/td>\r\n<td>300 mm<\/td>\r\n<\/tr>\r\n<tr>\r\n<td>Varvtal (variabla L-H)<\/td>\r\n<td>100 \u2013 2000 v\/min<\/td>\r\n<\/tr>\r\n<tr>\r\n<td>Spindelkona<\/td>\r\n<td>ISO 40<\/td>\r\n<\/tr>\r\n<tr>\r\n<td>Avst\u00e5nd spindel &#8211; bord<\/td>\r\n<td>65 &#8211; 385 mm<\/td>\r\n<\/tr>\r\n<tr>\r\n<td>Avst\u00e5nd spindel &#8211; pelare<\/td>\r\n<td>200 &#8211; 700 mm<\/td>\r\n<\/tr>\r\n<tr>\r\n<td>Varvtal horisontell spindel<\/td>\r\n<td>60 \u2013 1350 v\/min<\/td>\r\n<\/tr>\r\n<tr>\r\n<td>Horisontell avst\u00e5nd spindel &#8211; pelare<\/td>\r\n<td>0 &#8211; 300 mm<\/td>\r\n<\/tr>\r\n<tr>\r\n<td>Konsol r\u00f6relse Z-axel<\/td>\r\n<td>370 mm<\/td>\r\n<\/tr>\r\n<tr>\r\n<td>Motor effekt horisontell<\/td>\r\n<td>2,25 kW<\/td>\r\n<\/tr>\r\n<tr>\r\n<td>Motor effekt vertikal<\/td>\r\n<td>1,5 kW<\/td>\r\n<\/tr>\r\n<tr>\r\n<td>Dimension (LxBxH)<\/td>\r\n<td>1,38 x 1,22 x 2,15 m<\/td>\r\n<\/tr>\r\n<tr>\r\n<td>Vikt<\/td>\r\n<td>1000 kg<\/td>\r\n<\/tr>\r\n<\/tbody>\r\n<\/table>\r\n<\/figure>\r\n<\/div>\r\n<\/div>\r\n<\/div>\r\n<div class=\"wp-block-column\">\r\n\r\n<strong>Standard utrustning<\/strong>: \r\n\r\n\r\n<ul class=\"wp-block-list\">\r\n<li>3-axis DRO, X.pos 3.2<\/li>\r\n\r\n\r\n\r\n<li>2 x arborrverktyg (\u00d822,\u00d827 mm)<\/li>\r\n\r\n\r\n\r\n<li>Kyl system<\/li>\r\n\r\n\r\n\r\n<li>Borrchuck 16 mm<\/li>\r\n\r\n\r\n\r\n<li>Reduceringshylsa ISO 40\/MT3 och ISO 40\/MT2<\/li>\r\n\r\n\r\n\r\n<li>Arbetsbelysning<\/li>\r\n\r\n\r\n\r\n<li>Verktygsl\u00e5da<\/li>\r\n\r\n\r\n\r\n<li>Instruktionsbok<\/li>\r\n<\/ul>\r\n<\/div>\r\n<!-- \/wp:post-content --><\/div>\r\n<!-- \/wp:columns -->\r\n\r\n<!-- wp:paragraph -->\r\n<p>Den m\u00e5ngsidiga universella fr\u00e4sen i VHF-serien \u00e4r utrustad med en horisontell spindel, ett sv\u00e4ngbart vertikalt fr\u00e4shuvud och ett stort sp\u00e4nnbord. Spindelhastighet och matning p\u00e5 X-axeln \u00e4r stegl\u00f6st variabel. Med sin omfattande utrustning \u00e4r denna modell idealisk f\u00f6r ett brett spektrum av applikationer p\u00e5 utbildningsavdelningar, reparations- och underh\u00e5llsverkst\u00e4der.<\/p>\r\n<!-- \/wp:paragraph -->\r\n\r\n<!-- wp:buttons -->\r\n<div class=\"wp-block-buttons\"><!-- wp:button {\"backgroundColor\":\"vivid-red\",\"textColor\":\"white\"} -->\r\n<div class=\"wp-block-button\"><a class=\"wp-block-button__link has-white-color has-vivid-red-background-color has-text-color has-background wp-element-button\" href=\"https:\/\/swebalk.com\/wp-content\/uploads\/2023\/08\/VHF-1.1-Datasheet.pdf\" target=\"_blank\" rel=\"noreferrer noopener\">Produktblad VHF 1.1<\/a><\/div>\r\n<!-- \/wp:button --><\/div>\r\n<!-- \/wp:buttons -->","protected":false},"excerpt":{"rendered":"<p>Arbetsbord 1000 x 240 mm Arbetsbord belastning 150 kg X-axel r\u00f6relse 535 mm Y-axel r\u00f6relse 160 mm Z-axel r\u00f6relse 300 mm Varvtal (variabla L-H) 100 \u2013 2000 v\/min Spindelkona ISO 40 Avst\u00e5nd spindel &#8211; bord 65 &#8211; 385 mm Avst\u00e5nd spindel &#8211; pelare 200 &#8211; 700 mm Varvtal horisontell spindel 60 \u2013 1350 v\/min Horisontell [&hellip;]<\/p>\n","protected":false},"featured_media":2997,"comment_status":"closed","ping_status":"closed","template":"","meta":{"_acf_changed":false},"product_brand":[],"product_cat":[47],"product_tag":[],"class_list":{"0":"post-2378","1":"product","2":"type-product","3":"status-publish","4":"has-post-thumbnail","6":"product_cat-frasning","7":"post","8":"post-with-thumbnail","9":"post-with-thumbnail-large","11":"first","12":"instock","13":"shipping-taxable","14":"product-type-simple"},"acf":[],"_links":{"self":[{"href":"https:\/\/swebalk.com\/en\/wp-json\/wp\/v2\/product\/2378","targetHints":{"allow":["GET"]}}],"collection":[{"href":"https:\/\/swebalk.com\/en\/wp-json\/wp\/v2\/product"}],"about":[{"href":"https:\/\/swebalk.com\/en\/wp-json\/wp\/v2\/types\/product"}],"replies":[{"embeddable":true,"href":"https:\/\/swebalk.com\/en\/wp-json\/wp\/v2\/comments?post=2378"}],"wp:featuredmedia":[{"embeddable":true,"href":"https:\/\/swebalk.com\/en\/wp-json\/wp\/v2\/media\/2997"}],"wp:attachment":[{"href":"https:\/\/swebalk.com\/en\/wp-json\/wp\/v2\/media?parent=2378"}],"wp:term":[{"taxonomy":"product_brand","embeddable":true,"href":"https:\/\/swebalk.com\/en\/wp-json\/wp\/v2\/product_brand?post=2378"},{"taxonomy":"product_cat","embeddable":true,"href":"https:\/\/swebalk.com\/en\/wp-json\/wp\/v2\/product_cat?post=2378"},{"taxonomy":"product_tag","embeddable":true,"href":"https:\/\/swebalk.com\/en\/wp-json\/wp\/v2\/product_tag?post=2378"}],"curies":[{"name":"wp","href":"https:\/\/api.w.org\/{rel}","templated":true}]}}