{"id":2375,"date":"2023-09-10T19:50:41","date_gmt":"2023-09-10T19:50:41","guid":{"rendered":"https:\/\/swebalk.com\/?post_type=product&#038;p=2375"},"modified":"2024-05-12T16:59:33","modified_gmt":"2024-05-12T16:59:33","slug":"kallbandsag-arg-300-dct-cf-nc-automat","status":"publish","type":"product","link":"https:\/\/swebalk.com\/en\/product\/kallbandsag-arg-300-dct-cf-nc-automat\/","title":{"rendered":"Kallbands\u00e5g ARG 300 DCT CF-NC Automat"},"content":{"rendered":"<div class=\"wp-block-columns\">\r\n<div class=\"wp-block-column\">\r\n<div class=\"wp-block-columns\">\r\n<div class=\"wp-block-column\">\r\n<figure class=\"wp-block-image size-full\">\r\n<table>\r\n<tbody>\r\n<tr>\r\n<td>Motor effekt<\/td>\r\n<td>400 V, 50 Hz, 2,2 kW<\/td>\r\n<\/tr>\r\n<tr>\r\n<td>Motor effekt kylpump<\/td>\r\n<td>400 V, 50 Hz, 0,05 kW<\/td>\r\n<\/tr>\r\n<tr>\r\n<td>Hydraulisk motor<\/td>\r\n<td>400 V, 50 Hz, 0,55 kW<\/td>\r\n<\/tr>\r\n<tr>\r\n<td>Servo motor material matning<\/td>\r\n<td>400 V, 50 Hz, 1,2 kW<\/td>\r\n<\/tr>\r\n<tr>\r\n<td>Material matningshastighet<\/td>\r\n<td>1,6\/2,5\/3 m\/min<\/td>\r\n<\/tr>\r\n<tr>\r\n<td>S\u00e5gbladetshastighet<\/td>\r\n<td>15-90 m\/min.<\/td>\r\n<\/tr>\r\n<tr>\r\n<td>Arbetsh\u00f6jd skruvstycke<\/td>\r\n<td>850 mm<\/td>\r\n<\/tr>\r\n<tr>\r\n<td>Hydraulolja tank<\/td>\r\n<td>cca 26 l<\/td>\r\n<\/tr>\r\n<tr>\r\n<td>Kyltank<\/td>\r\n<td>cca 35 l<\/td>\r\n<\/tr>\r\n<tr>\r\n<td>Maskin dimension<\/td>\r\n<td>2100 x 1700 x 1600 mm<\/td>\r\n<\/tr>\r\n<tr>\r\n<td>Maskin dimension<\/td>\r\n<td>2700 x 2215 x 1780 mm<\/td>\r\n<\/tr>\r\n<tr>\r\n<td>Vikt<\/td>\r\n<td>1270 kg<\/td>\r\n<\/tr>\r\n<\/tbody>\r\n<\/table>\r\n<\/figure>\r\n<\/div>\r\n<\/div>\r\n<\/div>\r\n<\/div>\r\n<!-- \/wp:post-content -->\r\n\r\n<!-- wp:table -->\r\n<figure class=\"wp-block-table\">\r\n<table>\r\n<tbody>\r\n<tr>\r\n<td class=\"has-text-align-center\" data-align=\"center\"><strong>ARG 300<\/strong> <strong>DCT<\/strong> <strong>CF-NC automat<\/strong><\/td>\r\n<td><strong>90\u00b0<\/strong><\/td>\r\n<td><strong>+45\u00b0<\/strong><\/td>\r\n<\/tr>\r\n<tr>\r\n<td class=\"has-text-align-center\" data-align=\"center\"><img decoding=\"async\" src=\"https:\/\/www.pilous.cz\/user_uploads\/METAL\/Picto_tabulka\/01_kolo.jpg\" alt=\"\" \/><\/td>\r\n<td>300<\/td>\r\n<td>245<\/td>\r\n<\/tr>\r\n<tr>\r\n<td class=\"has-text-align-center\" data-align=\"center\"><img decoding=\"async\" src=\"https:\/\/www.pilous.cz\/user_uploads\/METAL\/Picto_tabulka\/02_ctverec.jpg\" alt=\"\" \/><\/td>\r\n<td>290<\/td>\r\n<td>245<\/td>\r\n<\/tr>\r\n<tr>\r\n<td class=\"has-text-align-center\" data-align=\"center\"><img decoding=\"async\" src=\"https:\/\/www.pilous.cz\/user_uploads\/METAL\/Picto_tabulka\/03_obdelnik.jpg\" alt=\"\" \/><\/td>\r\n<td>360 x 295<\/td>\r\n<td>245 x 250<\/td>\r\n<\/tr>\r\n<\/tbody>\r\n<\/table>\r\n<\/figure>\r\n<!-- \/wp:table -->\r\n\r\n<!-- wp:paragraph -->\r\n<p>Uppgraderad version av ARG 300 CF-NC med tv\u00e5pelar design och med ny s\u00e5gbladsarm. Det massiva armst\u00f6det med tv\u00e5 pelare som r\u00f6r sig p\u00e5 linj\u00e4ra linjer, s\u00e4kerst\u00e4ller utm\u00e4rkt styvhet i hela systemet och exakt s\u00e5gning. Systemet m\u00f6jligg\u00f6r en enkel armsv\u00e4ngning, inklusive tv\u00e5pelarsystemet f\u00f6r att sk\u00e4ra i vinklar.<\/p>\r\n<!-- \/wp:paragraph -->\r\n\r\n<!-- wp:paragraph -->\r\n<p>Perfekt maskin d\u00e4r man vill uppn\u00e5 h\u00f6g produktivitet med mycket fint och rak snitt vid sk\u00e4rning<\/p>\r\n<!-- \/wp:paragraph -->\r\n\r\n<!-- wp:paragraph -->\r\n<p>F\u00f6r mer info och utrustningsf\u00f6rslag se produktblad.<\/p>\r\n<!-- \/wp:paragraph -->\r\n\r\n<!-- wp:buttons -->\r\n<div class=\"wp-block-buttons\"><!-- wp:button {\"backgroundColor\":\"vivid-red\",\"textColor\":\"white\"} -->\r\n<div class=\"wp-block-button\"><a class=\"wp-block-button__link has-white-color has-vivid-red-background-color has-text-color has-background wp-element-button\" href=\"https:\/\/swebalk.com\/wp-content\/uploads\/2023\/08\/arg-300-dct-cf-nc-automat-en.pdf\" target=\"_blank\" rel=\"noreferrer noopener\">Produktblad ARG 300 DCT CF-NC Automat<\/a><\/div>\r\n<!-- \/wp:button --><\/div>\r\n<!-- \/wp:buttons -->\r\n\r\n<!-- wp:paragraph -->\r\n<p>F\u00f6rslag p\u00e5 passande rullbanor<\/p>\r\n<p><img decoding=\"async\" src=\"https:\/\/www.pilous.cz\/user_uploads\/METAL\/Dopravniky_schema\/300_DCT_CFNC_dopr.jpg\" \/><\/p>\r\n<!-- \/wp:paragraph -->\r\n\r\n<!-- wp:image {\"id\":1624,\"sizeSlug\":\"full\",\"linkDestination\":\"none\"} \/-->","protected":false},"excerpt":{"rendered":"<p>Motor effekt 400 V, 50 Hz, 2,2 kW Motor effekt kylpump 400 V, 50 Hz, 0,05 kW Hydraulisk motor 400 V, 50 Hz, 0,55 kW Servo motor material matning 400 V, 50 Hz, 1,2 kW Material matningshastighet 1,6\/2,5\/3 m\/min S\u00e5gbladetshastighet 15-90 m\/min. Arbetsh\u00f6jd skruvstycke 850 mm Hydraulolja tank cca 26 l Kyltank cca 35 l [&hellip;]<\/p>\n","protected":false},"featured_media":2979,"comment_status":"open","ping_status":"closed","template":"","meta":{"_acf_changed":false},"product_brand":[],"product_cat":[43],"product_tag":[],"class_list":{"0":"post-2375","1":"product","2":"type-product","3":"status-publish","4":"has-post-thumbnail","6":"product_cat-sagning-kapning-2","7":"post","8":"post-with-thumbnail","9":"post-with-thumbnail-large","11":"first","12":"instock","13":"shipping-taxable","14":"product-type-simple"},"acf":[],"_links":{"self":[{"href":"https:\/\/swebalk.com\/en\/wp-json\/wp\/v2\/product\/2375","targetHints":{"allow":["GET"]}}],"collection":[{"href":"https:\/\/swebalk.com\/en\/wp-json\/wp\/v2\/product"}],"about":[{"href":"https:\/\/swebalk.com\/en\/wp-json\/wp\/v2\/types\/product"}],"replies":[{"embeddable":true,"href":"https:\/\/swebalk.com\/en\/wp-json\/wp\/v2\/comments?post=2375"}],"wp:featuredmedia":[{"embeddable":true,"href":"https:\/\/swebalk.com\/en\/wp-json\/wp\/v2\/media\/2979"}],"wp:attachment":[{"href":"https:\/\/swebalk.com\/en\/wp-json\/wp\/v2\/media?parent=2375"}],"wp:term":[{"taxonomy":"product_brand","embeddable":true,"href":"https:\/\/swebalk.com\/en\/wp-json\/wp\/v2\/product_brand?post=2375"},{"taxonomy":"product_cat","embeddable":true,"href":"https:\/\/swebalk.com\/en\/wp-json\/wp\/v2\/product_cat?post=2375"},{"taxonomy":"product_tag","embeddable":true,"href":"https:\/\/swebalk.com\/en\/wp-json\/wp\/v2\/product_tag?post=2375"}],"curies":[{"name":"wp","href":"https:\/\/api.w.org\/{rel}","templated":true}]}}