{"id":2372,"date":"2023-09-10T19:46:21","date_gmt":"2023-09-10T19:46:21","guid":{"rendered":"https:\/\/swebalk.com\/?post_type=product&#038;p=2372"},"modified":"2024-05-12T17:20:05","modified_gmt":"2024-05-12T17:20:05","slug":"radialborrmaskin-r-32-basic","status":"publish","type":"product","link":"https:\/\/swebalk.com\/en\/product\/radialborrmaskin-r-32-basic\/","title":{"rendered":"Radialborrmaskin R 32 Basic"},"content":{"rendered":"<div class=\"wp-block-columns\">\r\n<div class=\"wp-block-column\">\r\n<figure class=\"wp-block-image size-full\">\r\n<table>\r\n<tbody>\r\n<tr>\r\n<td>Borr kapacitet<\/td>\r\n<td>32 mm<\/td>\r\n<\/tr>\r\n<tr>\r\n<td>Pelare diameter<\/td>\r\n<td>200 mm<\/td>\r\n<\/tr>\r\n<tr>\r\n<td>F\u00f6rflyttningsstr\u00e4cka borrhuvud<\/td>\r\n<td>320 &#8211; 820 mm<\/td>\r\n<\/tr>\r\n<tr>\r\n<td>Avst\u00e5nd spindel &#8211; bord<\/td>\r\n<td>320 &#8211; 860 mm<\/td>\r\n<\/tr>\r\n<tr>\r\n<td>Arbetsbord<\/td>\r\n<td>600 x 600 x 350 mm<\/td>\r\n<\/tr>\r\n<tr>\r\n<td>Pinol r\u00f6relse<\/td>\r\n<td>240 mm<\/td>\r\n<\/tr>\r\n<tr>\r\n<td>Varvtal<\/td>\r\n<td>75 v\/min \u2013 1220 v\/min<\/td>\r\n<\/tr>\r\n<tr>\r\n<td>Spindelkona<\/td>\r\n<td>MK 4<\/td>\r\n<\/tr>\r\n<tr>\r\n<td>Motor effekt<\/td>\r\n<td>1,5 kW<\/td>\r\n<\/tr>\r\n<tr>\r\n<td>Dimension (LxBxH)<\/td>\r\n<td>1,41 x 0,72 x 1,89 m<\/td>\r\n<\/tr>\r\n<tr>\r\n<td>Vikt<\/td>\r\n<td>1180 kg<\/td>\r\n<\/tr>\r\n<\/tbody>\r\n<\/table>\r\n<\/figure>\r\n<\/div>\r\n<div class=\"wp-block-column\">\r\n\r\n<strong>Standard utrustning<\/strong>: \r\n\r\n\r\n<ul class=\"wp-block-list\">\r\n<li>Borrchuck skydd<\/li>\r\n\r\n\r\n\r\n<li>Kylsystem<\/li>\r\n\r\n\r\n\r\n<li>Uppsp\u00e4nningsbord<\/li>\r\n\r\n\r\n\r\n<li>Arbetsbelysning<\/li>\r\n<\/ul>\r\n<\/div>\r\n<!-- \/wp:post-content --><\/div>\r\n<!-- \/wp:columns -->\r\n\r\n<!-- wp:paragraph -->\r\n<p>Modellen R Basic \u00e4r en klassisk radialborrmaskin med manuella v\u00e4xlar. Med sin tunga vikt garanterar de den b\u00e4sta stabiliteten. Den \u00e4r enkel att hantera och ett uppsp\u00e4nningsbord \u00e4r en del av standardutrustningen f\u00f6r mindre arbetsstycken.<\/p>\r\n<!-- \/wp:paragraph -->\r\n\r\n<!-- wp:buttons -->\r\n<div class=\"wp-block-buttons\"><!-- wp:button {\"backgroundColor\":\"vivid-red\",\"textColor\":\"white\"} -->\r\n<div class=\"wp-block-button\"><a class=\"wp-block-button__link has-white-color has-vivid-red-background-color has-text-color has-background wp-element-button\" href=\"https:\/\/swebalk.com\/wp-content\/uploads\/2023\/08\/R-32-Basic-Datasheet.pdf\" target=\"_blank\" rel=\"noreferrer noopener\">Produktblad R 32 Basic<\/a><\/div>\r\n<!-- \/wp:button --><\/div>\r\n<!-- \/wp:buttons -->","protected":false},"excerpt":{"rendered":"<p>Borr kapacitet 32 mm Pelare diameter 200 mm F\u00f6rflyttningsstr\u00e4cka borrhuvud 320 &#8211; 820 mm Avst\u00e5nd spindel &#8211; bord 320 &#8211; 860 mm Arbetsbord 600 x 600 x 350 mm Pinol r\u00f6relse 240 mm Varvtal 75 v\/min \u2013 1220 v\/min Spindelkona MK 4 Motor effekt 1,5 kW Dimension (LxBxH) 1,41 x 0,72 x 1,89 m Vikt [&hellip;]<\/p>\n","protected":false},"featured_media":2960,"comment_status":"open","ping_status":"closed","template":"","meta":{"_acf_changed":false},"product_brand":[],"product_cat":[31],"product_tag":[],"class_list":{"0":"post-2372","1":"product","2":"type-product","3":"status-publish","4":"has-post-thumbnail","6":"product_cat-borrning","7":"post","8":"post-with-thumbnail","9":"post-with-thumbnail-large","11":"first","12":"instock","13":"shipping-taxable","14":"product-type-simple"},"acf":[],"_links":{"self":[{"href":"https:\/\/swebalk.com\/en\/wp-json\/wp\/v2\/product\/2372","targetHints":{"allow":["GET"]}}],"collection":[{"href":"https:\/\/swebalk.com\/en\/wp-json\/wp\/v2\/product"}],"about":[{"href":"https:\/\/swebalk.com\/en\/wp-json\/wp\/v2\/types\/product"}],"replies":[{"embeddable":true,"href":"https:\/\/swebalk.com\/en\/wp-json\/wp\/v2\/comments?post=2372"}],"wp:featuredmedia":[{"embeddable":true,"href":"https:\/\/swebalk.com\/en\/wp-json\/wp\/v2\/media\/2960"}],"wp:attachment":[{"href":"https:\/\/swebalk.com\/en\/wp-json\/wp\/v2\/media?parent=2372"}],"wp:term":[{"taxonomy":"product_brand","embeddable":true,"href":"https:\/\/swebalk.com\/en\/wp-json\/wp\/v2\/product_brand?post=2372"},{"taxonomy":"product_cat","embeddable":true,"href":"https:\/\/swebalk.com\/en\/wp-json\/wp\/v2\/product_cat?post=2372"},{"taxonomy":"product_tag","embeddable":true,"href":"https:\/\/swebalk.com\/en\/wp-json\/wp\/v2\/product_tag?post=2372"}],"curies":[{"name":"wp","href":"https:\/\/api.w.org\/{rel}","templated":true}]}}