{"id":2369,"date":"2023-09-10T19:42:22","date_gmt":"2023-09-10T19:42:22","guid":{"rendered":"https:\/\/swebalk.com\/?post_type=product&#038;p=2369"},"modified":"2025-05-09T15:05:35","modified_gmt":"2025-05-09T15:05:35","slug":"frasmaskin-mf-5-vp","status":"publish","type":"product","link":"https:\/\/swebalk.com\/en\/product\/frasmaskin-mf-5-vp\/","title":{"rendered":"Fr\u00e4smaskin MF 5 VP"},"content":{"rendered":"<div class=\"wp-block-columns\">\r\n<div class=\"wp-block-column\">\u00a0<\/div>\r\n<\/div>\r\n\r\n\r\n\r\n<p>Den m\u00e5ngsidiga multifunktionsfr\u00e4smaskinen \u00e4r v\u00e4rldens mest s\u00e5lda fr\u00e4smaskin. Toppmodellen i MF-serien har SK 40 verktygsh\u00e5llare och 30 procent h\u00f6gre vikt. Alla axlar \u00e4r utrustade med stegl\u00f6s matningsanordning. Det vridbara vertikala fr\u00e4shuvudet erbjuder ett brett hastighetsomr\u00e5de f\u00f6r bearbetning av st\u00e5l och flesta andra f\u00f6rekommande materialen. Utrustningen inkluderar \u00e4ven en fyrstegs, automatisk pinolmatning, pneumatisk verktygsl\u00e5sning och ett stort sp\u00e4nnbord f\u00f6r arbetsstycken och sp\u00e4nnanordningar.<\/p>\r\n\r\n\r\n\r\n<div class=\"wp-block-buttons is-layout-flex wp-block-buttons-is-layout-flex\">\r\n<div>\r\n<div class=\"description-table-wrapper\"><table class=\"description-table\"><thead><tr><th>Modell<\/th><th>Enhet<\/th><th>V\u00e4rde<\/th><\/tr><\/thead><tbody><tr><td class=\"left-align\">Arbetsbord<\/td><td>mm<\/td><td>1370 x 250<\/td><\/tr><tr><td class=\"left-align\">X-axel r\u00f6relse<\/td><td>mm<\/td><td>800<\/td><\/tr><tr><td class=\"left-align\">Y-axel r\u00f6relse<\/td><td>mm<\/td><td>390<\/td><\/tr><tr><td class=\"left-align\">Z-axel r\u00f6relse<\/td><td>mm<\/td><td>380<\/td><\/tr><tr><td class=\"left-align\">Varvtal<\/td><td>v\/min<\/td><td>70 \u2013 3600<\/td><\/tr><tr><td class=\"left-align\">Spindelkona<\/td><td>typ<\/td><td>ISO 40<\/td><\/tr><tr><td class=\"left-align\">Pinol r\u00f6relse<\/td><td>mm<\/td><td>127<\/td><\/tr><tr><td class=\"left-align\">Matning X-axel<\/td><td>mm\/min<\/td><td>19 \u2013 890<\/td><\/tr><tr><td class=\"left-align\">Pinolmatning<\/td><td>mm\/R<\/td><td>(3) 0,04; 0,08; 0,15<\/td><\/tr><tr><td class=\"left-align\">Motor effekt<\/td><td>kW<\/td><td>3,75<\/td><\/tr><tr><td class=\"left-align\">Dimension (LxBxH)<\/td><td>m<\/td><td>2,54 x 2,16 x 2,24<\/td><\/tr><tr><td class=\"left-align\">Vikt<\/td><td>kg<\/td><td>1590<\/td><\/tr><\/tbody><\/table><\/div>\r\n<div class=\"standard-equipment-block\"><h3>\ud83d\udee0\ufe0f Standardutrustning<\/h3><table class=\"custom-table\"><thead><tr><th>Utrustning<\/th><th>Enhet<\/th><th>Specifikation<\/th><\/tr><\/thead><tbody><tr><td>\u2714\ufe0f 3-axis DRO, X.pos 3.2<\/td><td>st.<\/td><td>1<\/td><\/tr><tr><td>\u2714\ufe0f Pneumatisk verktygsl\u00e5sning<\/td><td>st.<\/td><td>1<\/td><\/tr><tr><td>\u2714\ufe0f Kyl system<\/td><td>st.<\/td><td>1<\/td><\/tr><tr><td>\u2714\ufe0f Central sm\u00f6rjsystem<\/td><td>st.<\/td><td>1<\/td><\/tr><tr><td>\u2714\ufe0f Skydd till vertikal glidyta<\/td><td>st.<\/td><td>1<\/td><\/tr><tr><td>\u2714\ufe0f Automatisk matning X- och Y-axel (TV1000)<\/td><td>st.<\/td><td>1<\/td><\/tr><tr><td>\u2714\ufe0f LED lampa<\/td><td>st.<\/td><td>1<\/td><\/tr><tr><td>\u2714\ufe0f Verktygsl\u00e5da<\/td><td>st.<\/td><td>1<\/td><\/tr><tr><td>\u2714\ufe0f Instruktionsbok<\/td><td>st.<\/td><td>1<\/td><\/tr><\/tbody><\/table><\/div>\r\n<\/div>\r\n<div class=\"wp-block-button\"><a class=\"wp-block-button__link has-white-color has-vivid-red-background-color has-text-color has-background wp-element-button\" href=\"https:\/\/swebalk.com\/wp-content\/uploads\/2023\/08\/MF-5-VP-Datasheet.pdf\" target=\"_blank\" rel=\"noreferrer noopener\">Produktblad MF 5 VP<\/a><\/div>\r\n<\/div>","protected":false},"excerpt":{"rendered":"<p>\u00a0 Den m\u00e5ngsidiga multifunktionsfr\u00e4smaskinen \u00e4r v\u00e4rldens mest s\u00e5lda fr\u00e4smaskin. Toppmodellen i MF-serien har SK 40 verktygsh\u00e5llare och 30 procent h\u00f6gre vikt. Alla axlar \u00e4r utrustade med stegl\u00f6s matningsanordning. Det vridbara vertikala fr\u00e4shuvudet erbjuder ett brett hastighetsomr\u00e5de f\u00f6r bearbetning av st\u00e5l och flesta andra f\u00f6rekommande materialen. Utrustningen inkluderar \u00e4ven en fyrstegs, automatisk pinolmatning, pneumatisk verktygsl\u00e5sning och [&hellip;]<\/p>\n","protected":false},"featured_media":2949,"comment_status":"open","ping_status":"closed","template":"","meta":{"_acf_changed":false},"product_brand":[],"product_cat":[47],"product_tag":[],"class_list":{"0":"post-2369","1":"product","2":"type-product","3":"status-publish","4":"has-post-thumbnail","6":"product_cat-frasning","7":"post","8":"post-with-thumbnail","9":"post-with-thumbnail-large","11":"first","12":"instock","13":"shipping-taxable","14":"product-type-simple"},"acf":[],"_links":{"self":[{"href":"https:\/\/swebalk.com\/en\/wp-json\/wp\/v2\/product\/2369","targetHints":{"allow":["GET"]}}],"collection":[{"href":"https:\/\/swebalk.com\/en\/wp-json\/wp\/v2\/product"}],"about":[{"href":"https:\/\/swebalk.com\/en\/wp-json\/wp\/v2\/types\/product"}],"replies":[{"embeddable":true,"href":"https:\/\/swebalk.com\/en\/wp-json\/wp\/v2\/comments?post=2369"}],"wp:featuredmedia":[{"embeddable":true,"href":"https:\/\/swebalk.com\/en\/wp-json\/wp\/v2\/media\/2949"}],"wp:attachment":[{"href":"https:\/\/swebalk.com\/en\/wp-json\/wp\/v2\/media?parent=2369"}],"wp:term":[{"taxonomy":"product_brand","embeddable":true,"href":"https:\/\/swebalk.com\/en\/wp-json\/wp\/v2\/product_brand?post=2369"},{"taxonomy":"product_cat","embeddable":true,"href":"https:\/\/swebalk.com\/en\/wp-json\/wp\/v2\/product_cat?post=2369"},{"taxonomy":"product_tag","embeddable":true,"href":"https:\/\/swebalk.com\/en\/wp-json\/wp\/v2\/product_tag?post=2369"}],"curies":[{"name":"wp","href":"https:\/\/api.w.org\/{rel}","templated":true}]}}