{"id":2362,"date":"2023-09-10T19:34:36","date_gmt":"2023-09-10T19:34:36","guid":{"rendered":"https:\/\/swebalk.com\/?post_type=product&#038;p=2362"},"modified":"2024-05-22T04:08:25","modified_gmt":"2024-05-22T04:08:25","slug":"hydraulisk-rorbockningsmaskin-1-2","status":"publish","type":"product","link":"https:\/\/swebalk.com\/en\/product\/hydraulisk-rorbockningsmaskin-1-2\/","title":{"rendered":"Hydraulisk r\u00f6rbockningsmaskin 1\/2"},"content":{"rendered":"<div class=\"wp-block-columns\">\u00a0<\/div>\r\n<p>Mobil r\u00f6rbockningsmaskin med manuell hydraul pump f\u00f6r bockning av st\u00e5lr\u00f6r med st\u00f6rre diametrar. B\u00f6jning sker via stansar som finns i vanliga r\u00f6rdimensioner som till\u00e5ter b\u00f6jar upp till 90\u00b0. L\u00e4mpliga f\u00e4sten f\u00f6r olika diametrar ing\u00e5r. Tryck kraft 10t.<\/p>\r\n\r\n\r\n\r\n<div class=\"wp-block-buttons is-layout-flex wp-block-buttons-is-layout-flex\">\r\n<div class=\"wp-block-button\"><a class=\"wp-block-button__link has-white-color has-vivid-red-background-color has-text-color has-background wp-element-button\" href=\"https:\/\/swebalk.com\/wp-content\/uploads\/2023\/08\/Hydraulic-Tube-Bender-1_2-Datasheet.pdf\" target=\"_blank\" rel=\"noreferrer noopener\">Produktblad R\u00f6rbockningsmaskin 1\/2<\/a><\/div>\r\n<\/div>","protected":false},"excerpt":{"rendered":"<p>\u00a0 Mobil r\u00f6rbockningsmaskin med manuell hydraul pump f\u00f6r bockning av st\u00e5lr\u00f6r med st\u00f6rre diametrar. B\u00f6jning sker via stansar som finns i vanliga r\u00f6rdimensioner som till\u00e5ter b\u00f6jar upp till 90\u00b0. L\u00e4mpliga f\u00e4sten f\u00f6r olika diametrar ing\u00e5r. Tryck kraft 10t.<\/p>","protected":false},"featured_media":2914,"comment_status":"open","ping_status":"closed","template":"","meta":{"_acf_changed":false},"product_brand":[],"product_cat":[45],"product_tag":[],"class_list":{"0":"post-2362","1":"product","2":"type-product","3":"status-publish","4":"has-post-thumbnail","6":"product_cat-rorbearbetning-ringbocking-2","7":"post","8":"post-with-thumbnail","9":"post-with-thumbnail-large","11":"first","12":"instock","13":"shipping-taxable","14":"product-type-simple"},"acf":[],"_links":{"self":[{"href":"https:\/\/swebalk.com\/en\/wp-json\/wp\/v2\/product\/2362","targetHints":{"allow":["GET"]}}],"collection":[{"href":"https:\/\/swebalk.com\/en\/wp-json\/wp\/v2\/product"}],"about":[{"href":"https:\/\/swebalk.com\/en\/wp-json\/wp\/v2\/types\/product"}],"replies":[{"embeddable":true,"href":"https:\/\/swebalk.com\/en\/wp-json\/wp\/v2\/comments?post=2362"}],"wp:featuredmedia":[{"embeddable":true,"href":"https:\/\/swebalk.com\/en\/wp-json\/wp\/v2\/media\/2914"}],"wp:attachment":[{"href":"https:\/\/swebalk.com\/en\/wp-json\/wp\/v2\/media?parent=2362"}],"wp:term":[{"taxonomy":"product_brand","embeddable":true,"href":"https:\/\/swebalk.com\/en\/wp-json\/wp\/v2\/product_brand?post=2362"},{"taxonomy":"product_cat","embeddable":true,"href":"https:\/\/swebalk.com\/en\/wp-json\/wp\/v2\/product_cat?post=2362"},{"taxonomy":"product_tag","embeddable":true,"href":"https:\/\/swebalk.com\/en\/wp-json\/wp\/v2\/product_tag?post=2362"}],"curies":[{"name":"wp","href":"https:\/\/api.w.org\/{rel}","templated":true}]}}