{"id":2361,"date":"2023-09-10T19:33:26","date_gmt":"2023-09-10T19:33:26","guid":{"rendered":"https:\/\/swebalk.com\/?post_type=product&#038;p=2361"},"modified":"2024-05-13T07:05:42","modified_gmt":"2024-05-13T07:05:42","slug":"svarv-turnado-v-series","status":"publish","type":"product","link":"https:\/\/swebalk.com\/en\/product\/svarv-turnado-v-series\/","title":{"rendered":"Svarv Turnado V Series"},"content":{"rendered":"<figure class=\"wp-block-table is-style-stripes has-small-font-size\"><strong>Standard utrustning (230\/280):<\/strong><\/figure>\r\n<div class=\"wp-block-columns\">\r\n<div class=\"wp-block-column\">\r\n\r\n\r\n<ul class=\"wp-block-list\">\r\n<li class=\"has-small-font-size\">3-axis DRO, X.pos 3.2 VC<\/li>\r\n\r\n\r\n\r\n<li class=\"has-small-font-size\">3-backschuck \u00d8 250\/315 mm<\/li>\r\n\r\n\r\n\r\n<li class=\"has-small-font-size\">4-backschuck \u00d8 300\/350 mm<\/li>\r\n\r\n\r\n\r\n<li class=\"has-small-font-size\">Plan skiva \u00d8 350\/450 mm<\/li>\r\n\r\n\r\n\r\n<li class=\"has-small-font-size\">Grund snabbh\u00e5llare WB \/ WC<\/li>\r\n\r\n\r\n\r\n<li class=\"has-small-font-size\">Snabb verktygsh\u00e5llare WBD 25120 \/ WCD 32150<\/li>\r\n\r\n\r\n\r\n<li class=\"has-small-font-size\">Snabbmatning f\u00f6r X och Z axel<\/li>\r\n\r\n\r\n\r\n<li class=\"has-small-font-size\">Kyl system<\/li>\r\n\r\n\r\n\r\n<li class=\"has-small-font-size\">Material support<\/li>\r\n\r\n\r\n\r\n<li class=\"has-small-font-size\">Sp\u00e5n uppsamlare<\/li>\r\n\r\n\r\n\r\n<li class=\"has-small-font-size\">Fast st\u00e4nk skydd<\/li>\r\n\r\n\r\n\r\n<li class=\"has-small-font-size\">Integrerad sp\u00e5nskydd<\/li>\r\n\r\n\r\n\r\n<li class=\"has-small-font-size\">Chuckskydd<\/li>\r\n\r\n\r\n\r\n<li class=\"has-small-font-size\">Ledarskruvskydd<\/li>\r\n\r\n\r\n\r\n<li class=\"has-small-font-size\">Fotbroms<\/li>\r\n\r\n\r\n\r\n<li class=\"has-small-font-size\">Arbetsbelysning<\/li>\r\n\r\n\r\n\r\n<li class=\"has-small-font-size\">mm<\/li>\r\n<\/ul>\r\n<\/div>\r\n<!-- \/wp:post-content --><\/div>\r\n<!-- \/wp:columns -->\r\n\r\n<!-- wp:table {\"className\":\"is-style-stripes\",\"fontSize\":\"small\"} -->\r\n<figure class=\"wp-block-table is-style-stripes has-small-font-size\">\r\n<table>\r\n<thead>\r\n<tr>\r\n<th>Modell<\/th>\r\n<th>Art. 111100090 &#8211; Turnado 230\/1000 V<\/th>\r\n<th>Art. 111100100 &#8211; Turnado 230\/1500 V<\/th>\r\n<th>Art. 111100110 &#8211; Turnado 230\/2000 V<\/th>\r\n<th>Art. 111100120 &#8211; Turnado 280\/1500 V<\/th>\r\n<th>Art. 111100130 &#8211; Turnado 280\/2000 V<\/th>\r\n<\/tr>\r\n<\/thead>\r\n<tbody>\r\n<tr>\r\n<td>Dubb avst\u00e5nd<\/td>\r\n<td>1000 mm<\/td>\r\n<td>1500 mm<\/td>\r\n<td>2000 mm<\/td>\r\n<td>1428 mm<\/td>\r\n<td>1928 mm<\/td>\r\n<\/tr>\r\n<tr>\r\n<td>Dubb h\u00f6jd<\/td>\r\n<td>230 mm<\/td>\r\n<td>230 mm<\/td>\r\n<td>230 mm<\/td>\r\n<td>280 mm<\/td>\r\n<td>280 mm<\/td>\r\n<\/tr>\r\n<tr>\r\n<td>Sving \u00f6ver b\u00e4dd<\/td>\r\n<td>460 mm<\/td>\r\n<td>460 mm<\/td>\r\n<td>460 mm<\/td>\r\n<td>560 mm<\/td>\r\n<td>560 mm<\/td>\r\n<\/tr>\r\n<tr>\r\n<td>Sving \u00f6ver gap<\/td>\r\n<td>690 mm<\/td>\r\n<td>690 mm<\/td>\r\n<td>690 mm<\/td>\r\n<td>785 mm<\/td>\r\n<td>785 mm<\/td>\r\n<\/tr>\r\n<tr>\r\n<td>Sving \u00f6ver support<\/td>\r\n<td>224 mm<\/td>\r\n<td>224 mm<\/td>\r\n<td>224 mm<\/td>\r\n<td>355 mm<\/td>\r\n<td>355 mm<\/td>\r\n<\/tr>\r\n<tr>\r\n<td>Spindel varvtal (antal v\u00e4xlar)<\/td>\r\n<td>25-3000 v\/min (12)<\/td>\r\n<td>25-3000 v\/min (12)<\/td>\r\n<td>25-3000 v\/min (12)<\/td>\r\n<td>25-1600 v\/min (12)<\/td>\r\n<td>25-1600 v\/min (12)<\/td>\r\n<\/tr>\r\n<tr>\r\n<td>Spindelgenomg\u00e5ng<\/td>\r\n<td>58 mm<\/td>\r\n<td>58 mm<\/td>\r\n<td>58 mm<\/td>\r\n<td>80 mm<\/td>\r\n<td>80 mm<\/td>\r\n<\/tr>\r\n<tr>\r\n<td>Spindelnos montering<\/td>\r\n<td>Camlock D1-6<\/td>\r\n<td>Camlock D1-6<\/td>\r\n<td>Camlock D1-6<\/td>\r\n<td>Camlock D1-8<\/td>\r\n<td>Camlock D1-8<\/td>\r\n<\/tr>\r\n<tr>\r\n<td>Motor effekt<\/td>\r\n<td>7,5 kW<\/td>\r\n<td>7,5 kW<\/td>\r\n<td>7,5 kW<\/td>\r\n<td>7,5 kW<\/td>\r\n<td>7,5 kW<\/td>\r\n<\/tr>\r\n<tr>\r\n<td>Vikt<\/td>\r\n<td>1720 kg<\/td>\r\n<td>1970 kg<\/td>\r\n<td>2100 kg<\/td>\r\n<td>2370 kg<\/td>\r\n<td>2720 kg<\/td>\r\n<\/tr>\r\n<\/tbody>\r\n<\/table>\r\n<\/figure>\r\n<!-- \/wp:table -->\r\n\r\n<!-- wp:paragraph -->\r\n<p>Turnado V-seriens svarvar k\u00e4nnetecknas av sin robusta konstruktion, kraftfulla motor och m\u00e5ngsidighet. I mer \u00e4n 20 \u00e5r har de varit bland de bepr\u00f6vade b\u00e4sts\u00e4ljarna av v\u00e5ra konventionella svarvar. V-modellerna \u00e4r ocks\u00e5 utrustade med ett ut\u00f6kat, stegl\u00f6st variabla hastighet. I kombination med l\u00e4gesindikatorn och integrerad funktion av konstant sk\u00e4rhastighet uppn\u00e5r du en \u00f6verl\u00e4gsen ytkvalitet vid v\u00e4ndning. Ett h\u00f6gkvalitativt verktygsh\u00e5llaressystem f\u00f6r snabbbyte minskar ocks\u00e5 produktions tid och kostnader.<\/p>\r\n<!-- \/wp:paragraph -->\r\n\r\n<!-- wp:paragraph -->\r\n<p>Turnado V serien finns i 5 olika versioner.<\/p>\r\n<!-- \/wp:paragraph -->\r\n\r\n<!-- wp:paragraph -->\r\n<p>F\u00f6r mer info om produkten och tillbeh\u00f6r se produktblad eller kontakta oss.<\/p>\r\n<!-- \/wp:paragraph -->\r\n\r\n<!-- wp:buttons -->\r\n<div class=\"wp-block-buttons\"><!-- wp:button {\"backgroundColor\":\"vivid-red\",\"textColor\":\"white\"} -->\r\n<div class=\"wp-block-button\"><a class=\"wp-block-button__link has-white-color has-vivid-red-background-color has-text-color has-background wp-element-button\" href=\"https:\/\/swebalk.com\/wp-content\/uploads\/2023\/08\/Turnado-230_1000-V-Datasheet.pdf\" target=\"_blank\" rel=\"noreferrer noopener\">Produktblad Turnado 230\/1000 V<\/a><\/div>\r\n<div>\u00a0<\/div>\r\n<!-- \/wp:button -->\r\n\r\n<!-- wp:button {\"backgroundColor\":\"vivid-red\",\"textColor\":\"white\"} -->\r\n<div class=\"wp-block-button\"><a class=\"wp-block-button__link has-white-color has-vivid-red-background-color has-text-color has-background wp-element-button\" href=\"https:\/\/swebalk.com\/wp-content\/uploads\/2023\/08\/Turnado-230_1500-V-Datasheet.pdf\" target=\"_blank\" rel=\"noreferrer noopener\">Produktblad Turnado 230\/1500 V<\/a><\/div>\r\n<div>\u00a0<\/div>\r\n<!-- \/wp:button -->\r\n\r\n<!-- wp:button {\"backgroundColor\":\"vivid-red\",\"textColor\":\"white\"} -->\r\n<div class=\"wp-block-button\"><a class=\"wp-block-button__link has-white-color has-vivid-red-background-color has-text-color has-background wp-element-button\" href=\"https:\/\/swebalk.com\/wp-content\/uploads\/2023\/08\/Turnado-230_2000-V-Datasheet.pdf\" target=\"_blank\" rel=\"noreferrer noopener\">Produktblad Turnado 230\/2000 V<\/a><\/div>\r\n<div>\u00a0<\/div>\r\n<!-- \/wp:button -->\r\n\r\n<!-- wp:button {\"backgroundColor\":\"vivid-red\",\"textColor\":\"white\"} -->\r\n<div class=\"wp-block-button\"><a class=\"wp-block-button__link has-white-color has-vivid-red-background-color has-text-color has-background wp-element-button\" href=\"https:\/\/swebalk.com\/wp-content\/uploads\/2023\/08\/Turnado-280_1500-V-Datasheet.pdf\" target=\"_blank\" rel=\"noreferrer noopener\">Produktblad Turnado 280\/1500 V<\/a><\/div>\r\n<div>\u00a0<\/div>\r\n<!-- \/wp:button -->\r\n\r\n<!-- wp:button {\"backgroundColor\":\"vivid-red\",\"textColor\":\"white\"} -->\r\n<div class=\"wp-block-button\"><a class=\"wp-block-button__link has-white-color has-vivid-red-background-color has-text-color has-background wp-element-button\" href=\"https:\/\/swebalk.com\/wp-content\/uploads\/2023\/08\/Turnado-280_2000-V-Datasheet.pdf\" target=\"_blank\" rel=\"noreferrer noopener\">Produktblad Turnado 280\/2000 V<\/a><\/div>\r\n<!-- \/wp:button --><\/div>\r\n<!-- \/wp:buttons -->","protected":false},"excerpt":{"rendered":"<p>Standard utrustning (230\/280): Modell Art. 111100090 &#8211; Turnado 230\/1000 V Art. 111100100 &#8211; Turnado 230\/1500 V Art. 111100110 &#8211; Turnado 230\/2000 V Art. 111100120 &#8211; Turnado 280\/1500 V Art. 111100130 &#8211; Turnado 280\/2000 V Dubb avst\u00e5nd 1000 mm 1500 mm 2000 mm 1428 mm 1928 mm Dubb h\u00f6jd 230 mm 230 mm 230 mm 280 [&hellip;]<\/p>\n","protected":false},"featured_media":2908,"comment_status":"open","ping_status":"closed","template":"","meta":{"_acf_changed":false},"product_brand":[],"product_cat":[50],"product_tag":[],"class_list":{"0":"post-2361","1":"product","2":"type-product","3":"status-publish","4":"has-post-thumbnail","6":"product_cat-svarvning","7":"post","8":"post-with-thumbnail","9":"post-with-thumbnail-large","11":"first","12":"instock","13":"shipping-taxable","14":"product-type-simple"},"acf":[],"_links":{"self":[{"href":"https:\/\/swebalk.com\/en\/wp-json\/wp\/v2\/product\/2361","targetHints":{"allow":["GET"]}}],"collection":[{"href":"https:\/\/swebalk.com\/en\/wp-json\/wp\/v2\/product"}],"about":[{"href":"https:\/\/swebalk.com\/en\/wp-json\/wp\/v2\/types\/product"}],"replies":[{"embeddable":true,"href":"https:\/\/swebalk.com\/en\/wp-json\/wp\/v2\/comments?post=2361"}],"wp:featuredmedia":[{"embeddable":true,"href":"https:\/\/swebalk.com\/en\/wp-json\/wp\/v2\/media\/2908"}],"wp:attachment":[{"href":"https:\/\/swebalk.com\/en\/wp-json\/wp\/v2\/media?parent=2361"}],"wp:term":[{"taxonomy":"product_brand","embeddable":true,"href":"https:\/\/swebalk.com\/en\/wp-json\/wp\/v2\/product_brand?post=2361"},{"taxonomy":"product_cat","embeddable":true,"href":"https:\/\/swebalk.com\/en\/wp-json\/wp\/v2\/product_cat?post=2361"},{"taxonomy":"product_tag","embeddable":true,"href":"https:\/\/swebalk.com\/en\/wp-json\/wp\/v2\/product_tag?post=2361"}],"curies":[{"name":"wp","href":"https:\/\/api.w.org\/{rel}","templated":true}]}}