{"id":2360,"date":"2023-09-10T19:32:17","date_gmt":"2023-09-10T19:32:17","guid":{"rendered":"https:\/\/swebalk.com\/?post_type=product&#038;p=2360"},"modified":"2025-01-12T13:19:34","modified_gmt":"2025-01-12T13:19:34","slug":"verkstadspress-knwp-h-series","status":"publish","type":"product","link":"https:\/\/swebalk.com\/en\/product\/verkstadspress-knwp-h-series\/","title":{"rendered":"Verkstadspress KNWP H Series"},"content":{"rendered":"<figure class=\"wp-block-table is-style-stripes has-small-font-size\">Denna serie av hydrauliska verkstadspressar med motordrift \u00e4r utformade med en stabil portal med justerbart, \u00f6ppet st\u00f6dbord och l\u00e4mpar sig f\u00f6r applikationer som in- och utpressning av lager, f\u00f6r montering och riktningsarbeten eller f\u00f6r provning av arbetsstycken. Den i sidled positionerbara arbetscylindern underl\u00e4ttar uppst\u00e4llningen utan att arbetsstycket beh\u00f6ver flyttas. Dessa pressar \u00e4r perfekta f\u00f6r tekniska verkst\u00e4der och underh\u00e5llsavdelningar KNWP H serien finns i 5 olika versioner. F\u00f6r mer info om produkten och tillbeh\u00f6r se produktblad eller kontakta oss.<\/figure>\r\n\r\n\r\n\r\n<figure class=\"wp-block-table is-style-stripes has-small-font-size\">\r\n<table>\r\n<thead>\r\n<tr>\r\n<th>Modell<\/th>\r\n<th>Art. 271100010 &#8211; KNWP H 60<\/th>\r\n<th>Art. 271100020 &#8211; KNWP H 80<\/th>\r\n<th>Art. 271100030 &#8211; KNWP H 100<\/th>\r\n<th>\u00a0<\/th>\r\n<\/tr>\r\n<\/thead>\r\n<tbody>\r\n<tr>\r\n<td>Presstryck<\/td>\r\n<td>60 t<\/td>\r\n<td>80 t<\/td>\r\n<td>100 t<\/td>\r\n<td>\u00a0<\/td>\r\n<\/tr>\r\n<tr>\r\n<td>Slagl\u00e4ngd<\/td>\r\n<td>400 mm<\/td>\r\n<td>400 mm<\/td>\r\n<td>400 mm<\/td>\r\n<td>\u00a0<\/td>\r\n<\/tr>\r\n<tr>\r\n<td>Innerbredd<\/td>\r\n<td>830 mm<\/td>\r\n<td>930 mm<\/td>\r\n<td>1020 mm<\/td>\r\n<td>\u00a0<\/td>\r\n<\/tr>\r\n<tr>\r\n<td>Fram\u00e5tg\u00e5ende hastighet<\/td>\r\n<td>6,1 mm\/s<\/td>\r\n<td>5,4 mm\/s<\/td>\r\n<td>7,12 mm\/s<\/td>\r\n<td>\u00a0<\/td>\r\n<\/tr>\r\n<tr>\r\n<td>Tryck hastighet<\/td>\r\n<td>6,1 mm\/s<\/td>\r\n<td>5,4 mm\/s<\/td>\r\n<td>7,12 mm\/s<\/td>\r\n<td>\u00a0<\/td>\r\n<\/tr>\r\n<tr>\r\n<td>Retur hastighet<\/td>\r\n<td>10 mm\/s<\/td>\r\n<td>8,3 mm\/s<\/td>\r\n<td>13,42 mm\/s<\/td>\r\n<td>\u00a0<\/td>\r\n<\/tr>\r\n<tr>\r\n<td>Motor effekt hydraul pump<\/td>\r\n<td>3 kW<\/td>\r\n<td>3 kW<\/td>\r\n<td>4 kW<\/td>\r\n<td>\u00a0<\/td>\r\n<\/tr>\r\n<tr>\r\n<td>Oljevolym<\/td>\r\n<td>6 L<\/td>\r\n<td>6 L<\/td>\r\n<td>11 L<\/td>\r\n<td>\u00a0<\/td>\r\n<\/tr>\r\n<tr>\r\n<td>Vikt<\/td>\r\n<td>700 kg<\/td>\r\n<td>725 kg<\/td>\r\n<td>1000 kg<\/td>\r\n<td>\u00a0<\/td>\r\n<\/tr>\r\n<\/tbody>\r\n<\/table>\r\n<\/figure>\r\n\r\n\r\n\r\n<figure class=\"wp-block-table is-style-stripes has-small-font-size\">\r\n<table>\r\n<thead>\r\n<tr>\r\n<th>Modell<\/th>\r\n<th>Art. 271100050 &#8211; KNWP H 160<\/th>\r\n<th>\u00a0<\/th>\r\n<th>\u00a0<\/th>\r\n<th>Art. 271100080 &#8211; KNWP H 200<\/th>\r\n<\/tr>\r\n<\/thead>\r\n<tbody>\r\n<tr>\r\n<td>Presstryck<\/td>\r\n<td>160 t<\/td>\r\n<td>\u00a0<\/td>\r\n<td>\u00a0<\/td>\r\n<td>200 t<\/td>\r\n<\/tr>\r\n<tr>\r\n<td>Slagl\u00e4ngd<\/td>\r\n<td>400 mm<\/td>\r\n<td>\u00a0<\/td>\r\n<td>\u00a0<\/td>\r\n<td>400 mm<\/td>\r\n<\/tr>\r\n<tr>\r\n<td>Innerbredd<\/td>\r\n<td>1100 mm<\/td>\r\n<td>\u00a0<\/td>\r\n<td>\u00a0<\/td>\r\n<td>1550 mm<\/td>\r\n<\/tr>\r\n<tr>\r\n<td>Fram\u00e5tg\u00e5ende hastighet<\/td>\r\n<td>6,2 mm\/s<\/td>\r\n<td>\u00a0<\/td>\r\n<td>\u00a0<\/td>\r\n<td>6,4 mm\/s<\/td>\r\n<\/tr>\r\n<tr>\r\n<td>Tryck hastighet<\/td>\r\n<td>6,2 mm\/s<\/td>\r\n<td>\u00a0<\/td>\r\n<td>\u00a0<\/td>\r\n<td>6,4 mm\/s<\/td>\r\n<\/tr>\r\n<tr>\r\n<td>Retur hastighet<\/td>\r\n<td>9,8 mm\/s<\/td>\r\n<td>\u00a0<\/td>\r\n<td>\u00a0<\/td>\r\n<td>8,3 mm\/s<\/td>\r\n<\/tr>\r\n<tr>\r\n<td>Motor effekt hydraul pump<\/td>\r\n<td>5,5 kW<\/td>\r\n<td>\u00a0<\/td>\r\n<td>\u00a0<\/td>\r\n<td>7,5 kW<\/td>\r\n<\/tr>\r\n<tr>\r\n<td>Oljevolym<\/td>\r\n<td>15 L<\/td>\r\n<td>\u00a0<\/td>\r\n<td>\u00a0<\/td>\r\n<td>22 L<\/td>\r\n<\/tr>\r\n<tr>\r\n<td>Vikt<\/td>\r\n<td>1300 kg<\/td>\r\n<td>\u00a0<\/td>\r\n<td>\u00a0<\/td>\r\n<td>2600 kg<\/td>\r\n<\/tr>\r\n<\/tbody>\r\n<\/table>\r\n<\/figure>\r\n\r\n\r\n\r\n<div class=\"wp-block-buttons is-layout-flex wp-block-buttons-is-layout-flex\">\r\n<div class=\"wp-block-button has-custom-width wp-block-button__width-50\"><a class=\"wp-block-button__link has-white-color has-vivid-red-background-color has-text-color has-background wp-element-button\" href=\"https:\/\/swebalk.com\/wp-content\/uploads\/2023\/08\/KNWP-H-60-Datasheet.pdf\" target=\"_blank\" rel=\"noreferrer noopener\">Produktblad KNWP H 60<\/a><\/div>\r\n<div>\u00a0<\/div>\r\n\r\n\r\n\r\n<div class=\"wp-block-button has-custom-width wp-block-button__width-50\"><a class=\"wp-block-button__link has-white-color has-vivid-red-background-color has-text-color has-background wp-element-button\" href=\"https:\/\/swebalk.com\/wp-content\/uploads\/2023\/08\/KNWP-H-80-Datasheet.pdf\" target=\"_blank\" rel=\"noreferrer noopener\">Produktblad KNWP H 80<\/a><\/div>\r\n<div>\u00a0<\/div>\r\n\r\n\r\n\r\n<div class=\"wp-block-button has-custom-width wp-block-button__width-50\"><a class=\"wp-block-button__link has-white-color has-vivid-red-background-color has-text-color has-background wp-element-button\" href=\"https:\/\/swebalk.com\/wp-content\/uploads\/2023\/08\/KNWP-H-100-Datasheet.pdf\" target=\"_blank\" rel=\"noreferrer noopener\">Produktblad KNWP H 100<\/a><\/div>\r\n<div>\u00a0<\/div>\r\n\r\n\r\n\r\n<div class=\"wp-block-button has-custom-width wp-block-button__width-50\"><a class=\"wp-block-button__link has-white-color has-vivid-red-background-color has-text-color has-background wp-element-button\" href=\"https:\/\/swebalk.com\/wp-content\/uploads\/2023\/08\/KNWP-H-160-Datasheet.pdf\" target=\"_blank\" rel=\"noreferrer noopener\">Produktblad KNWP H 160<\/a><\/div>\r\n<div>\u00a0<\/div>\r\n\r\n\r\n\r\n<div class=\"wp-block-button has-custom-width wp-block-button__width-50\"><a class=\"wp-block-button__link has-white-color has-vivid-red-background-color has-text-color has-background wp-element-button\" href=\"https:\/\/swebalk.com\/wp-content\/uploads\/2023\/08\/KNWP-H-200-Datasheet.pdf\" target=\"_blank\" rel=\"noreferrer noopener\">Produktblad KNWP H 200<\/a><\/div>\r\n<\/div>","protected":false},"excerpt":{"rendered":"<p>Denna serie av hydrauliska verkstadspressar med motordrift \u00e4r utformade med en stabil portal med justerbart, \u00f6ppet st\u00f6dbord och l\u00e4mpar sig f\u00f6r applikationer som in- och utpressning av lager, f\u00f6r montering och riktningsarbeten eller f\u00f6r provning av arbetsstycken. Den i sidled positionerbara arbetscylindern underl\u00e4ttar uppst\u00e4llningen utan att arbetsstycket beh\u00f6ver flyttas. Dessa pressar \u00e4r perfekta f\u00f6r tekniska [&hellip;]<\/p>\n","protected":false},"featured_media":2899,"comment_status":"open","ping_status":"closed","template":"","meta":{"_acf_changed":false},"product_brand":[],"product_cat":[49],"product_tag":[],"class_list":{"0":"post-2360","1":"product","2":"type-product","3":"status-publish","4":"has-post-thumbnail","6":"product_cat-pressar","7":"post","8":"post-with-thumbnail","9":"post-with-thumbnail-large","11":"first","12":"instock","13":"shipping-taxable","14":"product-type-simple"},"acf":[],"_links":{"self":[{"href":"https:\/\/swebalk.com\/en\/wp-json\/wp\/v2\/product\/2360","targetHints":{"allow":["GET"]}}],"collection":[{"href":"https:\/\/swebalk.com\/en\/wp-json\/wp\/v2\/product"}],"about":[{"href":"https:\/\/swebalk.com\/en\/wp-json\/wp\/v2\/types\/product"}],"replies":[{"embeddable":true,"href":"https:\/\/swebalk.com\/en\/wp-json\/wp\/v2\/comments?post=2360"}],"wp:featuredmedia":[{"embeddable":true,"href":"https:\/\/swebalk.com\/en\/wp-json\/wp\/v2\/media\/2899"}],"wp:attachment":[{"href":"https:\/\/swebalk.com\/en\/wp-json\/wp\/v2\/media?parent=2360"}],"wp:term":[{"taxonomy":"product_brand","embeddable":true,"href":"https:\/\/swebalk.com\/en\/wp-json\/wp\/v2\/product_brand?post=2360"},{"taxonomy":"product_cat","embeddable":true,"href":"https:\/\/swebalk.com\/en\/wp-json\/wp\/v2\/product_cat?post=2360"},{"taxonomy":"product_tag","embeddable":true,"href":"https:\/\/swebalk.com\/en\/wp-json\/wp\/v2\/product_tag?post=2360"}],"curies":[{"name":"wp","href":"https:\/\/api.w.org\/{rel}","templated":true}]}}