{"id":2359,"date":"2023-09-10T19:31:00","date_gmt":"2023-09-10T19:31:00","guid":{"rendered":"https:\/\/swebalk.com\/?post_type=product&#038;p=2359"},"modified":"2024-05-12T17:02:27","modified_gmt":"2024-05-12T17:02:27","slug":"kallbandsag-pilous-arg-105-mobil","status":"publish","type":"product","link":"https:\/\/swebalk.com\/en\/product\/kallbandsag-pilous-arg-105-mobil\/","title":{"rendered":"Kallbands\u00e5g Pilous ARG 105 MOBIL"},"content":{"rendered":"<div class=\"wp-block-columns\">\r\n<div class=\"wp-block-column\">\r\n<figure class=\"wp-block-table is-style-stripes has-small-font-size\">\r\n<table>\r\n<tbody>\r\n<tr>\r\n<td>Motor effekt<\/td>\r\n<td>230 V, 50 Hz, 0,55 kW<\/td>\r\n<\/tr>\r\n<tr>\r\n<td>S\u00e5gbladets hastighet<\/td>\r\n<td>55 m\/min.<\/td>\r\n<\/tr>\r\n<tr>\r\n<td>Maskin dimension (min.)<\/td>\r\n<td>300 x 750 x 450 mm<\/td>\r\n<\/tr>\r\n<tr>\r\n<td>Maskin dimensions (max.)<\/td>\r\n<td>650 x 850 x 710 mm<\/td>\r\n<\/tr>\r\n<tr>\r\n<td>Vikt<\/td>\r\n<td>29 kg<\/td>\r\n<\/tr>\r\n<\/tbody>\r\n<\/table>\r\n<\/figure>\r\n\r\n\r\n\u00a0 <\/div>\r\n<!-- \/wp:post-content --><\/div>\r\n<!-- \/wp:columns -->\r\n\r\n<!-- wp:table -->\r\n<figure class=\"wp-block-table\">\r\n<table>\r\n<tbody>\r\n<tr>\r\n<td class=\"has-text-align-center\" data-align=\"center\">\u00a0<\/td>\r\n<td><strong>90\u00b0<\/strong><\/td>\r\n<td><strong>+45\u00b0<\/strong><\/td>\r\n<td><strong>+60\u00b0<\/strong><\/td>\r\n<\/tr>\r\n<tr>\r\n<td class=\"has-text-align-center\" data-align=\"center\"><img decoding=\"async\" src=\"https:\/\/www.pilous.cz\/user_uploads\/METAL\/Picto_tabulka\/01_kolo.jpg\" alt=\"\" \/><\/td>\r\n<td>105mm<\/td>\r\n<td>70mm<\/td>\r\n<td>40mm<\/td>\r\n<\/tr>\r\n<tr>\r\n<td class=\"has-text-align-center\" data-align=\"center\"><img decoding=\"async\" src=\"https:\/\/www.pilous.cz\/user_uploads\/METAL\/Picto_tabulka\/02_ctverec.jpg\" alt=\"\" \/><\/td>\r\n<td>105mm<\/td>\r\n<td>65mm<\/td>\r\n<td>40mm<\/td>\r\n<\/tr>\r\n<tr>\r\n<td class=\"has-text-align-center\" data-align=\"center\"><img decoding=\"async\" src=\"https:\/\/www.pilous.cz\/user_uploads\/METAL\/Picto_tabulka\/03_obdelnik.jpg\" alt=\"\" \/><\/td>\r\n<td>105 x 110mm<\/td>\r\n<td>65 x 85mm<\/td>\r\n<td>40 x 45mm<\/td>\r\n<\/tr>\r\n<\/tbody>\r\n<\/table>\r\n<\/figure>\r\n<!-- \/wp:table -->\r\n\r\n<!-- wp:paragraph -->\r\n<p>Bands\u00e5gar manuella med sj\u00e4lvmatning utf\u00f6rande. Levereras med l\u00e4ngdanslag. S\u00e5gbygeln kan snabbt inst\u00e4llas f\u00f6r gering som l\u00e5ses mekaniskt. S\u00e5gbladet styrs upp via h\u00e5rdmetallplattor och kullager.<\/p>\r\n<!-- \/wp:paragraph -->\r\n\r\n<!-- wp:paragraph -->\r\n<p>Levereras komplett med motor \u2013 kapslingsklass IP 54, bands\u00e5gsblad med tandning 10 eller 14 och instruktionsbok.<\/p>\r\n<!-- \/wp:paragraph -->\r\n\r\n<!-- wp:paragraph -->\r\n<p>Levereras med 200mm material stopp.<\/p>\r\n<!-- \/wp:paragraph -->\r\n\r\n<!-- wp:buttons -->\r\n<div class=\"wp-block-buttons\"><!-- wp:button {\"backgroundColor\":\"vivid-red\",\"textColor\":\"white\"} -->\r\n<div class=\"wp-block-button\"><a class=\"wp-block-button__link has-white-color has-vivid-red-background-color has-text-color has-background wp-element-button\" href=\"https:\/\/swebalk.com\/wp-content\/uploads\/2023\/08\/arg-105-mobil-en.pdf\" target=\"_blank\" rel=\"noreferrer noopener\">Produktblad ARG 105 MOBIL<\/a><\/div>\r\n<!-- \/wp:button --><\/div>\r\n<!-- \/wp:buttons -->","protected":false},"excerpt":{"rendered":"<p>Motor effekt 230 V, 50 Hz, 0,55 kW S\u00e5gbladets hastighet 55 m\/min. Maskin dimension (min.) 300 x 750 x 450 mm Maskin dimensions (max.) 650 x 850 x 710 mm Vikt 29 kg \u00a0 \u00a0 90\u00b0 +45\u00b0 +60\u00b0 105mm 70mm 40mm 105mm 65mm 40mm 105 x 110mm 65 x 85mm 40 x 45mm Bands\u00e5gar manuella [&hellip;]<\/p>\n","protected":false},"featured_media":2895,"comment_status":"open","ping_status":"closed","template":"","meta":{"_acf_changed":false},"product_brand":[],"product_cat":[43],"product_tag":[],"class_list":{"0":"post-2359","1":"product","2":"type-product","3":"status-publish","4":"has-post-thumbnail","6":"product_cat-sagning-kapning-2","7":"post","8":"post-with-thumbnail","9":"post-with-thumbnail-large","11":"first","12":"instock","13":"shipping-taxable","14":"product-type-simple"},"acf":[],"_links":{"self":[{"href":"https:\/\/swebalk.com\/en\/wp-json\/wp\/v2\/product\/2359","targetHints":{"allow":["GET"]}}],"collection":[{"href":"https:\/\/swebalk.com\/en\/wp-json\/wp\/v2\/product"}],"about":[{"href":"https:\/\/swebalk.com\/en\/wp-json\/wp\/v2\/types\/product"}],"replies":[{"embeddable":true,"href":"https:\/\/swebalk.com\/en\/wp-json\/wp\/v2\/comments?post=2359"}],"wp:featuredmedia":[{"embeddable":true,"href":"https:\/\/swebalk.com\/en\/wp-json\/wp\/v2\/media\/2895"}],"wp:attachment":[{"href":"https:\/\/swebalk.com\/en\/wp-json\/wp\/v2\/media?parent=2359"}],"wp:term":[{"taxonomy":"product_brand","embeddable":true,"href":"https:\/\/swebalk.com\/en\/wp-json\/wp\/v2\/product_brand?post=2359"},{"taxonomy":"product_cat","embeddable":true,"href":"https:\/\/swebalk.com\/en\/wp-json\/wp\/v2\/product_cat?post=2359"},{"taxonomy":"product_tag","embeddable":true,"href":"https:\/\/swebalk.com\/en\/wp-json\/wp\/v2\/product_tag?post=2359"}],"curies":[{"name":"wp","href":"https:\/\/api.w.org\/{rel}","templated":true}]}}