{"id":2358,"date":"2023-09-10T19:29:50","date_gmt":"2023-09-10T19:29:50","guid":{"rendered":"https:\/\/swebalk.com\/?post_type=product&#038;p=2358"},"modified":"2025-01-12T13:15:17","modified_gmt":"2025-01-12T13:15:17","slug":"rundslipmaskin-rsm-c-series","status":"publish","type":"product","link":"https:\/\/swebalk.com\/en\/product\/rundslipmaskin-rsm-c-series\/","title":{"rendered":"Rundslipmaskin RSM C Series"},"content":{"rendered":"<figure class=\"wp-block-table is-style-stripes\">Modellerna i RSM C-serien \u00e4r cylindriska precisionsslipmaskiner avsedda f\u00f6r l\u00e5nga och tyngre arbetsstycken. Serien \u00e4r l\u00e4mplig f\u00f6r bearbetning av enskilda delar s\u00e5v\u00e4l som f\u00f6r sm\u00e5 serietillverkning och erbjuder ytterligare flexibilitet med den interna slipanordningen. Den klassiska designen med en stor maskinb\u00e4dd, markstyrningar och kraftfulla drivningar f\u00f6r arbetsspindeln, slipspindeln och hydraulenheten g\u00f6r dessa maskiner till en kostnadseffektiv l\u00f6sning f\u00f6r precisionsslipning av st\u00f6rre arbetsstycken. RSM C finns i tre olika versioner. F\u00f6r mer info om produkten och tillbeh\u00f6r se produktblad eller kontakta oss.<\/figure>\r\n\r\n\r\n\r\n<figure class=\"wp-block-table is-style-stripes has-small-font-size\">\r\n<table>\r\n<thead>\r\n<tr>\r\n<th>Modell<\/th>\r\n<th>Art. 154100010 -RSM 750 C\u00a0<\/th>\r\n<th>Art. 154100020 &#8211; RSM 1000 C<\/th>\r\n<th>Art. 154100030 &#8211; RSM 1500 C<\/th>\r\n<th>\u00a0<\/th>\r\n<\/tr>\r\n<\/thead>\r\n<tbody>\r\n<tr>\r\n<td>Avst\u00e5nd till centrum (mm)<\/td>\r\n<td>135<\/td>\r\n<td>180<\/td>\r\n<td>180<\/td>\r\n<td>\u00a0<\/td>\r\n<\/tr>\r\n<tr>\r\n<td>Slipdiameter (mm)<\/td>\r\n<td>8 &#8211; 200<\/td>\r\n<td>8 &#8211; 320<\/td>\r\n<td>8 &#8211; 320<\/td>\r\n<td>\u00a0<\/td>\r\n<\/tr>\r\n<tr>\r\n<td>Slipningsl\u00e4ngd (mm)<\/td>\r\n<td>750<\/td>\r\n<td>1000<\/td>\r\n<td>1500<\/td>\r\n<td>\u00a0<\/td>\r\n<\/tr>\r\n<tr>\r\n<td>Inv\u00e4ndig slipdiameter (mm)<\/td>\r\n<td>25 &#8211; 100<\/td>\r\n<td>30 &#8211; 100<\/td>\r\n<td>30 &#8211; 100<\/td>\r\n<td>\u00a0<\/td>\r\n<\/tr>\r\n<tr>\r\n<td>Spindelkona<\/td>\r\n<td>4<\/td>\r\n<td>4<\/td>\r\n<td>4<\/td>\r\n<td>\u00a0<\/td>\r\n<\/tr>\r\n<tr>\r\n<td>Varvtal (m\/min)<\/td>\r\n<td>10000<\/td>\r\n<td>10000<\/td>\r\n<td>10000<\/td>\r\n<td>\u00a0<\/td>\r\n<\/tr>\r\n<tr>\r\n<td>Dubbdocka<\/td>\r\n<td>4<\/td>\r\n<td>4<\/td>\r\n<td>4<\/td>\r\n<td>\u00a0<\/td>\r\n<\/tr>\r\n<tr>\r\n<td>Slipskivan (mm)<\/td>\r\n<td>400 x 50 x 203<\/td>\r\n<td>400 x 50 x 203<\/td>\r\n<td>400 x 50 x 203<\/td>\r\n<td>\u00a0<\/td>\r\n<\/tr>\r\n<tr>\r\n<td>Maskin dimension (m)<\/td>\r\n<td>3 x 1,8 x 1,65<\/td>\r\n<td>3,61 x 1,81 x 1,52<\/td>\r\n<td>4,61 x 1,81 x 1,52<\/td>\r\n<td>\u00a0<\/td>\r\n<\/tr>\r\n<tr>\r\n<td>Vikt<\/td>\r\n<td>3500<\/td>\r\n<td>3700<\/td>\r\n<td>4300<\/td>\r\n<td>\u00a0<\/td>\r\n<\/tr>\r\n<\/tbody>\r\n<\/table>\r\n<\/figure>\r\n\r\n\r\n\r\n<div class=\"wp-block-buttons is-layout-flex wp-block-buttons-is-layout-flex\">\r\n<div class=\"wp-block-button has-custom-width wp-block-button__width-50\"><a class=\"wp-block-button__link has-white-color has-vivid-red-background-color has-text-color has-background wp-element-button\" href=\"https:\/\/swebalk.com\/wp-content\/uploads\/2023\/08\/RSM-750-C-Datasheet.pdf\" target=\"_blank\" rel=\"noreferrer noopener\">Produktblad RSM 750 C<\/a><\/div>\r\n<div>\u00a0<\/div>\r\n\r\n\r\n\r\n<div class=\"wp-block-button has-custom-width wp-block-button__width-50\"><a class=\"wp-block-button__link has-white-color has-vivid-red-background-color has-text-color has-background wp-element-button\" href=\"https:\/\/swebalk.com\/wp-content\/uploads\/2023\/08\/RSM-1000-C-Datasheet.pdf\" target=\"_blank\" rel=\"noreferrer noopener\">Produktblad RSM 1000 C<\/a><\/div>\r\n<div>\u00a0<\/div>\r\n\r\n\r\n\r\n<div class=\"wp-block-button has-custom-width wp-block-button__width-50\"><a class=\"wp-block-button__link has-white-color has-vivid-red-background-color has-text-color has-background wp-element-button\" href=\"https:\/\/swebalk.com\/wp-content\/uploads\/2023\/08\/RSM-1500-C-Datasheet-1.pdf\" target=\"_blank\" rel=\"noreferrer noopener\">Produktblad RSM 1500 C<\/a><\/div>\r\n<div>\u00a0<\/div>\r\n<\/div>","protected":false},"excerpt":{"rendered":"<p>Modellerna i RSM C-serien \u00e4r cylindriska precisionsslipmaskiner avsedda f\u00f6r l\u00e5nga och tyngre arbetsstycken. Serien \u00e4r l\u00e4mplig f\u00f6r bearbetning av enskilda delar s\u00e5v\u00e4l som f\u00f6r sm\u00e5 serietillverkning och erbjuder ytterligare flexibilitet med den interna slipanordningen. Den klassiska designen med en stor maskinb\u00e4dd, markstyrningar och kraftfulla drivningar f\u00f6r arbetsspindeln, slipspindeln och hydraulenheten g\u00f6r dessa maskiner till en [&hellip;]<\/p>\n","protected":false},"featured_media":2890,"comment_status":"open","ping_status":"closed","template":"","meta":{"_acf_changed":false},"product_brand":[],"product_cat":[48],"product_tag":[],"class_list":{"0":"post-2358","1":"product","2":"type-product","3":"status-publish","4":"has-post-thumbnail","6":"product_cat-slipning","7":"post","8":"post-with-thumbnail","9":"post-with-thumbnail-large","11":"first","12":"instock","13":"shipping-taxable","14":"product-type-simple"},"acf":[],"_links":{"self":[{"href":"https:\/\/swebalk.com\/en\/wp-json\/wp\/v2\/product\/2358","targetHints":{"allow":["GET"]}}],"collection":[{"href":"https:\/\/swebalk.com\/en\/wp-json\/wp\/v2\/product"}],"about":[{"href":"https:\/\/swebalk.com\/en\/wp-json\/wp\/v2\/types\/product"}],"replies":[{"embeddable":true,"href":"https:\/\/swebalk.com\/en\/wp-json\/wp\/v2\/comments?post=2358"}],"wp:featuredmedia":[{"embeddable":true,"href":"https:\/\/swebalk.com\/en\/wp-json\/wp\/v2\/media\/2890"}],"wp:attachment":[{"href":"https:\/\/swebalk.com\/en\/wp-json\/wp\/v2\/media?parent=2358"}],"wp:term":[{"taxonomy":"product_brand","embeddable":true,"href":"https:\/\/swebalk.com\/en\/wp-json\/wp\/v2\/product_brand?post=2358"},{"taxonomy":"product_cat","embeddable":true,"href":"https:\/\/swebalk.com\/en\/wp-json\/wp\/v2\/product_cat?post=2358"},{"taxonomy":"product_tag","embeddable":true,"href":"https:\/\/swebalk.com\/en\/wp-json\/wp\/v2\/product_tag?post=2358"}],"curies":[{"name":"wp","href":"https:\/\/api.w.org\/{rel}","templated":true}]}}