{"id":2355,"date":"2023-09-10T19:20:58","date_gmt":"2023-09-10T19:20:58","guid":{"rendered":"https:\/\/swebalk.com\/?post_type=product&#038;p=2355"},"modified":"2024-05-12T17:22:28","modified_gmt":"2024-05-12T17:22:28","slug":"radialborrmaskin-ksr-50-vt","status":"publish","type":"product","link":"https:\/\/swebalk.com\/en\/product\/radialborrmaskin-ksr-50-vt\/","title":{"rendered":"Radialborrmaskin KSR 50 VT"},"content":{"rendered":"<div class=\"wp-block-columns\">\r\n<div class=\"wp-block-column\">\r\n<div class=\"wp-block-columns\">\r\n<div class=\"wp-block-column\">\r\n<figure class=\"wp-block-image size-full\">\r\n<table>\r\n<tbody>\r\n<tr>\r\n<td>Borr kapacitet<\/td>\r\n<td>50 mm<\/td>\r\n<\/tr>\r\n<tr>\r\n<td>G\u00e4ngnings kapacitet<\/td>\r\n<td>M32<\/td>\r\n<\/tr>\r\n<tr>\r\n<td>Pelare diameter<\/td>\r\n<td>220 mm<\/td>\r\n<\/tr>\r\n<tr>\r\n<td>F\u00f6rflyttningsstr\u00e4cka borrhuvud<\/td>\r\n<td>960 mm<\/td>\r\n<\/tr>\r\n<tr>\r\n<td>Avst\u00e5nd spindel &#8211; bord<\/td>\r\n<td>760 mm<\/td>\r\n<\/tr>\r\n<tr>\r\n<td>Arbetsbord<\/td>\r\n<td>1200 x 505 mm<\/td>\r\n<\/tr>\r\n<tr>\r\n<td>Pinol r\u00f6relse<\/td>\r\n<td>200 mm<\/td>\r\n<\/tr>\r\n<tr>\r\n<td>Varvtal<\/td>\r\n<td>50 v\/min \u2013 2000 v\/min<\/td>\r\n<\/tr>\r\n<tr>\r\n<td>Spindelkona<\/td>\r\n<td>MT 4<\/td>\r\n<\/tr>\r\n<tr>\r\n<td>Motor effekt<\/td>\r\n<td>3 kW<\/td>\r\n<\/tr>\r\n<tr>\r\n<td>Dimension (LxBxH)<\/td>\r\n<td>1,72 x 1,2 x 2,25 m<\/td>\r\n<\/tr>\r\n<tr>\r\n<td>Vikt<\/td>\r\n<td>2740 kg<\/td>\r\n<\/tr>\r\n<\/tbody>\r\n<\/table>\r\n<\/figure>\r\n<\/div>\r\n<\/div>\r\n<\/div>\r\n<div class=\"wp-block-column\">\r\n\r\n<strong>Standard utrustning:<\/strong> \r\n\r\n\r\n<ul class=\"wp-block-list\">\r\n<li>Kontrollpanel &#8221;Touch screen&#8221;<\/li>\r\n\r\n\r\n\r\n<li>Reduceringshylsor 4 st.<\/li>\r\n\r\n\r\n\r\n<li>Borrchuck skydd<\/li>\r\n\r\n\r\n\r\n<li>Kylsystem<\/li>\r\n\r\n\r\n\r\n<li>Uppsp\u00e4nningsbord<\/li>\r\n\r\n\r\n\r\n<li>Arbetsbelysning<\/li>\r\n\r\n\r\n\r\n<li>mm&#8230;<\/li>\r\n<\/ul>\r\n<\/div>\r\n<!-- \/wp:post-content --><\/div>\r\n<!-- \/wp:columns -->\r\n\r\n<!-- wp:paragraph -->\r\n<p>H\u00f6ghastighets radialborrmaskinerna i KSR-serien sparar tid och pengar. Maskinen erbjuder unik flexibilitet med sp\u00e4nnytor f\u00f6r olika applikationer p\u00e5 tre sidor. KSR VT har ocks\u00e5 en elektroniskt styrd servopinolmatning och en peksk\u00e4rmsfunktionsdisplay, som st\u00f6djer valet av korrekta bearbetnings parametrar f\u00f6r borrning och g\u00e4ngsk\u00e4rning. Den idealiska l\u00f6sningen fr\u00e5n enkel bearbetning till sm\u00e5 serietillverkning, som ofta anv\u00e4nds vid underh\u00e5llsverkst\u00e4der.<\/p>\r\n<!-- \/wp:paragraph -->\r\n\r\n<!-- wp:buttons -->\r\n<div class=\"wp-block-buttons\"><!-- wp:button {\"backgroundColor\":\"vivid-red\",\"textColor\":\"white\"} -->\r\n<div class=\"wp-block-button\"><a class=\"wp-block-button__link has-white-color has-vivid-red-background-color has-text-color has-background wp-element-button\" href=\"https:\/\/swebalk.com\/wp-content\/uploads\/2023\/08\/KSR-50-VT-Datasheet.pdf\" target=\"_blank\" rel=\"noreferrer noopener\">Produktblad KSR 50 VT<\/a><\/div>\r\n<!-- \/wp:button --><\/div>\r\n<!-- \/wp:buttons -->","protected":false},"excerpt":{"rendered":"<p>Borr kapacitet 50 mm G\u00e4ngnings kapacitet M32 Pelare diameter 220 mm F\u00f6rflyttningsstr\u00e4cka borrhuvud 960 mm Avst\u00e5nd spindel &#8211; bord 760 mm Arbetsbord 1200 x 505 mm Pinol r\u00f6relse 200 mm Varvtal 50 v\/min \u2013 2000 v\/min Spindelkona MT 4 Motor effekt 3 kW Dimension (LxBxH) 1,72 x 1,2 x 2,25 m Vikt 2740 kg Standard [&hellip;]<\/p>\n","protected":false},"featured_media":2863,"comment_status":"open","ping_status":"closed","template":"","meta":{"_acf_changed":false},"product_brand":[],"product_cat":[31],"product_tag":[],"class_list":{"0":"post-2355","1":"product","2":"type-product","3":"status-publish","4":"has-post-thumbnail","6":"product_cat-borrning","7":"post","8":"post-with-thumbnail","9":"post-with-thumbnail-large","11":"first","12":"instock","13":"shipping-taxable","14":"product-type-simple"},"acf":[],"_links":{"self":[{"href":"https:\/\/swebalk.com\/en\/wp-json\/wp\/v2\/product\/2355","targetHints":{"allow":["GET"]}}],"collection":[{"href":"https:\/\/swebalk.com\/en\/wp-json\/wp\/v2\/product"}],"about":[{"href":"https:\/\/swebalk.com\/en\/wp-json\/wp\/v2\/types\/product"}],"replies":[{"embeddable":true,"href":"https:\/\/swebalk.com\/en\/wp-json\/wp\/v2\/comments?post=2355"}],"wp:featuredmedia":[{"embeddable":true,"href":"https:\/\/swebalk.com\/en\/wp-json\/wp\/v2\/media\/2863"}],"wp:attachment":[{"href":"https:\/\/swebalk.com\/en\/wp-json\/wp\/v2\/media?parent=2355"}],"wp:term":[{"taxonomy":"product_brand","embeddable":true,"href":"https:\/\/swebalk.com\/en\/wp-json\/wp\/v2\/product_brand?post=2355"},{"taxonomy":"product_cat","embeddable":true,"href":"https:\/\/swebalk.com\/en\/wp-json\/wp\/v2\/product_cat?post=2355"},{"taxonomy":"product_tag","embeddable":true,"href":"https:\/\/swebalk.com\/en\/wp-json\/wp\/v2\/product_tag?post=2355"}],"curies":[{"name":"wp","href":"https:\/\/api.w.org\/{rel}","templated":true}]}}