{"id":2352,"date":"2023-09-10T19:16:31","date_gmt":"2023-09-10T19:16:31","guid":{"rendered":"https:\/\/swebalk.com\/?post_type=product&#038;p=2352"},"modified":"2024-08-07T01:44:43","modified_gmt":"2024-08-07T01:44:43","slug":"roravgradadningsmaskin-em-250","status":"publish","type":"product","link":"https:\/\/swebalk.com\/en\/product\/roravgradadningsmaskin-em-250\/","title":{"rendered":"R\u00f6ravgradadningsmaskin EM 250"},"content":{"rendered":"<p>EM r\u00f6r- och profilavgradningsmaskin \u00e4r det perfekta till\u00e4gget till alla kalls\u00e5gar, saxar, hack- eller profil\u00e4ndbearbetningsmaskiner. En robust st\u00e5lborste kan anv\u00e4ndas f\u00f6r att ta bort sp\u00e5n och grader som inte har lossnat helt. Sj\u00e4lva sk\u00e4reggen f\u00f6rblir of\u00f6r\u00e4ndrad. Idealisk f\u00f6r varje verkstad med r\u00f6rbearbetning inom industri.<\/p>\r\n<div class=\"wp-block-columns\">\r\n<div class=\"wp-block-column\">\r\n\r\n\r\n<figure class=\"wp-block-table is-style-stripes\">\r\n<table>\r\n<tbody>\r\n<tr>\r\n<td>Hastighet<\/td>\r\n<td>3000 v\/min<\/td>\r\n<\/tr>\r\n<tr>\r\n<td>Motor effekt<\/td>\r\n<td>2,2 kW<\/td>\r\n<\/tr>\r\n<tr>\r\n<td>Borst dimension<\/td>\r\n<td>250 x 45 x 24 mm<\/td>\r\n<\/tr>\r\n<tr>\r\n<td>Maskin dimension<\/td>\r\n<td>0,33 x 0,64 x 1,16 m<\/td>\r\n<\/tr>\r\n<tr>\r\n<td>Vikt<\/td>\r\n<td>50 kg<\/td>\r\n<\/tr>\r\n<\/tbody>\r\n<\/table>\r\n<\/figure>\r\n<\/div>\r\n<!-- \/wp:post-content --><\/div>\r\n<!-- \/wp:columns -->\r\n\r\n<!-- wp:buttons -->\r\n<div class=\"wp-block-buttons\"><!-- wp:button {\"backgroundColor\":\"vivid-red\",\"textColor\":\"white\"} -->\r\n<div class=\"wp-block-button\"><a class=\"wp-block-button__link has-white-color has-vivid-red-background-color has-text-color has-background wp-element-button\" href=\"https:\/\/swebalk.com\/wp-content\/uploads\/2023\/08\/EM-250-Tube-and-Profile-Bending-Machine-Datasheet.pdf\" target=\"_blank\" rel=\"noreferrer noopener\">Produktblad EM 250<\/a><\/div>\r\n<!-- \/wp:button --><\/div>\r\n<!-- \/wp:buttons -->","protected":false},"excerpt":{"rendered":"<p>EM r\u00f6r- och profilavgradningsmaskin \u00e4r det perfekta till\u00e4gget till alla kalls\u00e5gar, saxar, hack- eller profil\u00e4ndbearbetningsmaskiner. En robust st\u00e5lborste kan anv\u00e4ndas f\u00f6r att ta bort sp\u00e5n och grader som inte har lossnat helt. Sj\u00e4lva sk\u00e4reggen f\u00f6rblir of\u00f6r\u00e4ndrad. Idealisk f\u00f6r varje verkstad med r\u00f6rbearbetning inom industri. Hastighet 3000 v\/min Motor effekt 2,2 kW Borst dimension 250 x [&hellip;]<\/p>\n","protected":false},"featured_media":2849,"comment_status":"open","ping_status":"closed","template":"","meta":{"_acf_changed":false},"product_brand":[],"product_cat":[45],"product_tag":[],"class_list":{"0":"post-2352","1":"product","2":"type-product","3":"status-publish","4":"has-post-thumbnail","6":"product_cat-rorbearbetning-ringbocking-2","7":"post","8":"post-with-thumbnail","9":"post-with-thumbnail-large","11":"first","12":"instock","13":"shipping-taxable","14":"product-type-simple"},"acf":[],"_links":{"self":[{"href":"https:\/\/swebalk.com\/en\/wp-json\/wp\/v2\/product\/2352","targetHints":{"allow":["GET"]}}],"collection":[{"href":"https:\/\/swebalk.com\/en\/wp-json\/wp\/v2\/product"}],"about":[{"href":"https:\/\/swebalk.com\/en\/wp-json\/wp\/v2\/types\/product"}],"replies":[{"embeddable":true,"href":"https:\/\/swebalk.com\/en\/wp-json\/wp\/v2\/comments?post=2352"}],"wp:featuredmedia":[{"embeddable":true,"href":"https:\/\/swebalk.com\/en\/wp-json\/wp\/v2\/media\/2849"}],"wp:attachment":[{"href":"https:\/\/swebalk.com\/en\/wp-json\/wp\/v2\/media?parent=2352"}],"wp:term":[{"taxonomy":"product_brand","embeddable":true,"href":"https:\/\/swebalk.com\/en\/wp-json\/wp\/v2\/product_brand?post=2352"},{"taxonomy":"product_cat","embeddable":true,"href":"https:\/\/swebalk.com\/en\/wp-json\/wp\/v2\/product_cat?post=2352"},{"taxonomy":"product_tag","embeddable":true,"href":"https:\/\/swebalk.com\/en\/wp-json\/wp\/v2\/product_tag?post=2352"}],"curies":[{"name":"wp","href":"https:\/\/api.w.org\/{rel}","templated":true}]}}