{"id":2351,"date":"2023-09-10T19:14:31","date_gmt":"2023-09-10T19:14:31","guid":{"rendered":"https:\/\/swebalk.com\/?post_type=product&#038;p=2351"},"modified":"2024-05-13T08:33:31","modified_gmt":"2024-05-13T08:33:31","slug":"universalfrasmaskin-vhf-2-2","status":"publish","type":"product","link":"https:\/\/swebalk.com\/en\/product\/universalfrasmaskin-vhf-2-2\/","title":{"rendered":"Universalfr\u00e4smaskin VHF 2.2"},"content":{"rendered":"<div class=\"wp-block-columns\">\r\n<div class=\"wp-block-column\">\r\n<figure class=\"wp-block-table is-style-stripes has-small-font-size\">\r\n<table>\r\n<tbody>\r\n<tr>\r\n<td>Arbetsbord<\/td>\r\n<td>1270 x 280 mm<\/td>\r\n<\/tr>\r\n<tr>\r\n<td>Arbetsbord belastning<\/td>\r\n<td>150 kg<\/td>\r\n<\/tr>\r\n<tr>\r\n<td>Borrnings kapacitet<\/td>\r\n<td>30 mm<\/td>\r\n<\/tr>\r\n<tr>\r\n<td>Fr\u00e4sning kapacitet<\/td>\r\n<td>25 mm<\/td>\r\n<\/tr>\r\n<tr>\r\n<td>G\u00e4ngning kapacitet<\/td>\r\n<td>M16<\/td>\r\n<\/tr>\r\n<tr>\r\n<td>X-axel r\u00f6relse<\/td>\r\n<td>700 mm<\/td>\r\n<\/tr>\r\n<tr>\r\n<td>Y-axel r\u00f6relse<\/td>\r\n<td>210 mm<\/td>\r\n<\/tr>\r\n<tr>\r\n<td>Z-axel r\u00f6relse<\/td>\r\n<td>310 mm<\/td>\r\n<\/tr>\r\n<tr>\r\n<td>Varvtal (vertikal)<\/td>\r\n<td>115 \u2013 1750 v\/min<\/td>\r\n<\/tr>\r\n<tr>\r\n<td>Spindelkona<\/td>\r\n<td>ISO 40<\/td>\r\n<\/tr>\r\n<tr>\r\n<td>Avst\u00e5nd spindel &#8211; bord<\/td>\r\n<td>50 &#8211; 375 mm<\/td>\r\n<\/tr>\r\n<tr>\r\n<td>Avst\u00e5nd spindel &#8211; pelare<\/td>\r\n<td>200 &#8211; 650 mm<\/td>\r\n<\/tr>\r\n<tr>\r\n<td>Varvtal horisontell spindel<\/td>\r\n<td>40 \u2013 1300 v\/min<\/td>\r\n<\/tr>\r\n<tr>\r\n<td>Spindelkona horisontell<\/td>\r\n<td>ISO 40<\/td>\r\n<\/tr>\r\n<tr>\r\n<td>Horisontell avst\u00e5nd spindel &#8211; pelare<\/td>\r\n<td>0 &#8211; 310 mm<\/td>\r\n<\/tr>\r\n<tr>\r\n<td>Motor effekt horisontell<\/td>\r\n<td>2,2 kW<\/td>\r\n<\/tr>\r\n<tr>\r\n<td>Motor effekt vertikal<\/td>\r\n<td>0,8 &#8211; 1,5 kW<\/td>\r\n<\/tr>\r\n<tr>\r\n<td>Dimension (LxBxH)<\/td>\r\n<td>1,7 x 1,45 x 2,45 m<\/td>\r\n<\/tr>\r\n<tr>\r\n<td>Vikt<\/td>\r\n<td>1400 kg<\/td>\r\n<\/tr>\r\n<\/tbody>\r\n<\/table>\r\n<\/figure>\r\n\r\n\r\n<strong>Standard utrustning<\/strong>: \r\n\r\n\r\n<ul class=\"wp-block-list\">\r\n<li>3-axis DRO, X.pos 3.2<\/li>\r\n\r\n\r\n\r\n<li>Arborrverktyg \u00d827 mm<\/li>\r\n\r\n\r\n\r\n<li>Kyl system<\/li>\r\n\r\n\r\n\r\n<li>M16 dragst\u00e5ng<\/li>\r\n\r\n\r\n\r\n<li>Sp\u00e5npanna<\/li>\r\n\r\n\r\n\r\n<li>Arbetsbelysning<\/li>\r\n\r\n\r\n\r\n<li>Verktygsl\u00e5da<\/li>\r\n\r\n\r\n\r\n<li>Instruktionsbok<\/li>\r\n<\/ul>\r\n<\/div>\r\n<!-- \/wp:post-content --><\/div>\r\n<!-- \/wp:columns -->\r\n\r\n<!-- wp:paragraph -->\r\n<p>VHF-seriens fr\u00e4smaskiner har stora r\u00f6relser, en vertikal och horisontell spindel med separata drivningar f\u00f6r kraftfull bearbetning. Det vertikala huvudet sv\u00e4nger ut (\u00b145\u00b0). Alla modeller i denna serie \u00e4r idealiska f\u00f6r applikationer i underh\u00e5llsverkst\u00e4der eller f\u00f6r utbildningar.<\/p>\r\n<!-- \/wp:paragraph -->\r\n\r\n<!-- wp:buttons -->\r\n<div class=\"wp-block-buttons\"><!-- wp:button {\"backgroundColor\":\"vivid-red\",\"textColor\":\"white\"} -->\r\n<div class=\"wp-block-button\"><a class=\"wp-block-button__link has-white-color has-vivid-red-background-color has-text-color has-background wp-element-button\" href=\"https:\/\/swebalk.com\/wp-content\/uploads\/2023\/08\/VHF-2.2-Datasheet.pdf\" target=\"_blank\" rel=\"noreferrer noopener\">Produktblad VHF 2,2<\/a><\/div>\r\n<!-- \/wp:button --><\/div>\r\n<!-- \/wp:buttons -->","protected":false},"excerpt":{"rendered":"<p>Arbetsbord 1270 x 280 mm Arbetsbord belastning 150 kg Borrnings kapacitet 30 mm Fr\u00e4sning kapacitet 25 mm G\u00e4ngning kapacitet M16 X-axel r\u00f6relse 700 mm Y-axel r\u00f6relse 210 mm Z-axel r\u00f6relse 310 mm Varvtal (vertikal) 115 \u2013 1750 v\/min Spindelkona ISO 40 Avst\u00e5nd spindel &#8211; bord 50 &#8211; 375 mm Avst\u00e5nd spindel &#8211; pelare 200 &#8211; [&hellip;]<\/p>\n","protected":false},"featured_media":2842,"comment_status":"open","ping_status":"closed","template":"","meta":{"_acf_changed":false},"product_brand":[],"product_cat":[47],"product_tag":[],"class_list":{"0":"post-2351","1":"product","2":"type-product","3":"status-publish","4":"has-post-thumbnail","6":"product_cat-frasning","7":"post","8":"post-with-thumbnail","9":"post-with-thumbnail-large","11":"first","12":"instock","13":"shipping-taxable","14":"product-type-simple"},"acf":[],"_links":{"self":[{"href":"https:\/\/swebalk.com\/en\/wp-json\/wp\/v2\/product\/2351","targetHints":{"allow":["GET"]}}],"collection":[{"href":"https:\/\/swebalk.com\/en\/wp-json\/wp\/v2\/product"}],"about":[{"href":"https:\/\/swebalk.com\/en\/wp-json\/wp\/v2\/types\/product"}],"replies":[{"embeddable":true,"href":"https:\/\/swebalk.com\/en\/wp-json\/wp\/v2\/comments?post=2351"}],"wp:featuredmedia":[{"embeddable":true,"href":"https:\/\/swebalk.com\/en\/wp-json\/wp\/v2\/media\/2842"}],"wp:attachment":[{"href":"https:\/\/swebalk.com\/en\/wp-json\/wp\/v2\/media?parent=2351"}],"wp:term":[{"taxonomy":"product_brand","embeddable":true,"href":"https:\/\/swebalk.com\/en\/wp-json\/wp\/v2\/product_brand?post=2351"},{"taxonomy":"product_cat","embeddable":true,"href":"https:\/\/swebalk.com\/en\/wp-json\/wp\/v2\/product_cat?post=2351"},{"taxonomy":"product_tag","embeddable":true,"href":"https:\/\/swebalk.com\/en\/wp-json\/wp\/v2\/product_tag?post=2351"}],"curies":[{"name":"wp","href":"https:\/\/api.w.org\/{rel}","templated":true}]}}